{"id":1204,"date":"2019-08-07T09:35:47","date_gmt":"2019-08-07T09:35:47","guid":{"rendered":"https:\/\/luciaphone.ch\/?page_id=1204"},"modified":"2023-12-18T12:50:00","modified_gmt":"2023-12-18T12:50:00","slug":"ueber-uns","status":"publish","type":"page","link":"https:\/\/luciaphone.ch\/de\/ueber-uns\/","title":{"rendered":"\u00dcber uns"},"content":{"rendered":"<p>Antarus\u00a0AG hat sich der Entwicklung und der Herstellung von Mobiltelefonen mit speziellen F\u00e4higkeiten verschrieben. Wir kombinieren modernste Technologie mit einem tiefgreifenden Verst\u00e4ndnis der Barrierefreiheit und der Bed\u00fcrfnisse von Menschen mit einer Behinderung, um einzigartige L\u00f6sungen anzubieten. Die L\u00f6sungen von Antarus\u00a0AG sind optimal auf die Anforderungen solcher Benutzer zugeschnitten. Wir glauben an eine Welt der barrierefreien Kommunikation und an herausragende, erschwingliche Assistenz-Technologie. Unsere Mobiltelefone bieten h\u00f6chsten Schweizer Qualit\u00e4tsstandard. Antarus\u00a0AG engagiert sich f\u00fcr Nachhaltigkeit. Unsere Produktverpackungen bestehen ausschlie\u00dflich aus Papier und sind vollst\u00e4ndig recycelbar und biologisch abbaubar. Antarus\u00a0SA ist ein Schweizer Unternehmen mit Sitz im Kanton Thurgau.<\/p>\r\n<p>Unternehmens-Identifikationsnummer: CHE-188.796.290<\/p>\r\n<p>Mehrwertsteuernummer: CHE-188.796.290\u00a0MWST;\u00a0USt-IdNr.: DE319847854 \u00a0<\/p>","protected":false},"excerpt":{"rendered":"Antarus\u00a0AG hat sich der Entwicklung und der Herstellung von Mobiltelefonen mit speziellen F\u00e4higkeiten verschrieben. Wir kombinieren modernste Technologie mit einem tiefgreifenden Verst\u00e4ndnis der Barrierefreiheit und der Bed\u00fcrfnisse von Menschen mit einer Behinderung, um einzigartige L\u00f6sungen anzubieten. Die L\u00f6sungen von Antarus\u00a0AG sind optimal auf die Anforderungen solcher Benutzer zugeschnitten. Wir glauben an eine Welt der barrierefreien&nbsp; <a href=\"https:\/\/luciaphone.ch\/de\/ueber-uns\/\">&hellip; Read more <i class=\"glyphicon glyphicon-arrow-right\"><\/i><\/a><\/p>","protected":false},"author":1,"featured_media":0,"parent":0,"menu_order":0,"comment_status":"closed","ping_status":"closed","template":"templates\/aboutus.php","meta":{"_monsterinsights_skip_tracking":false,"_monsterinsights_sitenote_active":false,"_monsterinsights_sitenote_note":"","_monsterinsights_sitenote_category":0,"footnotes":""},"class_list":["post-1204","page","type-page","status-publish","hentry"],"acf":[],"yoast_head":"<!-- This site is optimized with the Yoast SEO plugin v20.4 - https:\/\/yoast.com\/wordpress\/plugins\/seo\/ -->\n<title>\u00dcber uns &ndash; Lucia<\/title>\n<meta name=\"robots\" content=\"index, follow, max-snippet:-1, max-image-preview:large, max-video-preview:-1\" \/>\n<link rel=\"canonical\" href=\"https:\/\/luciaphone.ch\/de\/ueber-uns\/\" \/>\n<meta property=\"og:locale\" content=\"de_DE\" \/>\n<meta property=\"og:type\" content=\"article\" \/>\n<meta property=\"og:title\" content=\"\u00dcber uns &ndash; Lucia\" \/>\n<meta property=\"og:description\" content=\"Antarus\u00a0AG hat sich der Entwicklung und der Herstellung von Mobiltelefonen mit speziellen F\u00e4higkeiten verschrieben. Wir kombinieren modernste Technologie mit einem tiefgreifenden Verst\u00e4ndnis der Barrierefreiheit und der Bed\u00fcrfnisse von Menschen mit einer Behinderung, um einzigartige L\u00f6sungen anzubieten. Die L\u00f6sungen von Antarus\u00a0AG sind optimal auf die Anforderungen solcher Benutzer zugeschnitten. Wir glauben an eine Welt der barrierefreien&nbsp; &hellip; Read more\" \/>\n<meta property=\"og:url\" content=\"https:\/\/luciaphone.ch\/de\/ueber-uns\/\" \/>\n<meta property=\"og:site_name\" content=\"Lucia\" \/>\n<meta property=\"article:modified_time\" content=\"2023-12-18T12:50:00+00:00\" \/>\n<meta name=\"twitter:card\" content=\"summary_large_image\" \/>\n<meta name=\"twitter:label1\" content=\"Gesch\u00e4tzte Lesezeit\" \/>\n\t<meta name=\"twitter:data1\" content=\"1\u00a0Minute\" \/>\n<script type=\"application\/ld+json\" class=\"yoast-schema-graph\">{\"@context\":\"https:\/\/schema.org\",\"@graph\":[{\"@type\":\"WebPage\",\"@id\":\"https:\/\/luciaphone.ch\/de\/ueber-uns\/\",\"url\":\"https:\/\/luciaphone.ch\/de\/ueber-uns\/\",\"name\":\"\u00dcber uns &ndash; Lucia\",\"isPartOf\":{\"@id\":\"https:\/\/luciaphone.ch\/de\/#website\"},\"datePublished\":\"2019-08-07T09:35:47+00:00\",\"dateModified\":\"2023-12-18T12:50:00+00:00\",\"breadcrumb\":{\"@id\":\"https:\/\/luciaphone.ch\/de\/ueber-uns\/#breadcrumb\"},\"inLanguage\":\"de\",\"potentialAction\":[{\"@type\":\"ReadAction\",\"target\":[\"https:\/\/luciaphone.ch\/de\/ueber-uns\/\"]}]},{\"@type\":\"BreadcrumbList\",\"@id\":\"https:\/\/luciaphone.ch\/de\/ueber-uns\/#breadcrumb\",\"itemListElement\":[{\"@type\":\"ListItem\",\"position\":1,\"name\":\"Home\",\"item\":\"https:\/\/luciaphone.ch\/de\/\"},{\"@type\":\"ListItem\",\"position\":2,\"name\":\"\u00dcber uns\"}]},{\"@type\":\"WebSite\",\"@id\":\"https:\/\/luciaphone.ch\/de\/#website\",\"url\":\"https:\/\/luciaphone.ch\/de\/\",\"name\":\"Lucia\",\"description\":\"For Individuals Who Are Blind, Low Vision, Hard of Hearing or Seniors\",\"publisher\":{\"@id\":\"https:\/\/luciaphone.ch\/de\/#organization\"},\"potentialAction\":[{\"@type\":\"SearchAction\",\"target\":{\"@type\":\"EntryPoint\",\"urlTemplate\":\"https:\/\/luciaphone.ch\/de\/?s={search_term_string}\"},\"query-input\":\"required name=search_term_string\"}],\"inLanguage\":\"de\"},{\"@type\":\"Organization\",\"@id\":\"https:\/\/luciaphone.ch\/de\/#organization\",\"name\":\"Lucia Phone\",\"alternateName\":\"Luciaphone\",\"url\":\"https:\/\/luciaphone.ch\/de\/\",\"logo\":{\"@type\":\"ImageObject\",\"inLanguage\":\"de\",\"@id\":\"https:\/\/luciaphone.ch\/de\/#\/schema\/logo\/image\/\",\"url\":\"https:\/\/luciaphone.ch\/wp-content\/uploads\/2019\/07\/lucia-logo-invoice.jpg\",\"contentUrl\":\"https:\/\/luciaphone.ch\/wp-content\/uploads\/2019\/07\/lucia-logo-invoice.jpg\",\"width\":300,\"height\":87,\"caption\":\"Lucia Phone\"},\"image\":{\"@id\":\"https:\/\/luciaphone.ch\/de\/#\/schema\/logo\/image\/\"}}]}<\/script>\n<!-- \/ Yoast SEO plugin. -->","yoast_head_json":{"title":"\u00dcber uns &ndash; Lucia","robots":{"index":"index","follow":"follow","max-snippet":"max-snippet:-1","max-image-preview":"max-image-preview:large","max-video-preview":"max-video-preview:-1"},"canonical":"https:\/\/luciaphone.ch\/de\/ueber-uns\/","og_locale":"de_DE","og_type":"article","og_title":"\u00dcber uns &ndash; Lucia","og_description":"Antarus\u00a0AG hat sich der Entwicklung und der Herstellung von Mobiltelefonen mit speziellen F\u00e4higkeiten verschrieben. Wir kombinieren modernste Technologie mit einem tiefgreifenden Verst\u00e4ndnis der Barrierefreiheit und der Bed\u00fcrfnisse von Menschen mit einer Behinderung, um einzigartige L\u00f6sungen anzubieten. Die L\u00f6sungen von Antarus\u00a0AG sind optimal auf die Anforderungen solcher Benutzer zugeschnitten. Wir glauben an eine Welt der barrierefreien&nbsp; &hellip; Read more","og_url":"https:\/\/luciaphone.ch\/de\/ueber-uns\/","og_site_name":"Lucia","article_modified_time":"2023-12-18T12:50:00+00:00","twitter_card":"summary_large_image","twitter_misc":{"Gesch\u00e4tzte Lesezeit":"1\u00a0Minute"},"schema":{"@context":"https:\/\/schema.org","@graph":[{"@type":"WebPage","@id":"https:\/\/luciaphone.ch\/de\/ueber-uns\/","url":"https:\/\/luciaphone.ch\/de\/ueber-uns\/","name":"\u00dcber uns &ndash; Lucia","isPartOf":{"@id":"https:\/\/luciaphone.ch\/de\/#website"},"datePublished":"2019-08-07T09:35:47+00:00","dateModified":"2023-12-18T12:50:00+00:00","breadcrumb":{"@id":"https:\/\/luciaphone.ch\/de\/ueber-uns\/#breadcrumb"},"inLanguage":"de","potentialAction":[{"@type":"ReadAction","target":["https:\/\/luciaphone.ch\/de\/ueber-uns\/"]}]},{"@type":"BreadcrumbList","@id":"https:\/\/luciaphone.ch\/de\/ueber-uns\/#breadcrumb","itemListElement":[{"@type":"ListItem","position":1,"name":"Home","item":"https:\/\/luciaphone.ch\/de\/"},{"@type":"ListItem","position":2,"name":"\u00dcber uns"}]},{"@type":"WebSite","@id":"https:\/\/luciaphone.ch\/de\/#website","url":"https:\/\/luciaphone.ch\/de\/","name":"Lucia","description":"For Individuals Who Are Blind, Low Vision, Hard of Hearing or Seniors","publisher":{"@id":"https:\/\/luciaphone.ch\/de\/#organization"},"potentialAction":[{"@type":"SearchAction","target":{"@type":"EntryPoint","urlTemplate":"https:\/\/luciaphone.ch\/de\/?s={search_term_string}"},"query-input":"required name=search_term_string"}],"inLanguage":"de"},{"@type":"Organization","@id":"https:\/\/luciaphone.ch\/de\/#organization","name":"Lucia Phone","alternateName":"Luciaphone","url":"https:\/\/luciaphone.ch\/de\/","logo":{"@type":"ImageObject","inLanguage":"de","@id":"https:\/\/luciaphone.ch\/de\/#\/schema\/logo\/image\/","url":"https:\/\/luciaphone.ch\/wp-content\/uploads\/2019\/07\/lucia-logo-invoice.jpg","contentUrl":"https:\/\/luciaphone.ch\/wp-content\/uploads\/2019\/07\/lucia-logo-invoice.jpg","width":300,"height":87,"caption":"Lucia Phone"},"image":{"@id":"https:\/\/luciaphone.ch\/de\/#\/schema\/logo\/image\/"}}]}},"_links":{"self":[{"href":"https:\/\/luciaphone.ch\/de\/wp-json\/wp\/v2\/pages\/1204","targetHints":{"allow":["GET"]}}],"collection":[{"href":"https:\/\/luciaphone.ch\/de\/wp-json\/wp\/v2\/pages"}],"about":[{"href":"https:\/\/luciaphone.ch\/de\/wp-json\/wp\/v2\/types\/page"}],"author":[{"embeddable":true,"href":"https:\/\/luciaphone.ch\/de\/wp-json\/wp\/v2\/users\/1"}],"replies":[{"embeddable":true,"href":"https:\/\/luciaphone.ch\/de\/wp-json\/wp\/v2\/comments?post=1204"}],"version-history":[{"count":3,"href":"https:\/\/luciaphone.ch\/de\/wp-json\/wp\/v2\/pages\/1204\/revisions"}],"predecessor-version":[{"id":14633,"href":"https:\/\/luciaphone.ch\/de\/wp-json\/wp\/v2\/pages\/1204\/revisions\/14633"}],"wp:attachment":[{"href":"https:\/\/luciaphone.ch\/de\/wp-json\/wp\/v2\/media?parent=1204"}],"curies":[{"name":"wp","href":"https:\/\/api.w.org\/{rel}","templated":true}]}}