{"id":1219,"date":"2019-08-07T09:46:51","date_gmt":"2019-08-07T09:46:51","guid":{"rendered":"https:\/\/luciaphone.ch\/?page_id=1219"},"modified":"2023-04-03T19:48:52","modified_gmt":"2023-04-03T19:48:52","slug":"informationen-zur-batterieentsorgung","status":"publish","type":"page","link":"https:\/\/luciaphone.ch\/de\/informationen-zur-batterieentsorgung\/","title":{"rendered":"Hinweise zur Batterieentsorgung"},"content":{"rendered":"<p><span style=\"font-size: 14px;\">Im Zusammenhang mit dem Vertrieb von Batterien oder mit der Lieferung von Ger\u00e4ten, die Batterien enthalten, sind wir verpflichtet, Sie auf folgendes hinzuweisen:<br \/>\r\nSie sind zur R\u00fcckgabe gebrauchter Batterien als Endnutzer gesetzlich verpflichtet. Sie k\u00f6nnen Altbatterien, die wir als Neubatterien im Sortiment f\u00fchren oder gef\u00fchrt haben, unentgeltlich an unserem Versandlager (Versandadresse) zur\u00fcckgeben. Die auf den Batterien abgebildeten Symbole haben folgende Bedeutung:<br \/>\r\nDas Symbol der durchgekreuzten M\u00fclltonne bedeutet, dass die Batterie nicht in den Hausm\u00fcll gegeben werden darf.<br \/>\r\nPb = Batterie enth\u00e4lt mehr als 0,004 Masseprozent Blei<br \/>\r\nCd = Batterie enth\u00e4lt mehr als 0,002 Masseprozent Cadmium<br \/>\r\nHg = Batterie enth\u00e4lt mehr als 0,0005 Masseprozent Quecksilber.<\/span><\/p>\r\n<p><span style=\"font-size: 14px;\">Bitte beachten Sie die vorstehenden Hinweise.<\/span><\/p>","protected":false},"excerpt":{"rendered":"Im Zusammenhang mit dem Vertrieb von Batterien oder mit der Lieferung von Ger\u00e4ten, die Batterien enthalten, sind wir verpflichtet, Sie auf folgendes hinzuweisen: Sie sind zur R\u00fcckgabe gebrauchter Batterien als Endnutzer gesetzlich verpflichtet. Sie k\u00f6nnen Altbatterien, die wir als Neubatterien im Sortiment f\u00fchren oder gef\u00fchrt haben, unentgeltlich an unserem Versandlager (Versandadresse) zur\u00fcckgeben. Die auf den&nbsp; <a href=\"https:\/\/luciaphone.ch\/de\/informationen-zur-batterieentsorgung\/\">&hellip; Read more <i class=\"glyphicon glyphicon-arrow-right\"><\/i><\/a><\/p>","protected":false},"author":1,"featured_media":0,"parent":0,"menu_order":0,"comment_status":"closed","ping_status":"closed","template":"","meta":{"_monsterinsights_skip_tracking":false,"_monsterinsights_sitenote_active":false,"_monsterinsights_sitenote_note":"","_monsterinsights_sitenote_category":0,"footnotes":""},"class_list":["post-1219","page","type-page","status-publish","hentry"],"acf":[],"yoast_head":"<!-- This site is optimized with the Yoast SEO plugin v20.4 - https:\/\/yoast.com\/wordpress\/plugins\/seo\/ -->\n<title>Hinweise zur Batterieentsorgung &ndash; Lucia<\/title>\n<meta name=\"robots\" content=\"index, follow, max-snippet:-1, max-image-preview:large, max-video-preview:-1\" \/>\n<link rel=\"canonical\" href=\"https:\/\/luciaphone.ch\/de\/informationen-zur-batterieentsorgung\/\" \/>\n<meta property=\"og:locale\" content=\"de_DE\" \/>\n<meta property=\"og:type\" content=\"article\" \/>\n<meta property=\"og:title\" content=\"Hinweise zur Batterieentsorgung &ndash; Lucia\" \/>\n<meta property=\"og:description\" content=\"Im Zusammenhang mit dem Vertrieb von Batterien oder mit der Lieferung von Ger\u00e4ten, die Batterien enthalten, sind wir verpflichtet, Sie auf folgendes hinzuweisen: Sie sind zur R\u00fcckgabe gebrauchter Batterien als Endnutzer gesetzlich verpflichtet. Sie k\u00f6nnen Altbatterien, die wir als Neubatterien im Sortiment f\u00fchren oder gef\u00fchrt haben, unentgeltlich an unserem Versandlager (Versandadresse) zur\u00fcckgeben. Die auf den&nbsp; &hellip; Read more\" \/>\n<meta property=\"og:url\" content=\"https:\/\/luciaphone.ch\/de\/informationen-zur-batterieentsorgung\/\" \/>\n<meta property=\"og:site_name\" content=\"Lucia\" \/>\n<meta property=\"article:modified_time\" content=\"2023-04-03T19:48:52+00:00\" \/>\n<meta name=\"twitter:card\" content=\"summary_large_image\" \/>\n<meta name=\"twitter:label1\" content=\"Gesch\u00e4tzte Lesezeit\" \/>\n\t<meta name=\"twitter:data1\" content=\"1\u00a0Minute\" \/>\n<script type=\"application\/ld+json\" class=\"yoast-schema-graph\">{\"@context\":\"https:\/\/schema.org\",\"@graph\":[{\"@type\":\"WebPage\",\"@id\":\"https:\/\/luciaphone.ch\/de\/informationen-zur-batterieentsorgung\/\",\"url\":\"https:\/\/luciaphone.ch\/de\/informationen-zur-batterieentsorgung\/\",\"name\":\"Hinweise zur Batterieentsorgung &ndash; Lucia\",\"isPartOf\":{\"@id\":\"https:\/\/luciaphone.ch\/de\/#website\"},\"datePublished\":\"2019-08-07T09:46:51+00:00\",\"dateModified\":\"2023-04-03T19:48:52+00:00\",\"breadcrumb\":{\"@id\":\"https:\/\/luciaphone.ch\/de\/informationen-zur-batterieentsorgung\/#breadcrumb\"},\"inLanguage\":\"de\",\"potentialAction\":[{\"@type\":\"ReadAction\",\"target\":[\"https:\/\/luciaphone.ch\/de\/informationen-zur-batterieentsorgung\/\"]}]},{\"@type\":\"BreadcrumbList\",\"@id\":\"https:\/\/luciaphone.ch\/de\/informationen-zur-batterieentsorgung\/#breadcrumb\",\"itemListElement\":[{\"@type\":\"ListItem\",\"position\":1,\"name\":\"Home\",\"item\":\"https:\/\/luciaphone.ch\/de\/\"},{\"@type\":\"ListItem\",\"position\":2,\"name\":\"Hinweise zur Batterieentsorgung\"}]},{\"@type\":\"WebSite\",\"@id\":\"https:\/\/luciaphone.ch\/de\/#website\",\"url\":\"https:\/\/luciaphone.ch\/de\/\",\"name\":\"Lucia\",\"description\":\"For Individuals Who Are Blind, Low Vision, Hard of Hearing or Seniors\",\"publisher\":{\"@id\":\"https:\/\/luciaphone.ch\/de\/#organization\"},\"potentialAction\":[{\"@type\":\"SearchAction\",\"target\":{\"@type\":\"EntryPoint\",\"urlTemplate\":\"https:\/\/luciaphone.ch\/de\/?s={search_term_string}\"},\"query-input\":\"required name=search_term_string\"}],\"inLanguage\":\"de\"},{\"@type\":\"Organization\",\"@id\":\"https:\/\/luciaphone.ch\/de\/#organization\",\"name\":\"Lucia Phone\",\"alternateName\":\"Luciaphone\",\"url\":\"https:\/\/luciaphone.ch\/de\/\",\"logo\":{\"@type\":\"ImageObject\",\"inLanguage\":\"de\",\"@id\":\"https:\/\/luciaphone.ch\/de\/#\/schema\/logo\/image\/\",\"url\":\"https:\/\/luciaphone.ch\/wp-content\/uploads\/2019\/07\/lucia-logo-invoice.jpg\",\"contentUrl\":\"https:\/\/luciaphone.ch\/wp-content\/uploads\/2019\/07\/lucia-logo-invoice.jpg\",\"width\":300,\"height\":87,\"caption\":\"Lucia Phone\"},\"image\":{\"@id\":\"https:\/\/luciaphone.ch\/de\/#\/schema\/logo\/image\/\"}}]}<\/script>\n<!-- \/ Yoast SEO plugin. -->","yoast_head_json":{"title":"Hinweise zur Batterieentsorgung &ndash; Lucia","robots":{"index":"index","follow":"follow","max-snippet":"max-snippet:-1","max-image-preview":"max-image-preview:large","max-video-preview":"max-video-preview:-1"},"canonical":"https:\/\/luciaphone.ch\/de\/informationen-zur-batterieentsorgung\/","og_locale":"de_DE","og_type":"article","og_title":"Hinweise zur Batterieentsorgung &ndash; Lucia","og_description":"Im Zusammenhang mit dem Vertrieb von Batterien oder mit der Lieferung von Ger\u00e4ten, die Batterien enthalten, sind wir verpflichtet, Sie auf folgendes hinzuweisen: Sie sind zur R\u00fcckgabe gebrauchter Batterien als Endnutzer gesetzlich verpflichtet. Sie k\u00f6nnen Altbatterien, die wir als Neubatterien im Sortiment f\u00fchren oder gef\u00fchrt haben, unentgeltlich an unserem Versandlager (Versandadresse) zur\u00fcckgeben. Die auf den&nbsp; &hellip; Read more","og_url":"https:\/\/luciaphone.ch\/de\/informationen-zur-batterieentsorgung\/","og_site_name":"Lucia","article_modified_time":"2023-04-03T19:48:52+00:00","twitter_card":"summary_large_image","twitter_misc":{"Gesch\u00e4tzte Lesezeit":"1\u00a0Minute"},"schema":{"@context":"https:\/\/schema.org","@graph":[{"@type":"WebPage","@id":"https:\/\/luciaphone.ch\/de\/informationen-zur-batterieentsorgung\/","url":"https:\/\/luciaphone.ch\/de\/informationen-zur-batterieentsorgung\/","name":"Hinweise zur Batterieentsorgung &ndash; Lucia","isPartOf":{"@id":"https:\/\/luciaphone.ch\/de\/#website"},"datePublished":"2019-08-07T09:46:51+00:00","dateModified":"2023-04-03T19:48:52+00:00","breadcrumb":{"@id":"https:\/\/luciaphone.ch\/de\/informationen-zur-batterieentsorgung\/#breadcrumb"},"inLanguage":"de","potentialAction":[{"@type":"ReadAction","target":["https:\/\/luciaphone.ch\/de\/informationen-zur-batterieentsorgung\/"]}]},{"@type":"BreadcrumbList","@id":"https:\/\/luciaphone.ch\/de\/informationen-zur-batterieentsorgung\/#breadcrumb","itemListElement":[{"@type":"ListItem","position":1,"name":"Home","item":"https:\/\/luciaphone.ch\/de\/"},{"@type":"ListItem","position":2,"name":"Hinweise zur Batterieentsorgung"}]},{"@type":"WebSite","@id":"https:\/\/luciaphone.ch\/de\/#website","url":"https:\/\/luciaphone.ch\/de\/","name":"Lucia","description":"For Individuals Who Are Blind, Low Vision, Hard of Hearing or Seniors","publisher":{"@id":"https:\/\/luciaphone.ch\/de\/#organization"},"potentialAction":[{"@type":"SearchAction","target":{"@type":"EntryPoint","urlTemplate":"https:\/\/luciaphone.ch\/de\/?s={search_term_string}"},"query-input":"required name=search_term_string"}],"inLanguage":"de"},{"@type":"Organization","@id":"https:\/\/luciaphone.ch\/de\/#organization","name":"Lucia Phone","alternateName":"Luciaphone","url":"https:\/\/luciaphone.ch\/de\/","logo":{"@type":"ImageObject","inLanguage":"de","@id":"https:\/\/luciaphone.ch\/de\/#\/schema\/logo\/image\/","url":"https:\/\/luciaphone.ch\/wp-content\/uploads\/2019\/07\/lucia-logo-invoice.jpg","contentUrl":"https:\/\/luciaphone.ch\/wp-content\/uploads\/2019\/07\/lucia-logo-invoice.jpg","width":300,"height":87,"caption":"Lucia Phone"},"image":{"@id":"https:\/\/luciaphone.ch\/de\/#\/schema\/logo\/image\/"}}]}},"_links":{"self":[{"href":"https:\/\/luciaphone.ch\/de\/wp-json\/wp\/v2\/pages\/1219","targetHints":{"allow":["GET"]}}],"collection":[{"href":"https:\/\/luciaphone.ch\/de\/wp-json\/wp\/v2\/pages"}],"about":[{"href":"https:\/\/luciaphone.ch\/de\/wp-json\/wp\/v2\/types\/page"}],"author":[{"embeddable":true,"href":"https:\/\/luciaphone.ch\/de\/wp-json\/wp\/v2\/users\/1"}],"replies":[{"embeddable":true,"href":"https:\/\/luciaphone.ch\/de\/wp-json\/wp\/v2\/comments?post=1219"}],"version-history":[{"count":4,"href":"https:\/\/luciaphone.ch\/de\/wp-json\/wp\/v2\/pages\/1219\/revisions"}],"predecessor-version":[{"id":14494,"href":"https:\/\/luciaphone.ch\/de\/wp-json\/wp\/v2\/pages\/1219\/revisions\/14494"}],"wp:attachment":[{"href":"https:\/\/luciaphone.ch\/de\/wp-json\/wp\/v2\/media?parent=1219"}],"curies":[{"name":"wp","href":"https:\/\/api.w.org\/{rel}","templated":true}]}}