{"id":9778,"date":"2019-08-12T11:19:34","date_gmt":"2019-08-12T11:19:34","guid":{"rendered":"https:\/\/luciaphone.ch\/imprint\/"},"modified":"2023-12-18T12:45:03","modified_gmt":"2023-12-18T12:45:03","slug":"imprint","status":"publish","type":"page","link":"https:\/\/luciaphone.ch\/de\/imprint\/","title":{"rendered":"Impressum"},"content":{"rendered":"<div><strong><span style=\"font-size: 14px;\">Gesetzliche Anbieterkennung:<\/span><\/strong><\/div>\r\n<div>\u00a0<\/div>\r\n<div><strong><span style=\"font-size: 14px;\">Antarus AG<\/span><\/strong><\/div>\r\n<div>\r\n<div><strong><span style=\"font-size: 14px;\">Bahnstrasse 1 \/ HTC 2<\/span><\/strong><\/div>\r\n<div><strong><span style=\"font-size: 14px;\">8274 T\u00e4gerwilen<\/span><\/strong><\/div>\r\n<strong>Schweiz<\/strong><\/div>\r\n<div><strong><span style=\"font-size: 14px;\">vertreten durch den Verwaltungsratspr\u00e4sidenten Oliver Drehmann<\/span><\/strong><\/div>\r\n<div><strong><span style=\"font-size: 14px;\">Telefon: +41 71 250 00 01<\/span><\/strong><\/div>\r\n<div><strong><span style=\"font-size: 14px;\">Telefax: +41 71 250 00 04<\/span><\/strong><\/div>\r\n<div><strong><span style=\"font-size: 14px;\">E-Mail: info@luciaphone.com<\/span><\/strong><\/div>\r\n<div>\u00a0<\/div>\r\n<div><strong><span style=\"font-size: 14px;\">USt-IdNr.: CHE188.796.290 MWST<\/span><\/strong><\/div>\r\n<div><strong><span style=\"font-size: 14px;\">eingetragen im Handelsregister des Amtsgerichtes Moudon, Vaud<\/span><\/strong><\/div>\r\n<div><strong><span style=\"font-size: 14px;\">Handelsregisternummer HRB CHE-188.796.290<\/span><\/strong><\/div>\r\n<p>&nbsp;<\/p>\r\n<p>&nbsp;<\/p>\r\n<p><span style=\"font-size: 14px;\"><strong>Alternative Streitbeilegung:<\/strong><br \/>\r\nDie Europ\u00e4ische Kommission stellt eine Plattform f\u00fcr die au\u00dfergerichtliche Online-Streitbeilegung (OS-Plattform) bereit, aufrufbar unter\u00a0<\/span><a style=\"font-size: 14px;\" href=\"https:\/\/ec.europa.eu\/consumers\/odr\" target=\"_blank\" rel=\"noopener\">https:\/\/ec.europa.eu\/odr<\/a><span style=\"font-size: 14px;\">.<\/span><\/p>\r\n<p><span style=\"font-size: 14px;\">Wir sind nicht bereit und nicht verpflichtet, an Streitbeilegungsverfahren vor Verbraucherschlichtungsstellen teilzunehmen.<\/span><\/p>\r\n<p><span style=\"font-size: 14px;\"><strong>Wir sind seit\u00a0<\/strong><\/span><span style=\"font-size: 14px;\"><strong>25.09.2018\u00a0<\/strong><\/span><span style=\"font-size: 14px;\"><strong>Mitglied der Initiative &#8222;FairCommerce&#8220;.<\/strong><br \/>\r\nN\u00e4here Informationen hierzu finden Sie unter\u00a0<a href=\"https:\/\/www.haendlerbund.de\/de\/haendlerbund\/interessenvertretung\/faircommerce\" target=\"_blank\" rel=\"noopener\">www.haendlerbund.de\/faircommerce<\/a>.<\/span><\/p>","protected":false},"excerpt":{"rendered":"Gesetzliche Anbieterkennung: \u00a0 Antarus AG Bahnstrasse 1 \/ HTC 2 8274 T\u00e4gerwilen Schweiz vertreten durch den Verwaltungsratspr\u00e4sidenten Oliver Drehmann Telefon: +41 71 250 00 01 Telefax: +41 71 250 00 04 E-Mail: info@luciaphone.com \u00a0 USt-IdNr.: CHE188.796.290 MWST eingetragen im Handelsregister des Amtsgerichtes Moudon, Vaud Handelsregisternummer HRB CHE-188.796.290 &nbsp; &nbsp; Alternative Streitbeilegung: Die Europ\u00e4ische Kommission stellt&nbsp; <a href=\"https:\/\/luciaphone.ch\/de\/imprint\/\">&hellip; Read more <i class=\"glyphicon glyphicon-arrow-right\"><\/i><\/a><\/p>","protected":false},"author":1,"featured_media":0,"parent":0,"menu_order":0,"comment_status":"closed","ping_status":"closed","template":"","meta":{"_monsterinsights_skip_tracking":false,"_monsterinsights_sitenote_active":false,"_monsterinsights_sitenote_note":"","_monsterinsights_sitenote_category":0,"footnotes":""},"class_list":["post-9778","page","type-page","status-publish","hentry"],"acf":[],"yoast_head":"<!-- This site is optimized with the Yoast SEO plugin v20.4 - https:\/\/yoast.com\/wordpress\/plugins\/seo\/ -->\n<title>Impressum &ndash; Lucia<\/title>\n<meta name=\"robots\" content=\"index, follow, max-snippet:-1, max-image-preview:large, max-video-preview:-1\" \/>\n<link rel=\"canonical\" href=\"https:\/\/luciaphone.ch\/de\/imprint\/\" \/>\n<meta property=\"og:locale\" content=\"de_DE\" \/>\n<meta property=\"og:type\" content=\"article\" \/>\n<meta property=\"og:title\" content=\"Impressum &ndash; Lucia\" \/>\n<meta property=\"og:description\" content=\"Gesetzliche Anbieterkennung: \u00a0 Antarus AG Bahnstrasse 1 \/ HTC 2 8274 T\u00e4gerwilen Schweiz vertreten durch den Verwaltungsratspr\u00e4sidenten Oliver Drehmann Telefon: +41 71 250 00 01 Telefax: +41 71 250 00 04 E-Mail: info@luciaphone.com \u00a0 USt-IdNr.: CHE188.796.290 MWST eingetragen im Handelsregister des Amtsgerichtes Moudon, Vaud Handelsregisternummer HRB CHE-188.796.290 &nbsp; &nbsp; Alternative Streitbeilegung: Die Europ\u00e4ische Kommission stellt&nbsp; &hellip; Read more\" \/>\n<meta property=\"og:url\" content=\"https:\/\/luciaphone.ch\/de\/imprint\/\" \/>\n<meta property=\"og:site_name\" content=\"Lucia\" \/>\n<meta property=\"article:modified_time\" content=\"2023-12-18T12:45:03+00:00\" \/>\n<meta name=\"twitter:card\" content=\"summary_large_image\" \/>\n<script type=\"application\/ld+json\" class=\"yoast-schema-graph\">{\"@context\":\"https:\/\/schema.org\",\"@graph\":[{\"@type\":\"WebPage\",\"@id\":\"https:\/\/luciaphone.ch\/de\/imprint\/\",\"url\":\"https:\/\/luciaphone.ch\/de\/imprint\/\",\"name\":\"Impressum &ndash; Lucia\",\"isPartOf\":{\"@id\":\"https:\/\/luciaphone.ch\/de\/#website\"},\"datePublished\":\"2019-08-12T11:19:34+00:00\",\"dateModified\":\"2023-12-18T12:45:03+00:00\",\"breadcrumb\":{\"@id\":\"https:\/\/luciaphone.ch\/de\/imprint\/#breadcrumb\"},\"inLanguage\":\"de\",\"potentialAction\":[{\"@type\":\"ReadAction\",\"target\":[\"https:\/\/luciaphone.ch\/de\/imprint\/\"]}]},{\"@type\":\"BreadcrumbList\",\"@id\":\"https:\/\/luciaphone.ch\/de\/imprint\/#breadcrumb\",\"itemListElement\":[{\"@type\":\"ListItem\",\"position\":1,\"name\":\"Home\",\"item\":\"https:\/\/luciaphone.ch\/de\/\"},{\"@type\":\"ListItem\",\"position\":2,\"name\":\"Impressum\"}]},{\"@type\":\"WebSite\",\"@id\":\"https:\/\/luciaphone.ch\/de\/#website\",\"url\":\"https:\/\/luciaphone.ch\/de\/\",\"name\":\"Lucia\",\"description\":\"For Individuals Who Are Blind, Low Vision, Hard of Hearing or Seniors\",\"publisher\":{\"@id\":\"https:\/\/luciaphone.ch\/de\/#organization\"},\"potentialAction\":[{\"@type\":\"SearchAction\",\"target\":{\"@type\":\"EntryPoint\",\"urlTemplate\":\"https:\/\/luciaphone.ch\/de\/?s={search_term_string}\"},\"query-input\":\"required name=search_term_string\"}],\"inLanguage\":\"de\"},{\"@type\":\"Organization\",\"@id\":\"https:\/\/luciaphone.ch\/de\/#organization\",\"name\":\"Lucia Phone\",\"alternateName\":\"Luciaphone\",\"url\":\"https:\/\/luciaphone.ch\/de\/\",\"logo\":{\"@type\":\"ImageObject\",\"inLanguage\":\"de\",\"@id\":\"https:\/\/luciaphone.ch\/de\/#\/schema\/logo\/image\/\",\"url\":\"https:\/\/luciaphone.ch\/wp-content\/uploads\/2019\/07\/lucia-logo-invoice.jpg\",\"contentUrl\":\"https:\/\/luciaphone.ch\/wp-content\/uploads\/2019\/07\/lucia-logo-invoice.jpg\",\"width\":300,\"height\":87,\"caption\":\"Lucia Phone\"},\"image\":{\"@id\":\"https:\/\/luciaphone.ch\/de\/#\/schema\/logo\/image\/\"}}]}<\/script>\n<!-- \/ Yoast SEO plugin. -->","yoast_head_json":{"title":"Impressum &ndash; Lucia","robots":{"index":"index","follow":"follow","max-snippet":"max-snippet:-1","max-image-preview":"max-image-preview:large","max-video-preview":"max-video-preview:-1"},"canonical":"https:\/\/luciaphone.ch\/de\/imprint\/","og_locale":"de_DE","og_type":"article","og_title":"Impressum &ndash; Lucia","og_description":"Gesetzliche Anbieterkennung: \u00a0 Antarus AG Bahnstrasse 1 \/ HTC 2 8274 T\u00e4gerwilen Schweiz vertreten durch den Verwaltungsratspr\u00e4sidenten Oliver Drehmann Telefon: +41 71 250 00 01 Telefax: +41 71 250 00 04 E-Mail: info@luciaphone.com \u00a0 USt-IdNr.: CHE188.796.290 MWST eingetragen im Handelsregister des Amtsgerichtes Moudon, Vaud Handelsregisternummer HRB CHE-188.796.290 &nbsp; &nbsp; Alternative Streitbeilegung: Die Europ\u00e4ische Kommission stellt&nbsp; &hellip; Read more","og_url":"https:\/\/luciaphone.ch\/de\/imprint\/","og_site_name":"Lucia","article_modified_time":"2023-12-18T12:45:03+00:00","twitter_card":"summary_large_image","schema":{"@context":"https:\/\/schema.org","@graph":[{"@type":"WebPage","@id":"https:\/\/luciaphone.ch\/de\/imprint\/","url":"https:\/\/luciaphone.ch\/de\/imprint\/","name":"Impressum &ndash; Lucia","isPartOf":{"@id":"https:\/\/luciaphone.ch\/de\/#website"},"datePublished":"2019-08-12T11:19:34+00:00","dateModified":"2023-12-18T12:45:03+00:00","breadcrumb":{"@id":"https:\/\/luciaphone.ch\/de\/imprint\/#breadcrumb"},"inLanguage":"de","potentialAction":[{"@type":"ReadAction","target":["https:\/\/luciaphone.ch\/de\/imprint\/"]}]},{"@type":"BreadcrumbList","@id":"https:\/\/luciaphone.ch\/de\/imprint\/#breadcrumb","itemListElement":[{"@type":"ListItem","position":1,"name":"Home","item":"https:\/\/luciaphone.ch\/de\/"},{"@type":"ListItem","position":2,"name":"Impressum"}]},{"@type":"WebSite","@id":"https:\/\/luciaphone.ch\/de\/#website","url":"https:\/\/luciaphone.ch\/de\/","name":"Lucia","description":"For Individuals Who Are Blind, Low Vision, Hard of Hearing or Seniors","publisher":{"@id":"https:\/\/luciaphone.ch\/de\/#organization"},"potentialAction":[{"@type":"SearchAction","target":{"@type":"EntryPoint","urlTemplate":"https:\/\/luciaphone.ch\/de\/?s={search_term_string}"},"query-input":"required name=search_term_string"}],"inLanguage":"de"},{"@type":"Organization","@id":"https:\/\/luciaphone.ch\/de\/#organization","name":"Lucia Phone","alternateName":"Luciaphone","url":"https:\/\/luciaphone.ch\/de\/","logo":{"@type":"ImageObject","inLanguage":"de","@id":"https:\/\/luciaphone.ch\/de\/#\/schema\/logo\/image\/","url":"https:\/\/luciaphone.ch\/wp-content\/uploads\/2019\/07\/lucia-logo-invoice.jpg","contentUrl":"https:\/\/luciaphone.ch\/wp-content\/uploads\/2019\/07\/lucia-logo-invoice.jpg","width":300,"height":87,"caption":"Lucia Phone"},"image":{"@id":"https:\/\/luciaphone.ch\/de\/#\/schema\/logo\/image\/"}}]}},"_links":{"self":[{"href":"https:\/\/luciaphone.ch\/de\/wp-json\/wp\/v2\/pages\/9778","targetHints":{"allow":["GET"]}}],"collection":[{"href":"https:\/\/luciaphone.ch\/de\/wp-json\/wp\/v2\/pages"}],"about":[{"href":"https:\/\/luciaphone.ch\/de\/wp-json\/wp\/v2\/types\/page"}],"author":[{"embeddable":true,"href":"https:\/\/luciaphone.ch\/de\/wp-json\/wp\/v2\/users\/1"}],"replies":[{"embeddable":true,"href":"https:\/\/luciaphone.ch\/de\/wp-json\/wp\/v2\/comments?post=9778"}],"version-history":[{"count":3,"href":"https:\/\/luciaphone.ch\/de\/wp-json\/wp\/v2\/pages\/9778\/revisions"}],"predecessor-version":[{"id":14630,"href":"https:\/\/luciaphone.ch\/de\/wp-json\/wp\/v2\/pages\/9778\/revisions\/14630"}],"wp:attachment":[{"href":"https:\/\/luciaphone.ch\/de\/wp-json\/wp\/v2\/media?parent=9778"}],"curies":[{"name":"wp","href":"https:\/\/api.w.org\/{rel}","templated":true}]}}