{"id":14083,"date":"2021-10-06T18:35:48","date_gmt":"2021-10-06T18:35:51","guid":{"rendered":"https:\/\/luciaphone.ch\/?post_type=product&#038;p=14083"},"modified":"2023-05-23T22:24:22","modified_gmt":"2023-05-23T22:24:22","slug":"lucia-v2","status":"publish","type":"product","link":"https:\/\/luciaphone.ch\/de\/shop\/lucia-v2\/","title":{"rendered":"Lucia V2"},"content":{"rendered":"","protected":false},"excerpt":{"rendered":"<p>Vollst\u00e4ndig sprechendes Mobiltelefon f\u00fcr Senioren und Blinde, Sehbehinderte, Schwerh\u00f6rige.<\/p>\r\n<p>Lucia ist ein benutzerfreundliches Mobiltelefon, das es Menschen mit einer Einschr\u00e4nkung erm\u00f6glicht, unabh\u00e4ngig zu bleiben.<\/p>\r\n<p>Besondere Merkmale wie die gro\u00dfe Tasten in verschiedenen Farben und Formen, das grosse Display oder auch die vollst\u00e4ndige Sprachf\u00fchrung, machen das Telefon zu einem sprechenden Begleiter.<\/p>\r\n<p>Die lange Batterielaufzeit, verbunden mit einem ergonomischen Design, machen das hochwertige Swiss-made Handy zur perfekten L\u00f6sung f\u00fcr Benutzer mit einer Beeintr\u00e4chtigung.<\/p>\r\n<p>Freigeschaltet f\u00fcr 4G (LTE), 3G (UMTS), 2G (GSM) Netzwerke.<\/p>\r\n<p>Das Set enth\u00e4lt ein Netz-Ladeger\u00e4t mit landesspezifischem Netz-Stecker und ein USB-Ladekabel.<\/p>","protected":false},"featured_media":853,"template":"","meta":{"_monsterinsights_skip_tracking":false,"_monsterinsights_sitenote_active":false,"_monsterinsights_sitenote_note":"","_monsterinsights_sitenote_category":0},"product_cat":[107,70],"product_tag":[],"class_list":["post-14083","product","type-product","status-publish","has-post-thumbnail","hentry","product_cat-smartphone-de","product_cat-uncategorized-de","product_shipping_class-lucia-only-de"],"acf":[],"yoast_head":"<!-- This site is optimized with the Yoast SEO plugin v20.4 - https:\/\/yoast.com\/wordpress\/plugins\/seo\/ -->\n<title>Lucia V2 &ndash; Lucia<\/title>\n<meta name=\"robots\" content=\"index, follow, max-snippet:-1, max-image-preview:large, max-video-preview:-1\" \/>\n<link rel=\"canonical\" href=\"https:\/\/luciaphone.ch\/de\/shop\/lucia-v2\/\" \/>\n<meta property=\"og:locale\" content=\"de_DE\" \/>\n<meta property=\"og:type\" content=\"article\" \/>\n<meta property=\"og:title\" content=\"Lucia V2 &ndash; Lucia\" \/>\n<meta property=\"og:description\" content=\"Vollst\u00e4ndig sprechendes Mobiltelefon f\u00fcr Senioren und Blinde, Sehbehinderte, Schwerh\u00f6rige. Lucia ist ein benutzerfreundliches Mobiltelefon, das es Menschen mit einer Einschr\u00e4nkung erm\u00f6glicht, unabh\u00e4ngig zu bleiben. Besondere Merkmale wie die gro\u00dfe Tasten in verschiedenen Farben und Formen, das grosse Display oder auch die vollst\u00e4ndige Sprachf\u00fchrung, machen das Telefon zu einem sprechenden Begleiter. Die lange Batterielaufzeit, verbunden mit einem ergonomischen Design, machen das hochwertige Swiss-made Handy zur perfekten L\u00f6sung f\u00fcr Benutzer mit einer Beeintr\u00e4chtigung. Freigeschaltet f\u00fcr 4G (LTE), 3G (UMTS), 2G (GSM) Netzwerke. Das Set enth\u00e4lt ein Netz-Ladeger\u00e4t mit landesspezifischem Netz-Stecker und ein USB-Ladekabel.\" \/>\n<meta property=\"og:url\" content=\"https:\/\/luciaphone.ch\/de\/shop\/lucia-v2\/\" \/>\n<meta property=\"og:site_name\" content=\"Lucia\" \/>\n<meta property=\"article:modified_time\" content=\"2023-05-23T22:24:22+00:00\" \/>\n<meta property=\"og:image\" content=\"https:\/\/luciaphone.ch\/wp-content\/uploads\/2018\/08\/Lucia-orange-front4-1000px2.jpg\" \/>\n\t<meta property=\"og:image:width\" content=\"1000\" \/>\n\t<meta property=\"og:image:height\" content=\"1000\" \/>\n\t<meta property=\"og:image:type\" content=\"image\/jpeg\" \/>\n<meta name=\"twitter:card\" content=\"summary_large_image\" \/>\n<script type=\"application\/ld+json\" class=\"yoast-schema-graph\">{\"@context\":\"https:\/\/schema.org\",\"@graph\":[{\"@type\":\"WebPage\",\"@id\":\"https:\/\/luciaphone.ch\/de\/shop\/lucia-v2\/\",\"url\":\"https:\/\/luciaphone.ch\/de\/shop\/lucia-v2\/\",\"name\":\"Lucia V2 &ndash; Lucia\",\"isPartOf\":{\"@id\":\"https:\/\/luciaphone.ch\/de\/#website\"},\"datePublished\":\"2021-10-06T18:35:51+00:00\",\"dateModified\":\"2023-05-23T22:24:22+00:00\",\"breadcrumb\":{\"@id\":\"https:\/\/luciaphone.ch\/de\/shop\/lucia-v2\/#breadcrumb\"},\"inLanguage\":\"de\",\"potentialAction\":[{\"@type\":\"ReadAction\",\"target\":[\"https:\/\/luciaphone.ch\/de\/shop\/lucia-v2\/\"]}]},{\"@type\":\"BreadcrumbList\",\"@id\":\"https:\/\/luciaphone.ch\/de\/shop\/lucia-v2\/#breadcrumb\",\"itemListElement\":[{\"@type\":\"ListItem\",\"position\":1,\"name\":\"Home\",\"item\":\"https:\/\/luciaphone.ch\/de\/\"},{\"@type\":\"ListItem\",\"position\":2,\"name\":\"Shop\",\"item\":\"https:\/\/luciaphone.ch\/de\/shop-2\/\"},{\"@type\":\"ListItem\",\"position\":3,\"name\":\"Lucia V2\"}]},{\"@type\":\"WebSite\",\"@id\":\"https:\/\/luciaphone.ch\/de\/#website\",\"url\":\"https:\/\/luciaphone.ch\/de\/\",\"name\":\"Lucia\",\"description\":\"For Individuals Who Are Blind, Low Vision, Hard of Hearing or Seniors\",\"publisher\":{\"@id\":\"https:\/\/luciaphone.ch\/de\/#organization\"},\"potentialAction\":[{\"@type\":\"SearchAction\",\"target\":{\"@type\":\"EntryPoint\",\"urlTemplate\":\"https:\/\/luciaphone.ch\/de\/?s={search_term_string}\"},\"query-input\":\"required name=search_term_string\"}],\"inLanguage\":\"de\"},{\"@type\":\"Organization\",\"@id\":\"https:\/\/luciaphone.ch\/de\/#organization\",\"name\":\"Lucia Phone\",\"alternateName\":\"Luciaphone\",\"url\":\"https:\/\/luciaphone.ch\/de\/\",\"logo\":{\"@type\":\"ImageObject\",\"inLanguage\":\"de\",\"@id\":\"https:\/\/luciaphone.ch\/de\/#\/schema\/logo\/image\/\",\"url\":\"https:\/\/luciaphone.ch\/wp-content\/uploads\/2019\/07\/lucia-logo-invoice.jpg\",\"contentUrl\":\"https:\/\/luciaphone.ch\/wp-content\/uploads\/2019\/07\/lucia-logo-invoice.jpg\",\"width\":300,\"height\":87,\"caption\":\"Lucia Phone\"},\"image\":{\"@id\":\"https:\/\/luciaphone.ch\/de\/#\/schema\/logo\/image\/\"}}]}<\/script>\n<!-- \/ Yoast SEO plugin. -->","yoast_head_json":{"title":"Lucia V2 &ndash; Lucia","robots":{"index":"index","follow":"follow","max-snippet":"max-snippet:-1","max-image-preview":"max-image-preview:large","max-video-preview":"max-video-preview:-1"},"canonical":"https:\/\/luciaphone.ch\/de\/shop\/lucia-v2\/","og_locale":"de_DE","og_type":"article","og_title":"Lucia V2 &ndash; Lucia","og_description":"Vollst\u00e4ndig sprechendes Mobiltelefon f\u00fcr Senioren und Blinde, Sehbehinderte, Schwerh\u00f6rige. Lucia ist ein benutzerfreundliches Mobiltelefon, das es Menschen mit einer Einschr\u00e4nkung erm\u00f6glicht, unabh\u00e4ngig zu bleiben. Besondere Merkmale wie die gro\u00dfe Tasten in verschiedenen Farben und Formen, das grosse Display oder auch die vollst\u00e4ndige Sprachf\u00fchrung, machen das Telefon zu einem sprechenden Begleiter. Die lange Batterielaufzeit, verbunden mit einem ergonomischen Design, machen das hochwertige Swiss-made Handy zur perfekten L\u00f6sung f\u00fcr Benutzer mit einer Beeintr\u00e4chtigung. Freigeschaltet f\u00fcr 4G (LTE), 3G (UMTS), 2G (GSM) Netzwerke. Das Set enth\u00e4lt ein Netz-Ladeger\u00e4t mit landesspezifischem Netz-Stecker und ein USB-Ladekabel.","og_url":"https:\/\/luciaphone.ch\/de\/shop\/lucia-v2\/","og_site_name":"Lucia","article_modified_time":"2023-05-23T22:24:22+00:00","og_image":[{"width":1000,"height":1000,"url":"https:\/\/luciaphone.ch\/wp-content\/uploads\/2018\/08\/Lucia-orange-front4-1000px2.jpg","type":"image\/jpeg"}],"twitter_card":"summary_large_image","schema":{"@context":"https:\/\/schema.org","@graph":[{"@type":"WebPage","@id":"https:\/\/luciaphone.ch\/de\/shop\/lucia-v2\/","url":"https:\/\/luciaphone.ch\/de\/shop\/lucia-v2\/","name":"Lucia V2 &ndash; Lucia","isPartOf":{"@id":"https:\/\/luciaphone.ch\/de\/#website"},"datePublished":"2021-10-06T18:35:51+00:00","dateModified":"2023-05-23T22:24:22+00:00","breadcrumb":{"@id":"https:\/\/luciaphone.ch\/de\/shop\/lucia-v2\/#breadcrumb"},"inLanguage":"de","potentialAction":[{"@type":"ReadAction","target":["https:\/\/luciaphone.ch\/de\/shop\/lucia-v2\/"]}]},{"@type":"BreadcrumbList","@id":"https:\/\/luciaphone.ch\/de\/shop\/lucia-v2\/#breadcrumb","itemListElement":[{"@type":"ListItem","position":1,"name":"Home","item":"https:\/\/luciaphone.ch\/de\/"},{"@type":"ListItem","position":2,"name":"Shop","item":"https:\/\/luciaphone.ch\/de\/shop-2\/"},{"@type":"ListItem","position":3,"name":"Lucia V2"}]},{"@type":"WebSite","@id":"https:\/\/luciaphone.ch\/de\/#website","url":"https:\/\/luciaphone.ch\/de\/","name":"Lucia","description":"For Individuals Who Are Blind, Low Vision, Hard of Hearing or Seniors","publisher":{"@id":"https:\/\/luciaphone.ch\/de\/#organization"},"potentialAction":[{"@type":"SearchAction","target":{"@type":"EntryPoint","urlTemplate":"https:\/\/luciaphone.ch\/de\/?s={search_term_string}"},"query-input":"required name=search_term_string"}],"inLanguage":"de"},{"@type":"Organization","@id":"https:\/\/luciaphone.ch\/de\/#organization","name":"Lucia Phone","alternateName":"Luciaphone","url":"https:\/\/luciaphone.ch\/de\/","logo":{"@type":"ImageObject","inLanguage":"de","@id":"https:\/\/luciaphone.ch\/de\/#\/schema\/logo\/image\/","url":"https:\/\/luciaphone.ch\/wp-content\/uploads\/2019\/07\/lucia-logo-invoice.jpg","contentUrl":"https:\/\/luciaphone.ch\/wp-content\/uploads\/2019\/07\/lucia-logo-invoice.jpg","width":300,"height":87,"caption":"Lucia Phone"},"image":{"@id":"https:\/\/luciaphone.ch\/de\/#\/schema\/logo\/image\/"}}]}},"_links":{"self":[{"href":"https:\/\/luciaphone.ch\/de\/wp-json\/wp\/v2\/product\/14083","targetHints":{"allow":["GET"]}}],"collection":[{"href":"https:\/\/luciaphone.ch\/de\/wp-json\/wp\/v2\/product"}],"about":[{"href":"https:\/\/luciaphone.ch\/de\/wp-json\/wp\/v2\/types\/product"}],"wp:featuredmedia":[{"embeddable":true,"href":"https:\/\/luciaphone.ch\/de\/wp-json\/wp\/v2\/media\/853"}],"wp:attachment":[{"href":"https:\/\/luciaphone.ch\/de\/wp-json\/wp\/v2\/media?parent=14083"}],"wp:term":[{"taxonomy":"product_cat","embeddable":true,"href":"https:\/\/luciaphone.ch\/de\/wp-json\/wp\/v2\/product_cat?post=14083"},{"taxonomy":"product_tag","embeddable":true,"href":"https:\/\/luciaphone.ch\/de\/wp-json\/wp\/v2\/product_tag?post=14083"}],"curies":[{"name":"wp","href":"https:\/\/api.w.org\/{rel}","templated":true}]}}