{"id":9561,"date":"2018-08-06T14:42:00","date_gmt":"2018-08-06T14:42:00","guid":{"rendered":"https:\/\/luciaphone.ch\/shop\/ladegerat-adapterchina-adapter\/"},"modified":"2022-02-13T13:08:22","modified_gmt":"2022-02-13T13:08:22","slug":"ladegerat-adapterchina-adapter","status":"publish","type":"product","link":"https:\/\/luciaphone.ch\/de\/shop\/ladegerat-adapterchina-adapter\/","title":{"rendered":"Ladeger\u00e4t-Adapter<br \/>(China-Adapter)"},"content":{"rendered":"<p>Laden Sie das Telefon mit dem speziellen Lucia Netzteil sicher auf. Mit diesem Ladenetzteil wird die Lucia Batterie in wenigen Stunden mit ausreichend Energie f\u00fcr mehrere Tage geladen. Das USB Typ C-Kabel ist separat erh\u00e4ltlich.<\/p>","protected":false},"excerpt":{"rendered":"<p>Das Ladenetzteil f\u00fcr das Lucia Telefon liefert in wenigen Stunden Strom f\u00fcr mehrere Tage.<\/p>","protected":false},"featured_media":9484,"template":"","meta":{"_monsterinsights_skip_tracking":false,"_monsterinsights_sitenote_active":false,"_monsterinsights_sitenote_note":"","_monsterinsights_sitenote_category":0},"product_cat":[70],"product_tag":[],"class_list":["post-9561","product","type-product","status-publish","has-post-thumbnail","hentry","product_cat-uncategorized-de","product_shipping_class-accessories-de"],"acf":[],"yoast_head":"<!-- This site is optimized with the Yoast SEO plugin v20.4 - https:\/\/yoast.com\/wordpress\/plugins\/seo\/ -->\n<title>Ladeger\u00e4t-Adapter(China-Adapter) &ndash; Lucia<\/title>\n<meta name=\"robots\" content=\"index, follow, max-snippet:-1, max-image-preview:large, max-video-preview:-1\" \/>\n<link rel=\"canonical\" href=\"https:\/\/luciaphone.ch\/de\/shop\/ladegerat-adapterchina-adapter\/\" \/>\n<meta property=\"og:locale\" content=\"de_DE\" \/>\n<meta property=\"og:type\" content=\"article\" \/>\n<meta property=\"og:title\" content=\"Ladeger\u00e4t-Adapter(China-Adapter) &ndash; Lucia\" \/>\n<meta property=\"og:description\" content=\"Das Ladenetzteil f\u00fcr das Lucia Telefon liefert in wenigen Stunden Strom f\u00fcr mehrere Tage.\" \/>\n<meta property=\"og:url\" content=\"https:\/\/luciaphone.ch\/de\/shop\/ladegerat-adapterchina-adapter\/\" \/>\n<meta property=\"og:site_name\" content=\"Lucia\" \/>\n<meta property=\"article:modified_time\" content=\"2022-02-13T13:08:22+00:00\" \/>\n<meta property=\"og:image\" content=\"https:\/\/luciaphone.ch\/wp-content\/uploads\/2019\/08\/DSC8849.png\" \/>\n\t<meta property=\"og:image:width\" content=\"750\" \/>\n\t<meta property=\"og:image:height\" content=\"767\" \/>\n\t<meta property=\"og:image:type\" content=\"image\/png\" \/>\n<meta name=\"twitter:card\" content=\"summary_large_image\" \/>\n<script type=\"application\/ld+json\" class=\"yoast-schema-graph\">{\"@context\":\"https:\/\/schema.org\",\"@graph\":[{\"@type\":\"WebPage\",\"@id\":\"https:\/\/luciaphone.ch\/de\/shop\/ladegerat-adapterchina-adapter\/\",\"url\":\"https:\/\/luciaphone.ch\/de\/shop\/ladegerat-adapterchina-adapter\/\",\"name\":\"Ladeger\u00e4t-Adapter (China-Adapter) &ndash; Lucia\",\"isPartOf\":{\"@id\":\"https:\/\/luciaphone.ch\/de\/#website\"},\"datePublished\":\"2018-08-06T14:42:00+00:00\",\"dateModified\":\"2022-02-13T13:08:22+00:00\",\"breadcrumb\":{\"@id\":\"https:\/\/luciaphone.ch\/de\/shop\/ladegerat-adapterchina-adapter\/#breadcrumb\"},\"inLanguage\":\"de\",\"potentialAction\":[{\"@type\":\"ReadAction\",\"target\":[\"https:\/\/luciaphone.ch\/de\/shop\/ladegerat-adapterchina-adapter\/\"]}]},{\"@type\":\"BreadcrumbList\",\"@id\":\"https:\/\/luciaphone.ch\/de\/shop\/ladegerat-adapterchina-adapter\/#breadcrumb\",\"itemListElement\":[{\"@type\":\"ListItem\",\"position\":1,\"name\":\"Home\",\"item\":\"https:\/\/luciaphone.ch\/de\/\"},{\"@type\":\"ListItem\",\"position\":2,\"name\":\"Shop\",\"item\":\"https:\/\/luciaphone.ch\/de\/shop-2\/\"},{\"@type\":\"ListItem\",\"position\":3,\"name\":\"Ladeger\u00e4t-Adapter(China-Adapter)\"}]},{\"@type\":\"WebSite\",\"@id\":\"https:\/\/luciaphone.ch\/de\/#website\",\"url\":\"https:\/\/luciaphone.ch\/de\/\",\"name\":\"Lucia\",\"description\":\"For Individuals Who Are Blind, Low Vision, Hard of Hearing or Seniors\",\"publisher\":{\"@id\":\"https:\/\/luciaphone.ch\/de\/#organization\"},\"potentialAction\":[{\"@type\":\"SearchAction\",\"target\":{\"@type\":\"EntryPoint\",\"urlTemplate\":\"https:\/\/luciaphone.ch\/de\/?s={search_term_string}\"},\"query-input\":\"required name=search_term_string\"}],\"inLanguage\":\"de\"},{\"@type\":\"Organization\",\"@id\":\"https:\/\/luciaphone.ch\/de\/#organization\",\"name\":\"Lucia Phone\",\"alternateName\":\"Luciaphone\",\"url\":\"https:\/\/luciaphone.ch\/de\/\",\"logo\":{\"@type\":\"ImageObject\",\"inLanguage\":\"de\",\"@id\":\"https:\/\/luciaphone.ch\/de\/#\/schema\/logo\/image\/\",\"url\":\"https:\/\/luciaphone.ch\/wp-content\/uploads\/2019\/07\/lucia-logo-invoice.jpg\",\"contentUrl\":\"https:\/\/luciaphone.ch\/wp-content\/uploads\/2019\/07\/lucia-logo-invoice.jpg\",\"width\":300,\"height\":87,\"caption\":\"Lucia Phone\"},\"image\":{\"@id\":\"https:\/\/luciaphone.ch\/de\/#\/schema\/logo\/image\/\"}}]}<\/script>\n<!-- \/ Yoast SEO plugin. -->","yoast_head_json":{"title":"Ladeger\u00e4t-Adapter(China-Adapter) &ndash; Lucia","robots":{"index":"index","follow":"follow","max-snippet":"max-snippet:-1","max-image-preview":"max-image-preview:large","max-video-preview":"max-video-preview:-1"},"canonical":"https:\/\/luciaphone.ch\/de\/shop\/ladegerat-adapterchina-adapter\/","og_locale":"de_DE","og_type":"article","og_title":"Ladeger\u00e4t-Adapter(China-Adapter) &ndash; Lucia","og_description":"Das Ladenetzteil f\u00fcr das Lucia Telefon liefert in wenigen Stunden Strom f\u00fcr mehrere Tage.","og_url":"https:\/\/luciaphone.ch\/de\/shop\/ladegerat-adapterchina-adapter\/","og_site_name":"Lucia","article_modified_time":"2022-02-13T13:08:22+00:00","og_image":[{"width":750,"height":767,"url":"https:\/\/luciaphone.ch\/wp-content\/uploads\/2019\/08\/DSC8849.png","type":"image\/png"}],"twitter_card":"summary_large_image","schema":{"@context":"https:\/\/schema.org","@graph":[{"@type":"WebPage","@id":"https:\/\/luciaphone.ch\/de\/shop\/ladegerat-adapterchina-adapter\/","url":"https:\/\/luciaphone.ch\/de\/shop\/ladegerat-adapterchina-adapter\/","name":"Ladeger\u00e4t-Adapter (China-Adapter) &ndash; Lucia","isPartOf":{"@id":"https:\/\/luciaphone.ch\/de\/#website"},"datePublished":"2018-08-06T14:42:00+00:00","dateModified":"2022-02-13T13:08:22+00:00","breadcrumb":{"@id":"https:\/\/luciaphone.ch\/de\/shop\/ladegerat-adapterchina-adapter\/#breadcrumb"},"inLanguage":"de","potentialAction":[{"@type":"ReadAction","target":["https:\/\/luciaphone.ch\/de\/shop\/ladegerat-adapterchina-adapter\/"]}]},{"@type":"BreadcrumbList","@id":"https:\/\/luciaphone.ch\/de\/shop\/ladegerat-adapterchina-adapter\/#breadcrumb","itemListElement":[{"@type":"ListItem","position":1,"name":"Home","item":"https:\/\/luciaphone.ch\/de\/"},{"@type":"ListItem","position":2,"name":"Shop","item":"https:\/\/luciaphone.ch\/de\/shop-2\/"},{"@type":"ListItem","position":3,"name":"Ladeger\u00e4t-Adapter(China-Adapter)"}]},{"@type":"WebSite","@id":"https:\/\/luciaphone.ch\/de\/#website","url":"https:\/\/luciaphone.ch\/de\/","name":"Lucia","description":"For Individuals Who Are Blind, Low Vision, Hard of Hearing or Seniors","publisher":{"@id":"https:\/\/luciaphone.ch\/de\/#organization"},"potentialAction":[{"@type":"SearchAction","target":{"@type":"EntryPoint","urlTemplate":"https:\/\/luciaphone.ch\/de\/?s={search_term_string}"},"query-input":"required name=search_term_string"}],"inLanguage":"de"},{"@type":"Organization","@id":"https:\/\/luciaphone.ch\/de\/#organization","name":"Lucia Phone","alternateName":"Luciaphone","url":"https:\/\/luciaphone.ch\/de\/","logo":{"@type":"ImageObject","inLanguage":"de","@id":"https:\/\/luciaphone.ch\/de\/#\/schema\/logo\/image\/","url":"https:\/\/luciaphone.ch\/wp-content\/uploads\/2019\/07\/lucia-logo-invoice.jpg","contentUrl":"https:\/\/luciaphone.ch\/wp-content\/uploads\/2019\/07\/lucia-logo-invoice.jpg","width":300,"height":87,"caption":"Lucia Phone"},"image":{"@id":"https:\/\/luciaphone.ch\/de\/#\/schema\/logo\/image\/"}}]}},"_links":{"self":[{"href":"https:\/\/luciaphone.ch\/de\/wp-json\/wp\/v2\/product\/9561","targetHints":{"allow":["GET"]}}],"collection":[{"href":"https:\/\/luciaphone.ch\/de\/wp-json\/wp\/v2\/product"}],"about":[{"href":"https:\/\/luciaphone.ch\/de\/wp-json\/wp\/v2\/types\/product"}],"wp:featuredmedia":[{"embeddable":true,"href":"https:\/\/luciaphone.ch\/de\/wp-json\/wp\/v2\/media\/9484"}],"wp:attachment":[{"href":"https:\/\/luciaphone.ch\/de\/wp-json\/wp\/v2\/media?parent=9561"}],"wp:term":[{"taxonomy":"product_cat","embeddable":true,"href":"https:\/\/luciaphone.ch\/de\/wp-json\/wp\/v2\/product_cat?post=9561"},{"taxonomy":"product_tag","embeddable":true,"href":"https:\/\/luciaphone.ch\/de\/wp-json\/wp\/v2\/product_tag?post=9561"}],"curies":[{"name":"wp","href":"https:\/\/api.w.org\/{rel}","templated":true}]}}