{"id":9807,"date":"2018-08-06T14:44:16","date_gmt":"2018-08-06T14:44:16","guid":{"rendered":"https:\/\/luciaphone.ch\/shop\/usb-typ-c-kabel\/"},"modified":"2019-08-13T09:07:29","modified_gmt":"2019-08-13T09:07:29","slug":"usb-typ-c-kabel","status":"publish","type":"product","link":"https:\/\/luciaphone.ch\/de\/shop\/usb-typ-c-kabel\/","title":{"rendered":"USB Typ-C Kabel"},"content":{"rendered":"","protected":false},"excerpt":{"rendered":"<p>Hochwertiges USB Typ-C Kabel zum Anschluss des speziellen Lucia Ladeger\u00e4ts mit dem Lucia Telefon. Verl\u00e4sslich und getestet. L\u00e4nge: 1 m<\/p>","protected":false},"featured_media":886,"template":"","meta":{"_monsterinsights_skip_tracking":false,"_monsterinsights_sitenote_active":false,"_monsterinsights_sitenote_note":"","_monsterinsights_sitenote_category":0},"product_cat":[70],"product_tag":[],"class_list":["post-9807","product","type-product","status-publish","has-post-thumbnail","hentry","product_cat-uncategorized-de","product_shipping_class-accessories-de"],"acf":[],"yoast_head":"<!-- This site is optimized with the Yoast SEO plugin v20.4 - https:\/\/yoast.com\/wordpress\/plugins\/seo\/ -->\n<title>USB Typ-C Kabel &ndash; Lucia<\/title>\n<meta name=\"robots\" content=\"index, follow, max-snippet:-1, max-image-preview:large, max-video-preview:-1\" \/>\n<link rel=\"canonical\" href=\"https:\/\/luciaphone.ch\/de\/shop\/usb-typ-c-kabel\/\" \/>\n<meta property=\"og:locale\" content=\"de_DE\" \/>\n<meta property=\"og:type\" content=\"article\" \/>\n<meta property=\"og:title\" content=\"USB Typ-C Kabel &ndash; Lucia\" \/>\n<meta property=\"og:description\" content=\"Hochwertiges USB Typ-C Kabel zum Anschluss des speziellen Lucia Ladeger\u00e4ts mit dem Lucia Telefon. Verl\u00e4sslich und getestet. L\u00e4nge: 1 m\" \/>\n<meta property=\"og:url\" content=\"https:\/\/luciaphone.ch\/de\/shop\/usb-typ-c-kabel\/\" \/>\n<meta property=\"og:site_name\" content=\"Lucia\" \/>\n<meta property=\"article:modified_time\" content=\"2019-08-13T09:07:29+00:00\" \/>\n<meta name=\"twitter:card\" content=\"summary_large_image\" \/>\n<script type=\"application\/ld+json\" class=\"yoast-schema-graph\">{\"@context\":\"https:\/\/schema.org\",\"@graph\":[{\"@type\":\"WebPage\",\"@id\":\"https:\/\/luciaphone.ch\/de\/shop\/usb-typ-c-kabel\/\",\"url\":\"https:\/\/luciaphone.ch\/de\/shop\/usb-typ-c-kabel\/\",\"name\":\"USB Typ-C Kabel &ndash; Lucia\",\"isPartOf\":{\"@id\":\"https:\/\/luciaphone.ch\/de\/#website\"},\"datePublished\":\"2018-08-06T14:44:16+00:00\",\"dateModified\":\"2019-08-13T09:07:29+00:00\",\"breadcrumb\":{\"@id\":\"https:\/\/luciaphone.ch\/de\/shop\/usb-typ-c-kabel\/#breadcrumb\"},\"inLanguage\":\"de\",\"potentialAction\":[{\"@type\":\"ReadAction\",\"target\":[\"https:\/\/luciaphone.ch\/de\/shop\/usb-typ-c-kabel\/\"]}]},{\"@type\":\"BreadcrumbList\",\"@id\":\"https:\/\/luciaphone.ch\/de\/shop\/usb-typ-c-kabel\/#breadcrumb\",\"itemListElement\":[{\"@type\":\"ListItem\",\"position\":1,\"name\":\"Home\",\"item\":\"https:\/\/luciaphone.ch\/de\/\"},{\"@type\":\"ListItem\",\"position\":2,\"name\":\"Shop\",\"item\":\"https:\/\/luciaphone.ch\/de\/shop-2\/\"},{\"@type\":\"ListItem\",\"position\":3,\"name\":\"USB Typ-C Kabel\"}]},{\"@type\":\"WebSite\",\"@id\":\"https:\/\/luciaphone.ch\/de\/#website\",\"url\":\"https:\/\/luciaphone.ch\/de\/\",\"name\":\"Lucia\",\"description\":\"For Individuals Who Are Blind, Low Vision, Hard of Hearing or Seniors\",\"publisher\":{\"@id\":\"https:\/\/luciaphone.ch\/de\/#organization\"},\"potentialAction\":[{\"@type\":\"SearchAction\",\"target\":{\"@type\":\"EntryPoint\",\"urlTemplate\":\"https:\/\/luciaphone.ch\/de\/?s={search_term_string}\"},\"query-input\":\"required name=search_term_string\"}],\"inLanguage\":\"de\"},{\"@type\":\"Organization\",\"@id\":\"https:\/\/luciaphone.ch\/de\/#organization\",\"name\":\"Lucia Phone\",\"alternateName\":\"Luciaphone\",\"url\":\"https:\/\/luciaphone.ch\/de\/\",\"logo\":{\"@type\":\"ImageObject\",\"inLanguage\":\"de\",\"@id\":\"https:\/\/luciaphone.ch\/de\/#\/schema\/logo\/image\/\",\"url\":\"https:\/\/luciaphone.ch\/wp-content\/uploads\/2019\/07\/lucia-logo-invoice.jpg\",\"contentUrl\":\"https:\/\/luciaphone.ch\/wp-content\/uploads\/2019\/07\/lucia-logo-invoice.jpg\",\"width\":300,\"height\":87,\"caption\":\"Lucia Phone\"},\"image\":{\"@id\":\"https:\/\/luciaphone.ch\/de\/#\/schema\/logo\/image\/\"}}]}<\/script>\n<!-- \/ Yoast SEO plugin. -->","yoast_head_json":{"title":"USB Typ-C Kabel &ndash; Lucia","robots":{"index":"index","follow":"follow","max-snippet":"max-snippet:-1","max-image-preview":"max-image-preview:large","max-video-preview":"max-video-preview:-1"},"canonical":"https:\/\/luciaphone.ch\/de\/shop\/usb-typ-c-kabel\/","og_locale":"de_DE","og_type":"article","og_title":"USB Typ-C Kabel &ndash; Lucia","og_description":"Hochwertiges USB Typ-C Kabel zum Anschluss des speziellen Lucia Ladeger\u00e4ts mit dem Lucia Telefon. Verl\u00e4sslich und getestet. L\u00e4nge: 1 m","og_url":"https:\/\/luciaphone.ch\/de\/shop\/usb-typ-c-kabel\/","og_site_name":"Lucia","article_modified_time":"2019-08-13T09:07:29+00:00","twitter_card":"summary_large_image","schema":{"@context":"https:\/\/schema.org","@graph":[{"@type":"WebPage","@id":"https:\/\/luciaphone.ch\/de\/shop\/usb-typ-c-kabel\/","url":"https:\/\/luciaphone.ch\/de\/shop\/usb-typ-c-kabel\/","name":"USB Typ-C Kabel &ndash; Lucia","isPartOf":{"@id":"https:\/\/luciaphone.ch\/de\/#website"},"datePublished":"2018-08-06T14:44:16+00:00","dateModified":"2019-08-13T09:07:29+00:00","breadcrumb":{"@id":"https:\/\/luciaphone.ch\/de\/shop\/usb-typ-c-kabel\/#breadcrumb"},"inLanguage":"de","potentialAction":[{"@type":"ReadAction","target":["https:\/\/luciaphone.ch\/de\/shop\/usb-typ-c-kabel\/"]}]},{"@type":"BreadcrumbList","@id":"https:\/\/luciaphone.ch\/de\/shop\/usb-typ-c-kabel\/#breadcrumb","itemListElement":[{"@type":"ListItem","position":1,"name":"Home","item":"https:\/\/luciaphone.ch\/de\/"},{"@type":"ListItem","position":2,"name":"Shop","item":"https:\/\/luciaphone.ch\/de\/shop-2\/"},{"@type":"ListItem","position":3,"name":"USB Typ-C Kabel"}]},{"@type":"WebSite","@id":"https:\/\/luciaphone.ch\/de\/#website","url":"https:\/\/luciaphone.ch\/de\/","name":"Lucia","description":"For Individuals Who Are Blind, Low Vision, Hard of Hearing or Seniors","publisher":{"@id":"https:\/\/luciaphone.ch\/de\/#organization"},"potentialAction":[{"@type":"SearchAction","target":{"@type":"EntryPoint","urlTemplate":"https:\/\/luciaphone.ch\/de\/?s={search_term_string}"},"query-input":"required name=search_term_string"}],"inLanguage":"de"},{"@type":"Organization","@id":"https:\/\/luciaphone.ch\/de\/#organization","name":"Lucia Phone","alternateName":"Luciaphone","url":"https:\/\/luciaphone.ch\/de\/","logo":{"@type":"ImageObject","inLanguage":"de","@id":"https:\/\/luciaphone.ch\/de\/#\/schema\/logo\/image\/","url":"https:\/\/luciaphone.ch\/wp-content\/uploads\/2019\/07\/lucia-logo-invoice.jpg","contentUrl":"https:\/\/luciaphone.ch\/wp-content\/uploads\/2019\/07\/lucia-logo-invoice.jpg","width":300,"height":87,"caption":"Lucia Phone"},"image":{"@id":"https:\/\/luciaphone.ch\/de\/#\/schema\/logo\/image\/"}}]}},"_links":{"self":[{"href":"https:\/\/luciaphone.ch\/de\/wp-json\/wp\/v2\/product\/9807","targetHints":{"allow":["GET"]}}],"collection":[{"href":"https:\/\/luciaphone.ch\/de\/wp-json\/wp\/v2\/product"}],"about":[{"href":"https:\/\/luciaphone.ch\/de\/wp-json\/wp\/v2\/types\/product"}],"wp:featuredmedia":[{"embeddable":true,"href":"https:\/\/luciaphone.ch\/de\/wp-json\/wp\/v2\/media\/886"}],"wp:attachment":[{"href":"https:\/\/luciaphone.ch\/de\/wp-json\/wp\/v2\/media?parent=9807"}],"wp:term":[{"taxonomy":"product_cat","embeddable":true,"href":"https:\/\/luciaphone.ch\/de\/wp-json\/wp\/v2\/product_cat?post=9807"},{"taxonomy":"product_tag","embeddable":true,"href":"https:\/\/luciaphone.ch\/de\/wp-json\/wp\/v2\/product_tag?post=9807"}],"curies":[{"name":"wp","href":"https:\/\/api.w.org\/{rel}","templated":true}]}}