{"id":1208,"date":"2019-08-07T09:36:16","date_gmt":"2019-08-07T09:36:16","guid":{"rendered":"https:\/\/luciaphone.ch\/?page_id=1208"},"modified":"2023-12-18T13:24:41","modified_gmt":"2023-12-18T13:24:41","slug":"quienes-somos","status":"publish","type":"page","link":"https:\/\/luciaphone.ch\/es\/quienes-somos\/","title":{"rendered":"\u00bfQuienes Somos?"},"content":{"rendered":"<p>Antarus AG se dedica al desarrollo y fabricaci\u00f3n de tel\u00e9fonos m\u00f3viles accesibles. Combinamos la tecnolog\u00eda m\u00e1s avanzada, la comprensi\u00f3n profunda de la accesibilidad y las necesidades de las personas con discapacidades para proponer soluciones \u00fanicas. Antarus AG ofrece soluciones que corresponden a las necesidades espec\u00edficas de los usuarios. Creemos en un mundo de comunicaci\u00f3n accesible y tecnolog\u00eda de asistencia excepcional y asequible, y ofrecemos tel\u00e9fonos m\u00f3viles con la mejor calidad suiza.<\/p>\r\n<p>Antarus AG esta comprometido a la sostenibilidad. El embalaje de nuestros productos est\u00e1 exclusivamente hecho de papel y es totalmente reciclable y biodegradable.<\/p>\r\n<p>Antarus SA es una compania Suiza registrada en el cant\u00f3n de Turgovia.<\/p>\r\n<p>N\u00famero de registro CHE-188.796.290<\/p>\r\n<p>IVA: CHE188.796.290 MWST; N.IVA: DE319847854<\/p>","protected":false},"excerpt":{"rendered":"Antarus AG se dedica al desarrollo y fabricaci\u00f3n de tel\u00e9fonos m\u00f3viles accesibles. Combinamos la tecnolog\u00eda m\u00e1s avanzada, la comprensi\u00f3n profunda de la accesibilidad y las necesidades de las personas con discapacidades para proponer soluciones \u00fanicas. Antarus AG ofrece soluciones que corresponden a las necesidades espec\u00edficas de los usuarios. Creemos en un mundo de comunicaci\u00f3n accesible&nbsp; <a href=\"https:\/\/luciaphone.ch\/es\/quienes-somos\/\">&hellip; Read more <i class=\"glyphicon glyphicon-arrow-right\"><\/i><\/a><\/p>","protected":false},"author":1,"featured_media":0,"parent":0,"menu_order":0,"comment_status":"closed","ping_status":"closed","template":"templates\/aboutus.php","meta":{"_monsterinsights_skip_tracking":false,"_monsterinsights_sitenote_active":false,"_monsterinsights_sitenote_note":"","_monsterinsights_sitenote_category":0,"footnotes":""},"class_list":["post-1208","page","type-page","status-publish","hentry"],"acf":[],"yoast_head":"<!-- This site is optimized with the Yoast SEO plugin v20.4 - https:\/\/yoast.com\/wordpress\/plugins\/seo\/ -->\n<title>\u00bfQuienes Somos? &ndash; Lucia<\/title>\n<meta name=\"robots\" content=\"index, follow, max-snippet:-1, max-image-preview:large, max-video-preview:-1\" \/>\n<link rel=\"canonical\" href=\"https:\/\/luciaphone.ch\/es\/quienes-somos\/\" \/>\n<meta property=\"og:locale\" content=\"es_ES\" \/>\n<meta property=\"og:type\" content=\"article\" \/>\n<meta property=\"og:title\" content=\"\u00bfQuienes Somos? &ndash; Lucia\" \/>\n<meta property=\"og:description\" content=\"Antarus AG se dedica al desarrollo y fabricaci\u00f3n de tel\u00e9fonos m\u00f3viles accesibles. Combinamos la tecnolog\u00eda m\u00e1s avanzada, la comprensi\u00f3n profunda de la accesibilidad y las necesidades de las personas con discapacidades para proponer soluciones \u00fanicas. Antarus AG ofrece soluciones que corresponden a las necesidades espec\u00edficas de los usuarios. Creemos en un mundo de comunicaci\u00f3n accesible&nbsp; &hellip; Read more\" \/>\n<meta property=\"og:url\" content=\"https:\/\/luciaphone.ch\/es\/quienes-somos\/\" \/>\n<meta property=\"og:site_name\" content=\"Lucia\" \/>\n<meta property=\"article:modified_time\" content=\"2023-12-18T13:24:41+00:00\" \/>\n<meta name=\"twitter:card\" content=\"summary_large_image\" \/>\n<meta name=\"twitter:label1\" content=\"Tiempo de lectura\" \/>\n\t<meta name=\"twitter:data1\" content=\"1 minuto\" \/>\n<script type=\"application\/ld+json\" class=\"yoast-schema-graph\">{\"@context\":\"https:\/\/schema.org\",\"@graph\":[{\"@type\":\"WebPage\",\"@id\":\"https:\/\/luciaphone.ch\/es\/quienes-somos\/\",\"url\":\"https:\/\/luciaphone.ch\/es\/quienes-somos\/\",\"name\":\"\u00bfQuienes Somos? &ndash; Lucia\",\"isPartOf\":{\"@id\":\"https:\/\/luciaphone.ch\/es\/#website\"},\"datePublished\":\"2019-08-07T09:36:16+00:00\",\"dateModified\":\"2023-12-18T13:24:41+00:00\",\"breadcrumb\":{\"@id\":\"https:\/\/luciaphone.ch\/es\/quienes-somos\/#breadcrumb\"},\"inLanguage\":\"es\",\"potentialAction\":[{\"@type\":\"ReadAction\",\"target\":[\"https:\/\/luciaphone.ch\/es\/quienes-somos\/\"]}]},{\"@type\":\"BreadcrumbList\",\"@id\":\"https:\/\/luciaphone.ch\/es\/quienes-somos\/#breadcrumb\",\"itemListElement\":[{\"@type\":\"ListItem\",\"position\":1,\"name\":\"Home\",\"item\":\"https:\/\/luciaphone.ch\/es\/\"},{\"@type\":\"ListItem\",\"position\":2,\"name\":\"\u00bfQuienes Somos?\"}]},{\"@type\":\"WebSite\",\"@id\":\"https:\/\/luciaphone.ch\/es\/#website\",\"url\":\"https:\/\/luciaphone.ch\/es\/\",\"name\":\"Lucia\",\"description\":\"For Individuals Who Are Blind, Low Vision, Hard of Hearing or Seniors\",\"publisher\":{\"@id\":\"https:\/\/luciaphone.ch\/es\/#organization\"},\"potentialAction\":[{\"@type\":\"SearchAction\",\"target\":{\"@type\":\"EntryPoint\",\"urlTemplate\":\"https:\/\/luciaphone.ch\/es\/?s={search_term_string}\"},\"query-input\":\"required name=search_term_string\"}],\"inLanguage\":\"es\"},{\"@type\":\"Organization\",\"@id\":\"https:\/\/luciaphone.ch\/es\/#organization\",\"name\":\"Lucia Phone\",\"alternateName\":\"Luciaphone\",\"url\":\"https:\/\/luciaphone.ch\/es\/\",\"logo\":{\"@type\":\"ImageObject\",\"inLanguage\":\"es\",\"@id\":\"https:\/\/luciaphone.ch\/es\/#\/schema\/logo\/image\/\",\"url\":\"https:\/\/luciaphone.ch\/wp-content\/uploads\/2019\/07\/lucia-logo-invoice.jpg\",\"contentUrl\":\"https:\/\/luciaphone.ch\/wp-content\/uploads\/2019\/07\/lucia-logo-invoice.jpg\",\"width\":300,\"height\":87,\"caption\":\"Lucia Phone\"},\"image\":{\"@id\":\"https:\/\/luciaphone.ch\/es\/#\/schema\/logo\/image\/\"}}]}<\/script>\n<!-- \/ Yoast SEO plugin. -->","yoast_head_json":{"title":"\u00bfQuienes Somos? &ndash; Lucia","robots":{"index":"index","follow":"follow","max-snippet":"max-snippet:-1","max-image-preview":"max-image-preview:large","max-video-preview":"max-video-preview:-1"},"canonical":"https:\/\/luciaphone.ch\/es\/quienes-somos\/","og_locale":"es_ES","og_type":"article","og_title":"\u00bfQuienes Somos? &ndash; Lucia","og_description":"Antarus AG se dedica al desarrollo y fabricaci\u00f3n de tel\u00e9fonos m\u00f3viles accesibles. Combinamos la tecnolog\u00eda m\u00e1s avanzada, la comprensi\u00f3n profunda de la accesibilidad y las necesidades de las personas con discapacidades para proponer soluciones \u00fanicas. Antarus AG ofrece soluciones que corresponden a las necesidades espec\u00edficas de los usuarios. Creemos en un mundo de comunicaci\u00f3n accesible&nbsp; &hellip; Read more","og_url":"https:\/\/luciaphone.ch\/es\/quienes-somos\/","og_site_name":"Lucia","article_modified_time":"2023-12-18T13:24:41+00:00","twitter_card":"summary_large_image","twitter_misc":{"Tiempo de lectura":"1 minuto"},"schema":{"@context":"https:\/\/schema.org","@graph":[{"@type":"WebPage","@id":"https:\/\/luciaphone.ch\/es\/quienes-somos\/","url":"https:\/\/luciaphone.ch\/es\/quienes-somos\/","name":"\u00bfQuienes Somos? &ndash; Lucia","isPartOf":{"@id":"https:\/\/luciaphone.ch\/es\/#website"},"datePublished":"2019-08-07T09:36:16+00:00","dateModified":"2023-12-18T13:24:41+00:00","breadcrumb":{"@id":"https:\/\/luciaphone.ch\/es\/quienes-somos\/#breadcrumb"},"inLanguage":"es","potentialAction":[{"@type":"ReadAction","target":["https:\/\/luciaphone.ch\/es\/quienes-somos\/"]}]},{"@type":"BreadcrumbList","@id":"https:\/\/luciaphone.ch\/es\/quienes-somos\/#breadcrumb","itemListElement":[{"@type":"ListItem","position":1,"name":"Home","item":"https:\/\/luciaphone.ch\/es\/"},{"@type":"ListItem","position":2,"name":"\u00bfQuienes Somos?"}]},{"@type":"WebSite","@id":"https:\/\/luciaphone.ch\/es\/#website","url":"https:\/\/luciaphone.ch\/es\/","name":"Lucia","description":"For Individuals Who Are Blind, Low Vision, Hard of Hearing or Seniors","publisher":{"@id":"https:\/\/luciaphone.ch\/es\/#organization"},"potentialAction":[{"@type":"SearchAction","target":{"@type":"EntryPoint","urlTemplate":"https:\/\/luciaphone.ch\/es\/?s={search_term_string}"},"query-input":"required name=search_term_string"}],"inLanguage":"es"},{"@type":"Organization","@id":"https:\/\/luciaphone.ch\/es\/#organization","name":"Lucia Phone","alternateName":"Luciaphone","url":"https:\/\/luciaphone.ch\/es\/","logo":{"@type":"ImageObject","inLanguage":"es","@id":"https:\/\/luciaphone.ch\/es\/#\/schema\/logo\/image\/","url":"https:\/\/luciaphone.ch\/wp-content\/uploads\/2019\/07\/lucia-logo-invoice.jpg","contentUrl":"https:\/\/luciaphone.ch\/wp-content\/uploads\/2019\/07\/lucia-logo-invoice.jpg","width":300,"height":87,"caption":"Lucia Phone"},"image":{"@id":"https:\/\/luciaphone.ch\/es\/#\/schema\/logo\/image\/"}}]}},"_links":{"self":[{"href":"https:\/\/luciaphone.ch\/es\/wp-json\/wp\/v2\/pages\/1208","targetHints":{"allow":["GET"]}}],"collection":[{"href":"https:\/\/luciaphone.ch\/es\/wp-json\/wp\/v2\/pages"}],"about":[{"href":"https:\/\/luciaphone.ch\/es\/wp-json\/wp\/v2\/types\/page"}],"author":[{"embeddable":true,"href":"https:\/\/luciaphone.ch\/es\/wp-json\/wp\/v2\/users\/1"}],"replies":[{"embeddable":true,"href":"https:\/\/luciaphone.ch\/es\/wp-json\/wp\/v2\/comments?post=1208"}],"version-history":[{"count":2,"href":"https:\/\/luciaphone.ch\/es\/wp-json\/wp\/v2\/pages\/1208\/revisions"}],"predecessor-version":[{"id":14635,"href":"https:\/\/luciaphone.ch\/es\/wp-json\/wp\/v2\/pages\/1208\/revisions\/14635"}],"wp:attachment":[{"href":"https:\/\/luciaphone.ch\/es\/wp-json\/wp\/v2\/media?parent=1208"}],"curies":[{"name":"wp","href":"https:\/\/api.w.org\/{rel}","templated":true}]}}