{"id":1223,"date":"2019-08-07T09:47:36","date_gmt":"2019-08-07T09:47:36","guid":{"rendered":"https:\/\/luciaphone.ch\/?page_id=1223"},"modified":"2023-04-03T19:50:10","modified_gmt":"2023-04-03T19:50:10","slug":"desecho-de-la-bateria","status":"publish","type":"page","link":"https:\/\/luciaphone.ch\/es\/desecho-de-la-bateria\/","title":{"rendered":"Indicaciones sobre la eliminaci\u00f3n de las bater\u00edas"},"content":{"rendered":"<p><span style=\"font-size: 14px;\">En relaci\u00f3n a la venta de bater\u00edas o el suministro de aparatos que contienen bater\u00edas, estamos obligados a informarle de lo siguiente:<br \/>\r\nComo usuario final, usted est\u00e1 obligado legalmente a devolver las bater\u00edas usadas. Puede entregar las bater\u00edas agotadas que incluyamos o hayamos incluido como bater\u00edas nuevas en nuestro surtido en nuestro almac\u00e9n de expedici\u00f3n (direcci\u00f3n de env\u00edo) de forma gratuita. Los s\u00edmbolos que figuran sobre las bater\u00edas tienen el siguiente significado:<br \/>\r\nEl s\u00edmbolo del contenedor tachado significa que la bater\u00eda no debe ser depositada junto con la basura dom\u00e9stica.<br \/>\r\nPb = La bater\u00eda contiene m\u00e1s del 0,004 por ciento en masa de plomo<br \/>\r\nCd = La bater\u00eda contiene m\u00e1s del 0,002 por ciento en masa de cadmio<br \/>\r\nHg = La bater\u00eda contiene m\u00e1s del 0,0005 por ciento en masa de mercurio.<\/span><\/p>\r\n<p><span style=\"font-size: 14px;\">Tenga en cuenta las indicaciones mencionadas anteriormente.<\/span><\/p>","protected":false},"excerpt":{"rendered":"En relaci\u00f3n a la venta de bater\u00edas o el suministro de aparatos que contienen bater\u00edas, estamos obligados a informarle de lo siguiente: Como usuario final, usted est\u00e1 obligado legalmente a devolver las bater\u00edas usadas. Puede entregar las bater\u00edas agotadas que incluyamos o hayamos incluido como bater\u00edas nuevas en nuestro surtido en nuestro almac\u00e9n de expedici\u00f3n&nbsp; <a href=\"https:\/\/luciaphone.ch\/es\/desecho-de-la-bateria\/\">&hellip; Read more <i class=\"glyphicon glyphicon-arrow-right\"><\/i><\/a><\/p>","protected":false},"author":1,"featured_media":0,"parent":0,"menu_order":0,"comment_status":"closed","ping_status":"closed","template":"","meta":{"_monsterinsights_skip_tracking":false,"_monsterinsights_sitenote_active":false,"_monsterinsights_sitenote_note":"","_monsterinsights_sitenote_category":0,"footnotes":""},"class_list":["post-1223","page","type-page","status-publish","hentry"],"acf":[],"yoast_head":"<!-- This site is optimized with the Yoast SEO plugin v20.4 - https:\/\/yoast.com\/wordpress\/plugins\/seo\/ -->\n<title>Indicaciones sobre la eliminaci\u00f3n de las bater\u00edas &ndash; Lucia<\/title>\n<meta name=\"robots\" content=\"index, follow, max-snippet:-1, max-image-preview:large, max-video-preview:-1\" \/>\n<link rel=\"canonical\" href=\"https:\/\/luciaphone.ch\/es\/desecho-de-la-bateria\/\" \/>\n<meta property=\"og:locale\" content=\"es_ES\" \/>\n<meta property=\"og:type\" content=\"article\" \/>\n<meta property=\"og:title\" content=\"Indicaciones sobre la eliminaci\u00f3n de las bater\u00edas &ndash; Lucia\" \/>\n<meta property=\"og:description\" content=\"En relaci\u00f3n a la venta de bater\u00edas o el suministro de aparatos que contienen bater\u00edas, estamos obligados a informarle de lo siguiente: Como usuario final, usted est\u00e1 obligado legalmente a devolver las bater\u00edas usadas. Puede entregar las bater\u00edas agotadas que incluyamos o hayamos incluido como bater\u00edas nuevas en nuestro surtido en nuestro almac\u00e9n de expedici\u00f3n&nbsp; &hellip; Read more\" \/>\n<meta property=\"og:url\" content=\"https:\/\/luciaphone.ch\/es\/desecho-de-la-bateria\/\" \/>\n<meta property=\"og:site_name\" content=\"Lucia\" \/>\n<meta property=\"article:modified_time\" content=\"2023-04-03T19:50:10+00:00\" \/>\n<meta name=\"twitter:card\" content=\"summary_large_image\" \/>\n<meta name=\"twitter:label1\" content=\"Tiempo de lectura\" \/>\n\t<meta name=\"twitter:data1\" content=\"1 minuto\" \/>\n<script type=\"application\/ld+json\" class=\"yoast-schema-graph\">{\"@context\":\"https:\/\/schema.org\",\"@graph\":[{\"@type\":\"WebPage\",\"@id\":\"https:\/\/luciaphone.ch\/es\/desecho-de-la-bateria\/\",\"url\":\"https:\/\/luciaphone.ch\/es\/desecho-de-la-bateria\/\",\"name\":\"Indicaciones sobre la eliminaci\u00f3n de las bater\u00edas &ndash; Lucia\",\"isPartOf\":{\"@id\":\"https:\/\/luciaphone.ch\/es\/#website\"},\"datePublished\":\"2019-08-07T09:47:36+00:00\",\"dateModified\":\"2023-04-03T19:50:10+00:00\",\"breadcrumb\":{\"@id\":\"https:\/\/luciaphone.ch\/es\/desecho-de-la-bateria\/#breadcrumb\"},\"inLanguage\":\"es\",\"potentialAction\":[{\"@type\":\"ReadAction\",\"target\":[\"https:\/\/luciaphone.ch\/es\/desecho-de-la-bateria\/\"]}]},{\"@type\":\"BreadcrumbList\",\"@id\":\"https:\/\/luciaphone.ch\/es\/desecho-de-la-bateria\/#breadcrumb\",\"itemListElement\":[{\"@type\":\"ListItem\",\"position\":1,\"name\":\"Home\",\"item\":\"https:\/\/luciaphone.ch\/es\/\"},{\"@type\":\"ListItem\",\"position\":2,\"name\":\"Indicaciones sobre la eliminaci\u00f3n de las bater\u00edas\"}]},{\"@type\":\"WebSite\",\"@id\":\"https:\/\/luciaphone.ch\/es\/#website\",\"url\":\"https:\/\/luciaphone.ch\/es\/\",\"name\":\"Lucia\",\"description\":\"For Individuals Who Are Blind, Low Vision, Hard of Hearing or Seniors\",\"publisher\":{\"@id\":\"https:\/\/luciaphone.ch\/es\/#organization\"},\"potentialAction\":[{\"@type\":\"SearchAction\",\"target\":{\"@type\":\"EntryPoint\",\"urlTemplate\":\"https:\/\/luciaphone.ch\/es\/?s={search_term_string}\"},\"query-input\":\"required name=search_term_string\"}],\"inLanguage\":\"es\"},{\"@type\":\"Organization\",\"@id\":\"https:\/\/luciaphone.ch\/es\/#organization\",\"name\":\"Lucia Phone\",\"alternateName\":\"Luciaphone\",\"url\":\"https:\/\/luciaphone.ch\/es\/\",\"logo\":{\"@type\":\"ImageObject\",\"inLanguage\":\"es\",\"@id\":\"https:\/\/luciaphone.ch\/es\/#\/schema\/logo\/image\/\",\"url\":\"https:\/\/luciaphone.ch\/wp-content\/uploads\/2019\/07\/lucia-logo-invoice.jpg\",\"contentUrl\":\"https:\/\/luciaphone.ch\/wp-content\/uploads\/2019\/07\/lucia-logo-invoice.jpg\",\"width\":300,\"height\":87,\"caption\":\"Lucia Phone\"},\"image\":{\"@id\":\"https:\/\/luciaphone.ch\/es\/#\/schema\/logo\/image\/\"}}]}<\/script>\n<!-- \/ Yoast SEO plugin. -->","yoast_head_json":{"title":"Indicaciones sobre la eliminaci\u00f3n de las bater\u00edas &ndash; Lucia","robots":{"index":"index","follow":"follow","max-snippet":"max-snippet:-1","max-image-preview":"max-image-preview:large","max-video-preview":"max-video-preview:-1"},"canonical":"https:\/\/luciaphone.ch\/es\/desecho-de-la-bateria\/","og_locale":"es_ES","og_type":"article","og_title":"Indicaciones sobre la eliminaci\u00f3n de las bater\u00edas &ndash; Lucia","og_description":"En relaci\u00f3n a la venta de bater\u00edas o el suministro de aparatos que contienen bater\u00edas, estamos obligados a informarle de lo siguiente: Como usuario final, usted est\u00e1 obligado legalmente a devolver las bater\u00edas usadas. Puede entregar las bater\u00edas agotadas que incluyamos o hayamos incluido como bater\u00edas nuevas en nuestro surtido en nuestro almac\u00e9n de expedici\u00f3n&nbsp; &hellip; Read more","og_url":"https:\/\/luciaphone.ch\/es\/desecho-de-la-bateria\/","og_site_name":"Lucia","article_modified_time":"2023-04-03T19:50:10+00:00","twitter_card":"summary_large_image","twitter_misc":{"Tiempo de lectura":"1 minuto"},"schema":{"@context":"https:\/\/schema.org","@graph":[{"@type":"WebPage","@id":"https:\/\/luciaphone.ch\/es\/desecho-de-la-bateria\/","url":"https:\/\/luciaphone.ch\/es\/desecho-de-la-bateria\/","name":"Indicaciones sobre la eliminaci\u00f3n de las bater\u00edas &ndash; Lucia","isPartOf":{"@id":"https:\/\/luciaphone.ch\/es\/#website"},"datePublished":"2019-08-07T09:47:36+00:00","dateModified":"2023-04-03T19:50:10+00:00","breadcrumb":{"@id":"https:\/\/luciaphone.ch\/es\/desecho-de-la-bateria\/#breadcrumb"},"inLanguage":"es","potentialAction":[{"@type":"ReadAction","target":["https:\/\/luciaphone.ch\/es\/desecho-de-la-bateria\/"]}]},{"@type":"BreadcrumbList","@id":"https:\/\/luciaphone.ch\/es\/desecho-de-la-bateria\/#breadcrumb","itemListElement":[{"@type":"ListItem","position":1,"name":"Home","item":"https:\/\/luciaphone.ch\/es\/"},{"@type":"ListItem","position":2,"name":"Indicaciones sobre la eliminaci\u00f3n de las bater\u00edas"}]},{"@type":"WebSite","@id":"https:\/\/luciaphone.ch\/es\/#website","url":"https:\/\/luciaphone.ch\/es\/","name":"Lucia","description":"For Individuals Who Are Blind, Low Vision, Hard of Hearing or Seniors","publisher":{"@id":"https:\/\/luciaphone.ch\/es\/#organization"},"potentialAction":[{"@type":"SearchAction","target":{"@type":"EntryPoint","urlTemplate":"https:\/\/luciaphone.ch\/es\/?s={search_term_string}"},"query-input":"required name=search_term_string"}],"inLanguage":"es"},{"@type":"Organization","@id":"https:\/\/luciaphone.ch\/es\/#organization","name":"Lucia Phone","alternateName":"Luciaphone","url":"https:\/\/luciaphone.ch\/es\/","logo":{"@type":"ImageObject","inLanguage":"es","@id":"https:\/\/luciaphone.ch\/es\/#\/schema\/logo\/image\/","url":"https:\/\/luciaphone.ch\/wp-content\/uploads\/2019\/07\/lucia-logo-invoice.jpg","contentUrl":"https:\/\/luciaphone.ch\/wp-content\/uploads\/2019\/07\/lucia-logo-invoice.jpg","width":300,"height":87,"caption":"Lucia Phone"},"image":{"@id":"https:\/\/luciaphone.ch\/es\/#\/schema\/logo\/image\/"}}]}},"_links":{"self":[{"href":"https:\/\/luciaphone.ch\/es\/wp-json\/wp\/v2\/pages\/1223","targetHints":{"allow":["GET"]}}],"collection":[{"href":"https:\/\/luciaphone.ch\/es\/wp-json\/wp\/v2\/pages"}],"about":[{"href":"https:\/\/luciaphone.ch\/es\/wp-json\/wp\/v2\/types\/page"}],"author":[{"embeddable":true,"href":"https:\/\/luciaphone.ch\/es\/wp-json\/wp\/v2\/users\/1"}],"replies":[{"embeddable":true,"href":"https:\/\/luciaphone.ch\/es\/wp-json\/wp\/v2\/comments?post=1223"}],"version-history":[{"count":4,"href":"https:\/\/luciaphone.ch\/es\/wp-json\/wp\/v2\/pages\/1223\/revisions"}],"predecessor-version":[{"id":14496,"href":"https:\/\/luciaphone.ch\/es\/wp-json\/wp\/v2\/pages\/1223\/revisions\/14496"}],"wp:attachment":[{"href":"https:\/\/luciaphone.ch\/es\/wp-json\/wp\/v2\/media?parent=1223"}],"curies":[{"name":"wp","href":"https:\/\/api.w.org\/{rel}","templated":true}]}}