{"id":1260,"date":"2019-08-07T10:08:00","date_gmt":"2019-08-07T10:08:00","guid":{"rendered":"https:\/\/luciaphone.ch\/pago-y-envio\/"},"modified":"2023-04-03T21:02:47","modified_gmt":"2023-04-03T21:02:47","slug":"pago-y-envio","status":"publish","type":"page","link":"https:\/\/luciaphone.ch\/es\/pago-y-envio\/","title":{"rendered":"Pago y env\u00edo"},"content":{"rendered":"<p>Ser\u00e1n de aplicaci\u00f3n las siguientes condiciones:<\/p>\r\n<p><span style=\"font-size: 14px;\">El env\u00edo de la mercanc\u00eda se realiza en todo el mundo.<\/span><\/p>\r\n<p>&nbsp;<\/p>\r\n<p><span style=\"font-size: 14px;\"><strong><span style=\"font-size: 16px;\">Gastos de env\u00edo<\/span><\/strong> (IVA legal incluido)<\/span><\/p>\r\n<p><strong><span style=\"font-size: 14px;\">Suministros dentro del territorio nacional (Suiza):\u00a0<\/span><\/strong><\/p>\r\n<p><span style=\"font-size: 14px;\">Facturamos los gastos de env\u00edo de forma global con 12,50 CHF; por pedido.<\/span><\/p>\r\n<p><span style=\"font-size: 14px;\"><strong>Env\u00edos al extranjero:<\/strong><\/span><\/p>\r\n<p><span style=\"font-size: 14px;\">Facturamos gastos de env\u00edo para el extranjero de forma global como se indica a continuaci\u00f3n:<\/span><\/p>\r\n<p>UE: 25 EUR<br \/>\r\nUSA\/CAN: 40 USD<br \/>\r\notro: 45 EUR<br \/>\r\n* Todos los precios son indicativos y pueden adaptarse a las condiciones del mercado en cualquier momento.<\/p>\r\n<p><br \/>\r\n<span style=\"font-size: 18px;\"><strong>Plazos de suministro<\/strong><\/span><\/p>\r\n<p><span style=\"font-size: 14px;\">Siempre que no se indique otro plazo diferente en la oferta respectiva, el suministro de la mercanc\u00eda dentro del territorio nacional (Suiza) se efect\u00faa dentro de un plazo de 3 &#8211; 5\u00a0<\/span><span style=\"font-size: 14px;\">d\u00edas<\/span><span style=\"font-size: 14px;\">, y en caso de suministros al extranjero dentro de un plazo de 5 &#8211; 7\u00a0<\/span><span style=\"font-size: 14px;\">d\u00edas<\/span><span style=\"font-size: 14px;\">\u00a0tras el perfeccionamiento del contrato (en caso de que se acuerde el pago por adelantado, con posterioridad a su orden de pago).<br \/>\r\nTenga en cuenta que los domingos y los d\u00edas festivos no se realizan entregas.<br \/>\r\nEn caso de que haya solicitado art\u00edculos con momentos de env\u00edo distintos, le enviaremos la mercanc\u00eda en un env\u00edo conjunto, a excepci\u00f3n de que hayamos acordado algo distinto con usted. En este caso el momento de env\u00edo se determinar\u00e1 conforme al art\u00edculo solicitado con el momento de env\u00edo m\u00e1s lejano.<\/span><\/p>\r\n<p><br \/>\r\n<strong><span style=\"font-size: 18px;\">Opciones de pago\u00a0aceptados<\/span><\/strong><\/p>\r\n<p><span style=\"font-size: 14px;\"><strong>&#8211;<\/strong>\u00a0 Pago mediante tarjeta de cr\u00e9dito<\/span><\/p>\r\n<p><span style=\"font-size: 14px;\"><strong>a trav\u00e9s de Stripe:<\/strong><\/span><br \/>\r\n<span style=\"font-size: 14px;\"><strong>&#8211;<\/strong>\u00a0 Pago mediante transferencia inmediata<\/span><br \/>\r\n<strong style=\"font-size: 14px;\">&#8211;<\/strong><span style=\"font-size: 14px;\">\u00a0 Pago mediante tarjeta de cr\u00e9dito<\/span><br \/>\r\n<strong style=\"font-size: 14px;\">&#8211;\u00a0<\/strong><span style=\"font-size: 14px;\">\u00a0Pago mediante giropay<\/span><br \/>\r\n<span style=\"font-size: 14px;\">&#8211; Pago por domiciliaci\u00f3n SEPA<\/span><\/p>\r\n<p><strong><span style=\"font-size: 14px;\">Informaci\u00f3n adicional sobre el pago<\/span><\/strong><\/p>\r\n<p><span style=\"font-size: 14px;\">En caso de pago con tarjeta de cr\u00e9dito, la carga de su cuenta de tarjeta de cr\u00e9dito se realizar\u00e1 con la conclusi\u00f3n del contrato.<\/span><\/p>\r\n<p><span style=\"font-size: 14px;\">Si desea realizar cualquier consulta, en el pie de imprenta encontrar\u00e1 nuestros datos de contacto.<\/span><\/p>","protected":false},"excerpt":{"rendered":"Ser\u00e1n de aplicaci\u00f3n las siguientes condiciones: El env\u00edo de la mercanc\u00eda se realiza en todo el mundo. &nbsp; Gastos de env\u00edo (IVA legal incluido) Suministros dentro del territorio nacional (Suiza):\u00a0 Facturamos los gastos de env\u00edo de forma global con 12,50 CHF; por pedido. Env\u00edos al extranjero: Facturamos gastos de env\u00edo para el extranjero de forma&nbsp; <a href=\"https:\/\/luciaphone.ch\/es\/pago-y-envio\/\">&hellip; Read more <i class=\"glyphicon glyphicon-arrow-right\"><\/i><\/a><\/p>","protected":false},"author":1,"featured_media":0,"parent":0,"menu_order":0,"comment_status":"closed","ping_status":"closed","template":"","meta":{"_monsterinsights_skip_tracking":false,"_monsterinsights_sitenote_active":false,"_monsterinsights_sitenote_note":"","_monsterinsights_sitenote_category":0,"footnotes":""},"class_list":["post-1260","page","type-page","status-publish","hentry"],"acf":[],"yoast_head":"<!-- This site is optimized with the Yoast SEO plugin v20.4 - https:\/\/yoast.com\/wordpress\/plugins\/seo\/ -->\n<title>Pago y env\u00edo &ndash; Lucia<\/title>\n<meta name=\"robots\" content=\"index, follow, max-snippet:-1, max-image-preview:large, max-video-preview:-1\" \/>\n<link rel=\"canonical\" href=\"https:\/\/luciaphone.ch\/es\/pago-y-envio\/\" \/>\n<meta property=\"og:locale\" content=\"es_ES\" \/>\n<meta property=\"og:type\" content=\"article\" \/>\n<meta property=\"og:title\" content=\"Pago y env\u00edo &ndash; Lucia\" \/>\n<meta property=\"og:description\" content=\"Ser\u00e1n de aplicaci\u00f3n las siguientes condiciones: El env\u00edo de la mercanc\u00eda se realiza en todo el mundo. &nbsp; Gastos de env\u00edo (IVA legal incluido) Suministros dentro del territorio nacional (Suiza):\u00a0 Facturamos los gastos de env\u00edo de forma global con 12,50 CHF; por pedido. Env\u00edos al extranjero: Facturamos gastos de env\u00edo para el extranjero de forma&nbsp; &hellip; Read more\" \/>\n<meta property=\"og:url\" content=\"https:\/\/luciaphone.ch\/es\/pago-y-envio\/\" \/>\n<meta property=\"og:site_name\" content=\"Lucia\" \/>\n<meta property=\"article:modified_time\" content=\"2023-04-03T21:02:47+00:00\" \/>\n<meta name=\"twitter:card\" content=\"summary_large_image\" \/>\n<meta name=\"twitter:label1\" content=\"Tiempo de lectura\" \/>\n\t<meta name=\"twitter:data1\" content=\"2 minutos\" \/>\n<script type=\"application\/ld+json\" class=\"yoast-schema-graph\">{\"@context\":\"https:\/\/schema.org\",\"@graph\":[{\"@type\":\"WebPage\",\"@id\":\"https:\/\/luciaphone.ch\/es\/pago-y-envio\/\",\"url\":\"https:\/\/luciaphone.ch\/es\/pago-y-envio\/\",\"name\":\"Pago y env\u00edo &ndash; Lucia\",\"isPartOf\":{\"@id\":\"https:\/\/luciaphone.ch\/es\/#website\"},\"datePublished\":\"2019-08-07T10:08:00+00:00\",\"dateModified\":\"2023-04-03T21:02:47+00:00\",\"breadcrumb\":{\"@id\":\"https:\/\/luciaphone.ch\/es\/pago-y-envio\/#breadcrumb\"},\"inLanguage\":\"es\",\"potentialAction\":[{\"@type\":\"ReadAction\",\"target\":[\"https:\/\/luciaphone.ch\/es\/pago-y-envio\/\"]}]},{\"@type\":\"BreadcrumbList\",\"@id\":\"https:\/\/luciaphone.ch\/es\/pago-y-envio\/#breadcrumb\",\"itemListElement\":[{\"@type\":\"ListItem\",\"position\":1,\"name\":\"Home\",\"item\":\"https:\/\/luciaphone.ch\/es\/\"},{\"@type\":\"ListItem\",\"position\":2,\"name\":\"Pago y env\u00edo\"}]},{\"@type\":\"WebSite\",\"@id\":\"https:\/\/luciaphone.ch\/es\/#website\",\"url\":\"https:\/\/luciaphone.ch\/es\/\",\"name\":\"Lucia\",\"description\":\"For Individuals Who Are Blind, Low Vision, Hard of Hearing or Seniors\",\"publisher\":{\"@id\":\"https:\/\/luciaphone.ch\/es\/#organization\"},\"potentialAction\":[{\"@type\":\"SearchAction\",\"target\":{\"@type\":\"EntryPoint\",\"urlTemplate\":\"https:\/\/luciaphone.ch\/es\/?s={search_term_string}\"},\"query-input\":\"required name=search_term_string\"}],\"inLanguage\":\"es\"},{\"@type\":\"Organization\",\"@id\":\"https:\/\/luciaphone.ch\/es\/#organization\",\"name\":\"Lucia Phone\",\"alternateName\":\"Luciaphone\",\"url\":\"https:\/\/luciaphone.ch\/es\/\",\"logo\":{\"@type\":\"ImageObject\",\"inLanguage\":\"es\",\"@id\":\"https:\/\/luciaphone.ch\/es\/#\/schema\/logo\/image\/\",\"url\":\"https:\/\/luciaphone.ch\/wp-content\/uploads\/2019\/07\/lucia-logo-invoice.jpg\",\"contentUrl\":\"https:\/\/luciaphone.ch\/wp-content\/uploads\/2019\/07\/lucia-logo-invoice.jpg\",\"width\":300,\"height\":87,\"caption\":\"Lucia Phone\"},\"image\":{\"@id\":\"https:\/\/luciaphone.ch\/es\/#\/schema\/logo\/image\/\"}}]}<\/script>\n<!-- \/ Yoast SEO plugin. -->","yoast_head_json":{"title":"Pago y env\u00edo &ndash; Lucia","robots":{"index":"index","follow":"follow","max-snippet":"max-snippet:-1","max-image-preview":"max-image-preview:large","max-video-preview":"max-video-preview:-1"},"canonical":"https:\/\/luciaphone.ch\/es\/pago-y-envio\/","og_locale":"es_ES","og_type":"article","og_title":"Pago y env\u00edo &ndash; Lucia","og_description":"Ser\u00e1n de aplicaci\u00f3n las siguientes condiciones: El env\u00edo de la mercanc\u00eda se realiza en todo el mundo. &nbsp; Gastos de env\u00edo (IVA legal incluido) Suministros dentro del territorio nacional (Suiza):\u00a0 Facturamos los gastos de env\u00edo de forma global con 12,50 CHF; por pedido. Env\u00edos al extranjero: Facturamos gastos de env\u00edo para el extranjero de forma&nbsp; &hellip; Read more","og_url":"https:\/\/luciaphone.ch\/es\/pago-y-envio\/","og_site_name":"Lucia","article_modified_time":"2023-04-03T21:02:47+00:00","twitter_card":"summary_large_image","twitter_misc":{"Tiempo de lectura":"2 minutos"},"schema":{"@context":"https:\/\/schema.org","@graph":[{"@type":"WebPage","@id":"https:\/\/luciaphone.ch\/es\/pago-y-envio\/","url":"https:\/\/luciaphone.ch\/es\/pago-y-envio\/","name":"Pago y env\u00edo &ndash; Lucia","isPartOf":{"@id":"https:\/\/luciaphone.ch\/es\/#website"},"datePublished":"2019-08-07T10:08:00+00:00","dateModified":"2023-04-03T21:02:47+00:00","breadcrumb":{"@id":"https:\/\/luciaphone.ch\/es\/pago-y-envio\/#breadcrumb"},"inLanguage":"es","potentialAction":[{"@type":"ReadAction","target":["https:\/\/luciaphone.ch\/es\/pago-y-envio\/"]}]},{"@type":"BreadcrumbList","@id":"https:\/\/luciaphone.ch\/es\/pago-y-envio\/#breadcrumb","itemListElement":[{"@type":"ListItem","position":1,"name":"Home","item":"https:\/\/luciaphone.ch\/es\/"},{"@type":"ListItem","position":2,"name":"Pago y env\u00edo"}]},{"@type":"WebSite","@id":"https:\/\/luciaphone.ch\/es\/#website","url":"https:\/\/luciaphone.ch\/es\/","name":"Lucia","description":"For Individuals Who Are Blind, Low Vision, Hard of Hearing or Seniors","publisher":{"@id":"https:\/\/luciaphone.ch\/es\/#organization"},"potentialAction":[{"@type":"SearchAction","target":{"@type":"EntryPoint","urlTemplate":"https:\/\/luciaphone.ch\/es\/?s={search_term_string}"},"query-input":"required name=search_term_string"}],"inLanguage":"es"},{"@type":"Organization","@id":"https:\/\/luciaphone.ch\/es\/#organization","name":"Lucia Phone","alternateName":"Luciaphone","url":"https:\/\/luciaphone.ch\/es\/","logo":{"@type":"ImageObject","inLanguage":"es","@id":"https:\/\/luciaphone.ch\/es\/#\/schema\/logo\/image\/","url":"https:\/\/luciaphone.ch\/wp-content\/uploads\/2019\/07\/lucia-logo-invoice.jpg","contentUrl":"https:\/\/luciaphone.ch\/wp-content\/uploads\/2019\/07\/lucia-logo-invoice.jpg","width":300,"height":87,"caption":"Lucia Phone"},"image":{"@id":"https:\/\/luciaphone.ch\/es\/#\/schema\/logo\/image\/"}}]}},"_links":{"self":[{"href":"https:\/\/luciaphone.ch\/es\/wp-json\/wp\/v2\/pages\/1260","targetHints":{"allow":["GET"]}}],"collection":[{"href":"https:\/\/luciaphone.ch\/es\/wp-json\/wp\/v2\/pages"}],"about":[{"href":"https:\/\/luciaphone.ch\/es\/wp-json\/wp\/v2\/types\/page"}],"author":[{"embeddable":true,"href":"https:\/\/luciaphone.ch\/es\/wp-json\/wp\/v2\/users\/1"}],"replies":[{"embeddable":true,"href":"https:\/\/luciaphone.ch\/es\/wp-json\/wp\/v2\/comments?post=1260"}],"version-history":[{"count":1,"href":"https:\/\/luciaphone.ch\/es\/wp-json\/wp\/v2\/pages\/1260\/revisions"}],"predecessor-version":[{"id":14528,"href":"https:\/\/luciaphone.ch\/es\/wp-json\/wp\/v2\/pages\/1260\/revisions\/14528"}],"wp:attachment":[{"href":"https:\/\/luciaphone.ch\/es\/wp-json\/wp\/v2\/media?parent=1260"}],"curies":[{"name":"wp","href":"https:\/\/api.w.org\/{rel}","templated":true}]}}