{"id":9780,"date":"2019-08-12T11:19:46","date_gmt":"2019-08-12T11:19:46","guid":{"rendered":"https:\/\/luciaphone.ch\/imprint\/"},"modified":"2023-12-18T12:45:58","modified_gmt":"2023-12-18T12:45:58","slug":"impressum","status":"publish","type":"page","link":"https:\/\/luciaphone.ch\/es\/impressum\/","title":{"rendered":"Aviso legal"},"content":{"rendered":"<p><span style=\"font-size: 12px;\">Reconocimiento legal del oferente:<\/span><\/p>\r\n<div>\r\n<div><strong><span style=\"font-size: 14px;\">Antarus AG<\/span><\/strong><\/div>\r\n<div><strong><span style=\"font-size: 14px;\">Bahnstrasse 1 \/ HTC 2<\/span><\/strong><\/div>\r\n<div><strong><span style=\"font-size: 14px;\">8274 Taegerwilen<\/span><\/strong><\/div>\r\n<\/div>\r\n<div><strong><span style=\"font-size: 14px;\">Suiza<\/span><\/strong><\/div>\r\n<div><strong><span style=\"font-size: 14px;\">Representada por el miembro de la Comisi\u00f3n Directiva Oliver Drehmann<\/span><\/strong><\/div>\r\n<div><strong><span style=\"font-size: 14px;\">Tel\u00e9fono: +41 71 250 00 01<\/span><\/strong><\/div>\r\n<div><strong><span style=\"font-size: 14px;\">Fax: +41 71 250 00 04<\/span><\/strong><\/div>\r\n<div><strong><span style=\"font-size: 14px;\">E-Mail: info@luciaphone.com<\/span><\/strong><\/div>\r\n<div>\u00a0<\/div>\r\n<div><strong><span style=\"font-size: 14px;\">Identificaci\u00f3n tributaria del impuesto a las ganancias: CHE188.796.290 MWST<\/span><\/strong><\/div>\r\n<div><strong><span style=\"font-size: 14px;\">inscripto en el Registro P\u00fablico de Comercio del Tribunal de Primera Instancia Moudon, Vaud<\/span><\/strong><\/div>\r\n<div><strong><span style=\"font-size: 14px;\">N\u00famero de Registro en el Registro P\u00fablico de Comercio CHE-188.796.290<\/span><\/strong><br \/>\r\n\u00a0<\/div>\r\n<p>&nbsp;<\/p>\r\n<p>&nbsp;<\/p>\r\n<p><span style=\"font-size: 14px;\"><strong>Resoluci\u00f3n alternativa de conflictos:<\/strong><br \/>\r\nLa Comisi\u00f3n Europea provee una plataforma para la resoluci\u00f3n extrajudicial de litigios (plataforma ODR), que es accesible aqu\u00ed: <a href=\"http:\/\/ec.europa.eu\/consumers\/odr\" target=\"_blank\" rel=\"noopener\">https:\/\/ec.europa.eu\/odr<\/a>.<\/span><\/p>\r\n<p><span style=\"font-size: 14px;\">No estamos dispuestos ni obligados a participar en procedimientos de resoluci\u00f3n de litigios ante los tribunales de consumo.<\/span><\/p>\r\n<p><span style=\"font-size: 14px;\"><strong>Somos miembros de la iniciativa \u00ab\u00a0FairCommerce\u00a0\u00bb desde\u00a025.09.2018.<\/strong><br \/>\r\nPara m\u00e1s informaci\u00f3n, consulte:\u00a0<\/span><a style=\"font-size: 14px;\" href=\"https:\/\/www.haendlerbund.de\/de\/haendlerbund\/interessenvertretung\/faircommerce\" target=\"_blank\" rel=\"noopener\">www.haendlerbund.de\/faircommerce<\/a>.<\/p>","protected":false},"excerpt":{"rendered":"Reconocimiento legal del oferente: Antarus AG Bahnstrasse 1 \/ HTC 2 8274 Taegerwilen Suiza Representada por el miembro de la Comisi\u00f3n Directiva Oliver Drehmann Tel\u00e9fono: +41 71 250 00 01 Fax: +41 71 250 00 04 E-Mail: info@luciaphone.com \u00a0 Identificaci\u00f3n tributaria del impuesto a las ganancias: CHE188.796.290 MWST inscripto en el Registro P\u00fablico de Comercio&nbsp; <a href=\"https:\/\/luciaphone.ch\/es\/impressum\/\">&hellip; Read more <i class=\"glyphicon glyphicon-arrow-right\"><\/i><\/a><\/p>","protected":false},"author":1,"featured_media":0,"parent":0,"menu_order":0,"comment_status":"closed","ping_status":"closed","template":"","meta":{"_monsterinsights_skip_tracking":false,"_monsterinsights_sitenote_active":false,"_monsterinsights_sitenote_note":"","_monsterinsights_sitenote_category":0,"footnotes":""},"class_list":["post-9780","page","type-page","status-publish","hentry"],"acf":[],"yoast_head":"<!-- This site is optimized with the Yoast SEO plugin v20.4 - https:\/\/yoast.com\/wordpress\/plugins\/seo\/ -->\n<title>Aviso legal &ndash; Lucia<\/title>\n<meta name=\"robots\" content=\"index, follow, max-snippet:-1, max-image-preview:large, max-video-preview:-1\" \/>\n<link rel=\"canonical\" href=\"https:\/\/luciaphone.ch\/es\/impressum\/\" \/>\n<meta property=\"og:locale\" content=\"es_ES\" \/>\n<meta property=\"og:type\" content=\"article\" \/>\n<meta property=\"og:title\" content=\"Aviso legal &ndash; Lucia\" \/>\n<meta property=\"og:description\" content=\"Reconocimiento legal del oferente: Antarus AG Bahnstrasse 1 \/ HTC 2 8274 Taegerwilen Suiza Representada por el miembro de la Comisi\u00f3n Directiva Oliver Drehmann Tel\u00e9fono: +41 71 250 00 01 Fax: +41 71 250 00 04 E-Mail: info@luciaphone.com \u00a0 Identificaci\u00f3n tributaria del impuesto a las ganancias: CHE188.796.290 MWST inscripto en el Registro P\u00fablico de Comercio&nbsp; &hellip; Read more\" \/>\n<meta property=\"og:url\" content=\"https:\/\/luciaphone.ch\/es\/impressum\/\" \/>\n<meta property=\"og:site_name\" content=\"Lucia\" \/>\n<meta property=\"article:modified_time\" content=\"2023-12-18T12:45:58+00:00\" \/>\n<meta name=\"twitter:card\" content=\"summary_large_image\" \/>\n<meta name=\"twitter:label1\" content=\"Tiempo de lectura\" \/>\n\t<meta name=\"twitter:data1\" content=\"1 minuto\" \/>\n<script type=\"application\/ld+json\" class=\"yoast-schema-graph\">{\"@context\":\"https:\/\/schema.org\",\"@graph\":[{\"@type\":\"WebPage\",\"@id\":\"https:\/\/luciaphone.ch\/es\/impressum\/\",\"url\":\"https:\/\/luciaphone.ch\/es\/impressum\/\",\"name\":\"Aviso legal &ndash; Lucia\",\"isPartOf\":{\"@id\":\"https:\/\/luciaphone.ch\/es\/#website\"},\"datePublished\":\"2019-08-12T11:19:46+00:00\",\"dateModified\":\"2023-12-18T12:45:58+00:00\",\"breadcrumb\":{\"@id\":\"https:\/\/luciaphone.ch\/es\/impressum\/#breadcrumb\"},\"inLanguage\":\"es\",\"potentialAction\":[{\"@type\":\"ReadAction\",\"target\":[\"https:\/\/luciaphone.ch\/es\/impressum\/\"]}]},{\"@type\":\"BreadcrumbList\",\"@id\":\"https:\/\/luciaphone.ch\/es\/impressum\/#breadcrumb\",\"itemListElement\":[{\"@type\":\"ListItem\",\"position\":1,\"name\":\"Home\",\"item\":\"https:\/\/luciaphone.ch\/es\/\"},{\"@type\":\"ListItem\",\"position\":2,\"name\":\"Aviso legal\"}]},{\"@type\":\"WebSite\",\"@id\":\"https:\/\/luciaphone.ch\/es\/#website\",\"url\":\"https:\/\/luciaphone.ch\/es\/\",\"name\":\"Lucia\",\"description\":\"For Individuals Who Are Blind, Low Vision, Hard of Hearing or Seniors\",\"publisher\":{\"@id\":\"https:\/\/luciaphone.ch\/es\/#organization\"},\"potentialAction\":[{\"@type\":\"SearchAction\",\"target\":{\"@type\":\"EntryPoint\",\"urlTemplate\":\"https:\/\/luciaphone.ch\/es\/?s={search_term_string}\"},\"query-input\":\"required name=search_term_string\"}],\"inLanguage\":\"es\"},{\"@type\":\"Organization\",\"@id\":\"https:\/\/luciaphone.ch\/es\/#organization\",\"name\":\"Lucia Phone\",\"alternateName\":\"Luciaphone\",\"url\":\"https:\/\/luciaphone.ch\/es\/\",\"logo\":{\"@type\":\"ImageObject\",\"inLanguage\":\"es\",\"@id\":\"https:\/\/luciaphone.ch\/es\/#\/schema\/logo\/image\/\",\"url\":\"https:\/\/luciaphone.ch\/wp-content\/uploads\/2019\/07\/lucia-logo-invoice.jpg\",\"contentUrl\":\"https:\/\/luciaphone.ch\/wp-content\/uploads\/2019\/07\/lucia-logo-invoice.jpg\",\"width\":300,\"height\":87,\"caption\":\"Lucia Phone\"},\"image\":{\"@id\":\"https:\/\/luciaphone.ch\/es\/#\/schema\/logo\/image\/\"}}]}<\/script>\n<!-- \/ Yoast SEO plugin. -->","yoast_head_json":{"title":"Aviso legal &ndash; Lucia","robots":{"index":"index","follow":"follow","max-snippet":"max-snippet:-1","max-image-preview":"max-image-preview:large","max-video-preview":"max-video-preview:-1"},"canonical":"https:\/\/luciaphone.ch\/es\/impressum\/","og_locale":"es_ES","og_type":"article","og_title":"Aviso legal &ndash; Lucia","og_description":"Reconocimiento legal del oferente: Antarus AG Bahnstrasse 1 \/ HTC 2 8274 Taegerwilen Suiza Representada por el miembro de la Comisi\u00f3n Directiva Oliver Drehmann Tel\u00e9fono: +41 71 250 00 01 Fax: +41 71 250 00 04 E-Mail: info@luciaphone.com \u00a0 Identificaci\u00f3n tributaria del impuesto a las ganancias: CHE188.796.290 MWST inscripto en el Registro P\u00fablico de Comercio&nbsp; &hellip; Read more","og_url":"https:\/\/luciaphone.ch\/es\/impressum\/","og_site_name":"Lucia","article_modified_time":"2023-12-18T12:45:58+00:00","twitter_card":"summary_large_image","twitter_misc":{"Tiempo de lectura":"1 minuto"},"schema":{"@context":"https:\/\/schema.org","@graph":[{"@type":"WebPage","@id":"https:\/\/luciaphone.ch\/es\/impressum\/","url":"https:\/\/luciaphone.ch\/es\/impressum\/","name":"Aviso legal &ndash; Lucia","isPartOf":{"@id":"https:\/\/luciaphone.ch\/es\/#website"},"datePublished":"2019-08-12T11:19:46+00:00","dateModified":"2023-12-18T12:45:58+00:00","breadcrumb":{"@id":"https:\/\/luciaphone.ch\/es\/impressum\/#breadcrumb"},"inLanguage":"es","potentialAction":[{"@type":"ReadAction","target":["https:\/\/luciaphone.ch\/es\/impressum\/"]}]},{"@type":"BreadcrumbList","@id":"https:\/\/luciaphone.ch\/es\/impressum\/#breadcrumb","itemListElement":[{"@type":"ListItem","position":1,"name":"Home","item":"https:\/\/luciaphone.ch\/es\/"},{"@type":"ListItem","position":2,"name":"Aviso legal"}]},{"@type":"WebSite","@id":"https:\/\/luciaphone.ch\/es\/#website","url":"https:\/\/luciaphone.ch\/es\/","name":"Lucia","description":"For Individuals Who Are Blind, Low Vision, Hard of Hearing or Seniors","publisher":{"@id":"https:\/\/luciaphone.ch\/es\/#organization"},"potentialAction":[{"@type":"SearchAction","target":{"@type":"EntryPoint","urlTemplate":"https:\/\/luciaphone.ch\/es\/?s={search_term_string}"},"query-input":"required name=search_term_string"}],"inLanguage":"es"},{"@type":"Organization","@id":"https:\/\/luciaphone.ch\/es\/#organization","name":"Lucia Phone","alternateName":"Luciaphone","url":"https:\/\/luciaphone.ch\/es\/","logo":{"@type":"ImageObject","inLanguage":"es","@id":"https:\/\/luciaphone.ch\/es\/#\/schema\/logo\/image\/","url":"https:\/\/luciaphone.ch\/wp-content\/uploads\/2019\/07\/lucia-logo-invoice.jpg","contentUrl":"https:\/\/luciaphone.ch\/wp-content\/uploads\/2019\/07\/lucia-logo-invoice.jpg","width":300,"height":87,"caption":"Lucia Phone"},"image":{"@id":"https:\/\/luciaphone.ch\/es\/#\/schema\/logo\/image\/"}}]}},"_links":{"self":[{"href":"https:\/\/luciaphone.ch\/es\/wp-json\/wp\/v2\/pages\/9780","targetHints":{"allow":["GET"]}}],"collection":[{"href":"https:\/\/luciaphone.ch\/es\/wp-json\/wp\/v2\/pages"}],"about":[{"href":"https:\/\/luciaphone.ch\/es\/wp-json\/wp\/v2\/types\/page"}],"author":[{"embeddable":true,"href":"https:\/\/luciaphone.ch\/es\/wp-json\/wp\/v2\/users\/1"}],"replies":[{"embeddable":true,"href":"https:\/\/luciaphone.ch\/es\/wp-json\/wp\/v2\/comments?post=9780"}],"version-history":[{"count":5,"href":"https:\/\/luciaphone.ch\/es\/wp-json\/wp\/v2\/pages\/9780\/revisions"}],"predecessor-version":[{"id":14628,"href":"https:\/\/luciaphone.ch\/es\/wp-json\/wp\/v2\/pages\/9780\/revisions\/14628"}],"wp:attachment":[{"href":"https:\/\/luciaphone.ch\/es\/wp-json\/wp\/v2\/media?parent=9780"}],"curies":[{"name":"wp","href":"https:\/\/api.w.org\/{rel}","templated":true}]}}