{"id":14096,"date":"2021-10-06T18:35:48","date_gmt":"2021-10-06T18:35:53","guid":{"rendered":"https:\/\/luciaphone.ch\/?post_type=product&#038;p=14096"},"modified":"2023-05-23T22:27:46","modified_gmt":"2023-05-23T22:27:46","slug":"lucia-v2","status":"publish","type":"product","link":"https:\/\/luciaphone.ch\/es\/shop\/lucia-v2\/","title":{"rendered":"Lucia V2"},"content":{"rendered":"","protected":false},"excerpt":{"rendered":"<p>El tel\u00e9fono m\u00f3vil de habla m\u00e1s avanzado para personas con discapacidad visual, ciegas, con problemas de audici\u00f3n o personas mayores.<\/p>\r\n<p>Lucia es un tel\u00e9fono m\u00f3vil f\u00e1cil de usar que permite a las personas discapacitadas permanecer independientes.<\/p>\r\n<p>Las caracter\u00edsticas avanzadas, como los botones accesibles en diferentes colores y formas, la gu\u00eda de voz para transformar el tel\u00e9fono en un compa\u00f1ero de conversaci\u00f3n.<\/p>\r\n<p>El dise\u00f1o ergon\u00f3mico y la duraci\u00f3n larga de la bater\u00eda, hacen de este tel\u00e9fono de alta calidad fabricado en Suiza el tel\u00e9fono m\u00f3vil perfecto para los usuarios discapacitados.<\/p>\r\n<p>Desbloqueado para 4G (LTE), 3G (UMTS), 2G (GSM) compatibles.<\/p>\r\n<p>El juego contiene un cargador de pared con un enchufe espec\u00edfico de la regi\u00f3n y un cable de carga USB.<\/p>","protected":false},"featured_media":851,"template":"","meta":{"_monsterinsights_skip_tracking":false,"_monsterinsights_sitenote_active":false,"_monsterinsights_sitenote_note":"","_monsterinsights_sitenote_category":0},"product_cat":[110,79],"product_tag":[],"class_list":["post-14096","product","type-product","status-publish","has-post-thumbnail","hentry","product_cat-smartphone-es","product_cat-uncategorized-es","product_shipping_class-lucia-only-es"],"acf":[],"yoast_head":"<!-- This site is optimized with the Yoast SEO plugin v20.4 - https:\/\/yoast.com\/wordpress\/plugins\/seo\/ -->\n<title>Lucia V2 &ndash; Lucia<\/title>\n<meta name=\"robots\" content=\"index, follow, max-snippet:-1, max-image-preview:large, max-video-preview:-1\" \/>\n<link rel=\"canonical\" href=\"https:\/\/luciaphone.ch\/es\/shop\/lucia-v2\/\" \/>\n<meta property=\"og:locale\" content=\"es_ES\" \/>\n<meta property=\"og:type\" content=\"article\" \/>\n<meta property=\"og:title\" content=\"Lucia V2 &ndash; Lucia\" \/>\n<meta property=\"og:description\" content=\"El tel\u00e9fono m\u00f3vil de habla m\u00e1s avanzado para personas con discapacidad visual, ciegas, con problemas de audici\u00f3n o personas mayores. Lucia es un tel\u00e9fono m\u00f3vil f\u00e1cil de usar que permite a las personas discapacitadas permanecer independientes. Las caracter\u00edsticas avanzadas, como los botones accesibles en diferentes colores y formas, la gu\u00eda de voz para transformar el tel\u00e9fono en un compa\u00f1ero de conversaci\u00f3n. El dise\u00f1o ergon\u00f3mico y la duraci\u00f3n larga de la bater\u00eda, hacen de este tel\u00e9fono de alta calidad fabricado en Suiza el tel\u00e9fono m\u00f3vil perfecto para los usuarios discapacitados. Desbloqueado para 4G (LTE), 3G (UMTS), 2G (GSM) compatibles. El juego contiene un cargador de pared con un enchufe espec\u00edfico de la regi\u00f3n y un cable de carga USB.\" \/>\n<meta property=\"og:url\" content=\"https:\/\/luciaphone.ch\/es\/shop\/lucia-v2\/\" \/>\n<meta property=\"og:site_name\" content=\"Lucia\" \/>\n<meta property=\"article:modified_time\" content=\"2023-05-23T22:27:46+00:00\" \/>\n<meta name=\"twitter:card\" content=\"summary_large_image\" \/>\n<script type=\"application\/ld+json\" class=\"yoast-schema-graph\">{\"@context\":\"https:\/\/schema.org\",\"@graph\":[{\"@type\":\"WebPage\",\"@id\":\"https:\/\/luciaphone.ch\/es\/shop\/lucia-v2\/\",\"url\":\"https:\/\/luciaphone.ch\/es\/shop\/lucia-v2\/\",\"name\":\"Lucia V2 &ndash; Lucia\",\"isPartOf\":{\"@id\":\"https:\/\/luciaphone.ch\/es\/#website\"},\"datePublished\":\"2021-10-06T18:35:53+00:00\",\"dateModified\":\"2023-05-23T22:27:46+00:00\",\"breadcrumb\":{\"@id\":\"https:\/\/luciaphone.ch\/es\/shop\/lucia-v2\/#breadcrumb\"},\"inLanguage\":\"es\",\"potentialAction\":[{\"@type\":\"ReadAction\",\"target\":[\"https:\/\/luciaphone.ch\/es\/shop\/lucia-v2\/\"]}]},{\"@type\":\"BreadcrumbList\",\"@id\":\"https:\/\/luciaphone.ch\/es\/shop\/lucia-v2\/#breadcrumb\",\"itemListElement\":[{\"@type\":\"ListItem\",\"position\":1,\"name\":\"Home\",\"item\":\"https:\/\/luciaphone.ch\/es\/\"},{\"@type\":\"ListItem\",\"position\":2,\"name\":\"Tienda\",\"item\":\"https:\/\/luciaphone.ch\/es\/shop-2\/\"},{\"@type\":\"ListItem\",\"position\":3,\"name\":\"Lucia V2\"}]},{\"@type\":\"WebSite\",\"@id\":\"https:\/\/luciaphone.ch\/es\/#website\",\"url\":\"https:\/\/luciaphone.ch\/es\/\",\"name\":\"Lucia\",\"description\":\"For Individuals Who Are Blind, Low Vision, Hard of Hearing or Seniors\",\"publisher\":{\"@id\":\"https:\/\/luciaphone.ch\/es\/#organization\"},\"potentialAction\":[{\"@type\":\"SearchAction\",\"target\":{\"@type\":\"EntryPoint\",\"urlTemplate\":\"https:\/\/luciaphone.ch\/es\/?s={search_term_string}\"},\"query-input\":\"required name=search_term_string\"}],\"inLanguage\":\"es\"},{\"@type\":\"Organization\",\"@id\":\"https:\/\/luciaphone.ch\/es\/#organization\",\"name\":\"Lucia Phone\",\"alternateName\":\"Luciaphone\",\"url\":\"https:\/\/luciaphone.ch\/es\/\",\"logo\":{\"@type\":\"ImageObject\",\"inLanguage\":\"es\",\"@id\":\"https:\/\/luciaphone.ch\/es\/#\/schema\/logo\/image\/\",\"url\":\"https:\/\/luciaphone.ch\/wp-content\/uploads\/2019\/07\/lucia-logo-invoice.jpg\",\"contentUrl\":\"https:\/\/luciaphone.ch\/wp-content\/uploads\/2019\/07\/lucia-logo-invoice.jpg\",\"width\":300,\"height\":87,\"caption\":\"Lucia Phone\"},\"image\":{\"@id\":\"https:\/\/luciaphone.ch\/es\/#\/schema\/logo\/image\/\"}}]}<\/script>\n<!-- \/ Yoast SEO plugin. -->","yoast_head_json":{"title":"Lucia V2 &ndash; Lucia","robots":{"index":"index","follow":"follow","max-snippet":"max-snippet:-1","max-image-preview":"max-image-preview:large","max-video-preview":"max-video-preview:-1"},"canonical":"https:\/\/luciaphone.ch\/es\/shop\/lucia-v2\/","og_locale":"es_ES","og_type":"article","og_title":"Lucia V2 &ndash; Lucia","og_description":"El tel\u00e9fono m\u00f3vil de habla m\u00e1s avanzado para personas con discapacidad visual, ciegas, con problemas de audici\u00f3n o personas mayores. Lucia es un tel\u00e9fono m\u00f3vil f\u00e1cil de usar que permite a las personas discapacitadas permanecer independientes. Las caracter\u00edsticas avanzadas, como los botones accesibles en diferentes colores y formas, la gu\u00eda de voz para transformar el tel\u00e9fono en un compa\u00f1ero de conversaci\u00f3n. El dise\u00f1o ergon\u00f3mico y la duraci\u00f3n larga de la bater\u00eda, hacen de este tel\u00e9fono de alta calidad fabricado en Suiza el tel\u00e9fono m\u00f3vil perfecto para los usuarios discapacitados. Desbloqueado para 4G (LTE), 3G (UMTS), 2G (GSM) compatibles. El juego contiene un cargador de pared con un enchufe espec\u00edfico de la regi\u00f3n y un cable de carga USB.","og_url":"https:\/\/luciaphone.ch\/es\/shop\/lucia-v2\/","og_site_name":"Lucia","article_modified_time":"2023-05-23T22:27:46+00:00","twitter_card":"summary_large_image","schema":{"@context":"https:\/\/schema.org","@graph":[{"@type":"WebPage","@id":"https:\/\/luciaphone.ch\/es\/shop\/lucia-v2\/","url":"https:\/\/luciaphone.ch\/es\/shop\/lucia-v2\/","name":"Lucia V2 &ndash; Lucia","isPartOf":{"@id":"https:\/\/luciaphone.ch\/es\/#website"},"datePublished":"2021-10-06T18:35:53+00:00","dateModified":"2023-05-23T22:27:46+00:00","breadcrumb":{"@id":"https:\/\/luciaphone.ch\/es\/shop\/lucia-v2\/#breadcrumb"},"inLanguage":"es","potentialAction":[{"@type":"ReadAction","target":["https:\/\/luciaphone.ch\/es\/shop\/lucia-v2\/"]}]},{"@type":"BreadcrumbList","@id":"https:\/\/luciaphone.ch\/es\/shop\/lucia-v2\/#breadcrumb","itemListElement":[{"@type":"ListItem","position":1,"name":"Home","item":"https:\/\/luciaphone.ch\/es\/"},{"@type":"ListItem","position":2,"name":"Tienda","item":"https:\/\/luciaphone.ch\/es\/shop-2\/"},{"@type":"ListItem","position":3,"name":"Lucia V2"}]},{"@type":"WebSite","@id":"https:\/\/luciaphone.ch\/es\/#website","url":"https:\/\/luciaphone.ch\/es\/","name":"Lucia","description":"For Individuals Who Are Blind, Low Vision, Hard of Hearing or Seniors","publisher":{"@id":"https:\/\/luciaphone.ch\/es\/#organization"},"potentialAction":[{"@type":"SearchAction","target":{"@type":"EntryPoint","urlTemplate":"https:\/\/luciaphone.ch\/es\/?s={search_term_string}"},"query-input":"required name=search_term_string"}],"inLanguage":"es"},{"@type":"Organization","@id":"https:\/\/luciaphone.ch\/es\/#organization","name":"Lucia Phone","alternateName":"Luciaphone","url":"https:\/\/luciaphone.ch\/es\/","logo":{"@type":"ImageObject","inLanguage":"es","@id":"https:\/\/luciaphone.ch\/es\/#\/schema\/logo\/image\/","url":"https:\/\/luciaphone.ch\/wp-content\/uploads\/2019\/07\/lucia-logo-invoice.jpg","contentUrl":"https:\/\/luciaphone.ch\/wp-content\/uploads\/2019\/07\/lucia-logo-invoice.jpg","width":300,"height":87,"caption":"Lucia Phone"},"image":{"@id":"https:\/\/luciaphone.ch\/es\/#\/schema\/logo\/image\/"}}]}},"_links":{"self":[{"href":"https:\/\/luciaphone.ch\/es\/wp-json\/wp\/v2\/product\/14096","targetHints":{"allow":["GET"]}}],"collection":[{"href":"https:\/\/luciaphone.ch\/es\/wp-json\/wp\/v2\/product"}],"about":[{"href":"https:\/\/luciaphone.ch\/es\/wp-json\/wp\/v2\/types\/product"}],"wp:featuredmedia":[{"embeddable":true,"href":"https:\/\/luciaphone.ch\/es\/wp-json\/wp\/v2\/media\/851"}],"wp:attachment":[{"href":"https:\/\/luciaphone.ch\/es\/wp-json\/wp\/v2\/media?parent=14096"}],"wp:term":[{"taxonomy":"product_cat","embeddable":true,"href":"https:\/\/luciaphone.ch\/es\/wp-json\/wp\/v2\/product_cat?post=14096"},{"taxonomy":"product_tag","embeddable":true,"href":"https:\/\/luciaphone.ch\/es\/wp-json\/wp\/v2\/product_tag?post=14096"}],"curies":[{"name":"wp","href":"https:\/\/api.w.org\/{rel}","templated":true}]}}