{"id":9655,"date":"2018-10-17T15:01:32","date_gmt":"2018-10-17T15:01:32","guid":{"rendered":"https:\/\/luciaphone.ch\/shop\/cargador-de-pared-para-el-movil-lucia-enchufe-ue\/"},"modified":"2022-02-13T13:06:24","modified_gmt":"2022-02-13T13:06:24","slug":"cargador-de-pared-para-el-movil-lucia-enchufe-ue","status":"publish","type":"product","link":"https:\/\/luciaphone.ch\/es\/shop\/cargador-de-pared-para-el-movil-lucia-enchufe-ue\/","title":{"rendered":"Cargador de Pared para el m\u00f3vil Lucia<br \/>(Enchufe UE)"},"content":{"rendered":"<p>Cargue de forma segura con el cargador de pared personalizado de Luc\u00eda. La bater\u00eda Lucia obtendr\u00e1 suficiente potencia para d\u00edas en solo horas con este cargador de pared. El cable USB tipo C se vende aparte.<\/p>","protected":false},"excerpt":{"rendered":"<p>El cargador de pared Lucia proviene d\u00edas de potencia en solo horas.<\/p>","protected":false},"featured_media":9516,"template":"","meta":{"_monsterinsights_skip_tracking":false,"_monsterinsights_sitenote_active":false,"_monsterinsights_sitenote_note":"","_monsterinsights_sitenote_category":0},"product_cat":[79],"product_tag":[],"class_list":["post-9655","product","type-product","status-publish","has-post-thumbnail","hentry","product_cat-uncategorized-es","product_shipping_class-accessories-es"],"acf":[],"yoast_head":"<!-- This site is optimized with the Yoast SEO plugin v20.4 - https:\/\/yoast.com\/wordpress\/plugins\/seo\/ -->\n<title>Cargador de Pared para el m\u00f3vil Lucia(Enchufe UE) &ndash; Lucia<\/title>\n<meta name=\"robots\" content=\"index, follow, max-snippet:-1, max-image-preview:large, max-video-preview:-1\" \/>\n<link rel=\"canonical\" href=\"https:\/\/luciaphone.ch\/es\/shop\/cargador-de-pared-para-el-movil-lucia-enchufe-ue\/\" \/>\n<meta property=\"og:locale\" content=\"es_ES\" \/>\n<meta property=\"og:type\" content=\"article\" \/>\n<meta property=\"og:title\" content=\"Cargador de Pared para el m\u00f3vil Lucia(Enchufe UE) &ndash; Lucia\" \/>\n<meta property=\"og:description\" content=\"El cargador de pared Lucia proviene d\u00edas de potencia en solo horas.\" \/>\n<meta property=\"og:url\" content=\"https:\/\/luciaphone.ch\/es\/shop\/cargador-de-pared-para-el-movil-lucia-enchufe-ue\/\" \/>\n<meta property=\"og:site_name\" content=\"Lucia\" \/>\n<meta property=\"article:modified_time\" content=\"2022-02-13T13:06:24+00:00\" \/>\n<meta property=\"og:image\" content=\"https:\/\/luciaphone.ch\/wp-content\/uploads\/2019\/08\/DSC8841.png\" \/>\n\t<meta property=\"og:image:width\" content=\"750\" \/>\n\t<meta property=\"og:image:height\" content=\"767\" \/>\n\t<meta property=\"og:image:type\" content=\"image\/png\" \/>\n<meta name=\"twitter:card\" content=\"summary_large_image\" \/>\n<script type=\"application\/ld+json\" class=\"yoast-schema-graph\">{\"@context\":\"https:\/\/schema.org\",\"@graph\":[{\"@type\":\"WebPage\",\"@id\":\"https:\/\/luciaphone.ch\/es\/shop\/cargador-de-pared-para-el-movil-lucia-enchufe-ue\/\",\"url\":\"https:\/\/luciaphone.ch\/es\/shop\/cargador-de-pared-para-el-movil-lucia-enchufe-ue\/\",\"name\":\"Cargador de Pared para el m\u00f3vil Lucia (Enchufe UE) &ndash; Lucia\",\"isPartOf\":{\"@id\":\"https:\/\/luciaphone.ch\/es\/#website\"},\"datePublished\":\"2018-10-17T15:01:32+00:00\",\"dateModified\":\"2022-02-13T13:06:24+00:00\",\"breadcrumb\":{\"@id\":\"https:\/\/luciaphone.ch\/es\/shop\/cargador-de-pared-para-el-movil-lucia-enchufe-ue\/#breadcrumb\"},\"inLanguage\":\"es\",\"potentialAction\":[{\"@type\":\"ReadAction\",\"target\":[\"https:\/\/luciaphone.ch\/es\/shop\/cargador-de-pared-para-el-movil-lucia-enchufe-ue\/\"]}]},{\"@type\":\"BreadcrumbList\",\"@id\":\"https:\/\/luciaphone.ch\/es\/shop\/cargador-de-pared-para-el-movil-lucia-enchufe-ue\/#breadcrumb\",\"itemListElement\":[{\"@type\":\"ListItem\",\"position\":1,\"name\":\"Home\",\"item\":\"https:\/\/luciaphone.ch\/es\/\"},{\"@type\":\"ListItem\",\"position\":2,\"name\":\"Tienda\",\"item\":\"https:\/\/luciaphone.ch\/es\/shop-2\/\"},{\"@type\":\"ListItem\",\"position\":3,\"name\":\"Cargador de Pared para el m\u00f3vil Lucia(Enchufe UE)\"}]},{\"@type\":\"WebSite\",\"@id\":\"https:\/\/luciaphone.ch\/es\/#website\",\"url\":\"https:\/\/luciaphone.ch\/es\/\",\"name\":\"Lucia\",\"description\":\"For Individuals Who Are Blind, Low Vision, Hard of Hearing or Seniors\",\"publisher\":{\"@id\":\"https:\/\/luciaphone.ch\/es\/#organization\"},\"potentialAction\":[{\"@type\":\"SearchAction\",\"target\":{\"@type\":\"EntryPoint\",\"urlTemplate\":\"https:\/\/luciaphone.ch\/es\/?s={search_term_string}\"},\"query-input\":\"required name=search_term_string\"}],\"inLanguage\":\"es\"},{\"@type\":\"Organization\",\"@id\":\"https:\/\/luciaphone.ch\/es\/#organization\",\"name\":\"Lucia Phone\",\"alternateName\":\"Luciaphone\",\"url\":\"https:\/\/luciaphone.ch\/es\/\",\"logo\":{\"@type\":\"ImageObject\",\"inLanguage\":\"es\",\"@id\":\"https:\/\/luciaphone.ch\/es\/#\/schema\/logo\/image\/\",\"url\":\"https:\/\/luciaphone.ch\/wp-content\/uploads\/2019\/07\/lucia-logo-invoice.jpg\",\"contentUrl\":\"https:\/\/luciaphone.ch\/wp-content\/uploads\/2019\/07\/lucia-logo-invoice.jpg\",\"width\":300,\"height\":87,\"caption\":\"Lucia Phone\"},\"image\":{\"@id\":\"https:\/\/luciaphone.ch\/es\/#\/schema\/logo\/image\/\"}}]}<\/script>\n<!-- \/ Yoast SEO plugin. -->","yoast_head_json":{"title":"Cargador de Pared para el m\u00f3vil Lucia(Enchufe UE) &ndash; Lucia","robots":{"index":"index","follow":"follow","max-snippet":"max-snippet:-1","max-image-preview":"max-image-preview:large","max-video-preview":"max-video-preview:-1"},"canonical":"https:\/\/luciaphone.ch\/es\/shop\/cargador-de-pared-para-el-movil-lucia-enchufe-ue\/","og_locale":"es_ES","og_type":"article","og_title":"Cargador de Pared para el m\u00f3vil Lucia(Enchufe UE) &ndash; Lucia","og_description":"El cargador de pared Lucia proviene d\u00edas de potencia en solo horas.","og_url":"https:\/\/luciaphone.ch\/es\/shop\/cargador-de-pared-para-el-movil-lucia-enchufe-ue\/","og_site_name":"Lucia","article_modified_time":"2022-02-13T13:06:24+00:00","og_image":[{"width":750,"height":767,"url":"https:\/\/luciaphone.ch\/wp-content\/uploads\/2019\/08\/DSC8841.png","type":"image\/png"}],"twitter_card":"summary_large_image","schema":{"@context":"https:\/\/schema.org","@graph":[{"@type":"WebPage","@id":"https:\/\/luciaphone.ch\/es\/shop\/cargador-de-pared-para-el-movil-lucia-enchufe-ue\/","url":"https:\/\/luciaphone.ch\/es\/shop\/cargador-de-pared-para-el-movil-lucia-enchufe-ue\/","name":"Cargador de Pared para el m\u00f3vil Lucia (Enchufe UE) &ndash; Lucia","isPartOf":{"@id":"https:\/\/luciaphone.ch\/es\/#website"},"datePublished":"2018-10-17T15:01:32+00:00","dateModified":"2022-02-13T13:06:24+00:00","breadcrumb":{"@id":"https:\/\/luciaphone.ch\/es\/shop\/cargador-de-pared-para-el-movil-lucia-enchufe-ue\/#breadcrumb"},"inLanguage":"es","potentialAction":[{"@type":"ReadAction","target":["https:\/\/luciaphone.ch\/es\/shop\/cargador-de-pared-para-el-movil-lucia-enchufe-ue\/"]}]},{"@type":"BreadcrumbList","@id":"https:\/\/luciaphone.ch\/es\/shop\/cargador-de-pared-para-el-movil-lucia-enchufe-ue\/#breadcrumb","itemListElement":[{"@type":"ListItem","position":1,"name":"Home","item":"https:\/\/luciaphone.ch\/es\/"},{"@type":"ListItem","position":2,"name":"Tienda","item":"https:\/\/luciaphone.ch\/es\/shop-2\/"},{"@type":"ListItem","position":3,"name":"Cargador de Pared para el m\u00f3vil Lucia(Enchufe UE)"}]},{"@type":"WebSite","@id":"https:\/\/luciaphone.ch\/es\/#website","url":"https:\/\/luciaphone.ch\/es\/","name":"Lucia","description":"For Individuals Who Are Blind, Low Vision, Hard of Hearing or Seniors","publisher":{"@id":"https:\/\/luciaphone.ch\/es\/#organization"},"potentialAction":[{"@type":"SearchAction","target":{"@type":"EntryPoint","urlTemplate":"https:\/\/luciaphone.ch\/es\/?s={search_term_string}"},"query-input":"required name=search_term_string"}],"inLanguage":"es"},{"@type":"Organization","@id":"https:\/\/luciaphone.ch\/es\/#organization","name":"Lucia Phone","alternateName":"Luciaphone","url":"https:\/\/luciaphone.ch\/es\/","logo":{"@type":"ImageObject","inLanguage":"es","@id":"https:\/\/luciaphone.ch\/es\/#\/schema\/logo\/image\/","url":"https:\/\/luciaphone.ch\/wp-content\/uploads\/2019\/07\/lucia-logo-invoice.jpg","contentUrl":"https:\/\/luciaphone.ch\/wp-content\/uploads\/2019\/07\/lucia-logo-invoice.jpg","width":300,"height":87,"caption":"Lucia Phone"},"image":{"@id":"https:\/\/luciaphone.ch\/es\/#\/schema\/logo\/image\/"}}]}},"_links":{"self":[{"href":"https:\/\/luciaphone.ch\/es\/wp-json\/wp\/v2\/product\/9655","targetHints":{"allow":["GET"]}}],"collection":[{"href":"https:\/\/luciaphone.ch\/es\/wp-json\/wp\/v2\/product"}],"about":[{"href":"https:\/\/luciaphone.ch\/es\/wp-json\/wp\/v2\/types\/product"}],"wp:featuredmedia":[{"embeddable":true,"href":"https:\/\/luciaphone.ch\/es\/wp-json\/wp\/v2\/media\/9516"}],"wp:attachment":[{"href":"https:\/\/luciaphone.ch\/es\/wp-json\/wp\/v2\/media?parent=9655"}],"wp:term":[{"taxonomy":"product_cat","embeddable":true,"href":"https:\/\/luciaphone.ch\/es\/wp-json\/wp\/v2\/product_cat?post=9655"},{"taxonomy":"product_tag","embeddable":true,"href":"https:\/\/luciaphone.ch\/es\/wp-json\/wp\/v2\/product_tag?post=9655"}],"curies":[{"name":"wp","href":"https:\/\/api.w.org\/{rel}","templated":true}]}}