{"id":1202,"date":"2019-08-07T09:35:35","date_gmt":"2019-08-07T09:35:35","guid":{"rendered":"https:\/\/luciaphone.ch\/?page_id=1202"},"modified":"2023-12-18T12:49:22","modified_gmt":"2023-12-18T12:49:22","slug":"a-propos-de-nous","status":"publish","type":"page","link":"https:\/\/luciaphone.ch\/fr\/a-propos-de-nous\/","title":{"rendered":"\u00c0 propos de nous"},"content":{"rendered":"<p>Antarus\u00a0AG est une soci\u00e9t\u00e9 sp\u00e9cialis\u00e9e dans le d\u00e9veloppement et la fabrication de t\u00e9l\u00e9phones mobiles accessibles. Nous associons des technologies de pointe \u00e0 une compr\u00e9hension profonde tant de l&rsquo;accessibilit\u00e9 que des besoins des personnes en situation de handicap pour d\u00e9velopper des solutions uniques. Les solutions propos\u00e9es par Antarus\u00a0AG r\u00e9pondent parfaitement aux besoins sp\u00e9cifiques des utilisateurs et \u00e0 leurs exigences. Parce que nous croyons en un monde dans lequel la communication est accessible et o\u00f9 les technologies d\u2019assistance de premier plan restent abordables, nous proposons des t\u00e9l\u00e9phones mobiles offrant le meilleur de la qualit\u00e9 Swiss Made. Antarus\u00a0AG attache une importance particuli\u00e8re \u00e0 la durabilit\u00e9. Les emballages de nos produits sont r\u00e9alis\u00e9s en papier exclusivement, ils sont enti\u00e8rement recyclables et biod\u00e9gradables. Antarus\u00a0AG est une soci\u00e9t\u00e9 suisse enregistr\u00e9e dans le Canton de Thurgovie.<\/p>\r\n<p>Num\u00e9ro de registre: CHE-188.796.290<\/p>\r\n<p>TVA: CHE188.796.290 TVA; no TVA.: DE319847854<\/p>","protected":false},"excerpt":{"rendered":"Antarus\u00a0AG est une soci\u00e9t\u00e9 sp\u00e9cialis\u00e9e dans le d\u00e9veloppement et la fabrication de t\u00e9l\u00e9phones mobiles accessibles. Nous associons des technologies de pointe \u00e0 une compr\u00e9hension profonde tant de l&rsquo;accessibilit\u00e9 que des besoins des personnes en situation de handicap pour d\u00e9velopper des solutions uniques. Les solutions propos\u00e9es par Antarus\u00a0AG r\u00e9pondent parfaitement aux besoins sp\u00e9cifiques des utilisateurs et&nbsp; <a href=\"https:\/\/luciaphone.ch\/fr\/a-propos-de-nous\/\">&hellip; Read more <i class=\"glyphicon glyphicon-arrow-right\"><\/i><\/a><\/p>","protected":false},"author":1,"featured_media":0,"parent":0,"menu_order":0,"comment_status":"closed","ping_status":"closed","template":"templates\/aboutus.php","meta":{"_monsterinsights_skip_tracking":false,"_monsterinsights_sitenote_active":false,"_monsterinsights_sitenote_note":"","_monsterinsights_sitenote_category":0,"footnotes":""},"class_list":["post-1202","page","type-page","status-publish","hentry"],"acf":[],"yoast_head":"<!-- This site is optimized with the Yoast SEO plugin v20.4 - https:\/\/yoast.com\/wordpress\/plugins\/seo\/ -->\n<title>\u00c0 propos de nous &ndash; Lucia<\/title>\n<meta name=\"robots\" content=\"index, follow, max-snippet:-1, max-image-preview:large, max-video-preview:-1\" \/>\n<link rel=\"canonical\" href=\"https:\/\/luciaphone.ch\/fr\/a-propos-de-nous\/\" \/>\n<meta property=\"og:locale\" content=\"fr_FR\" \/>\n<meta property=\"og:type\" content=\"article\" \/>\n<meta property=\"og:title\" content=\"\u00c0 propos de nous &ndash; Lucia\" \/>\n<meta property=\"og:description\" content=\"Antarus\u00a0AG est une soci\u00e9t\u00e9 sp\u00e9cialis\u00e9e dans le d\u00e9veloppement et la fabrication de t\u00e9l\u00e9phones mobiles accessibles. Nous associons des technologies de pointe \u00e0 une compr\u00e9hension profonde tant de l&rsquo;accessibilit\u00e9 que des besoins des personnes en situation de handicap pour d\u00e9velopper des solutions uniques. Les solutions propos\u00e9es par Antarus\u00a0AG r\u00e9pondent parfaitement aux besoins sp\u00e9cifiques des utilisateurs et&nbsp; &hellip; Read more\" \/>\n<meta property=\"og:url\" content=\"https:\/\/luciaphone.ch\/fr\/a-propos-de-nous\/\" \/>\n<meta property=\"og:site_name\" content=\"Lucia\" \/>\n<meta property=\"article:modified_time\" content=\"2023-12-18T12:49:22+00:00\" \/>\n<meta name=\"twitter:card\" content=\"summary_large_image\" \/>\n<meta name=\"twitter:label1\" content=\"Dur\u00e9e de lecture estim\u00e9e\" \/>\n\t<meta name=\"twitter:data1\" content=\"1 minute\" \/>\n<script type=\"application\/ld+json\" class=\"yoast-schema-graph\">{\"@context\":\"https:\/\/schema.org\",\"@graph\":[{\"@type\":\"WebPage\",\"@id\":\"https:\/\/luciaphone.ch\/fr\/a-propos-de-nous\/\",\"url\":\"https:\/\/luciaphone.ch\/fr\/a-propos-de-nous\/\",\"name\":\"\u00c0 propos de nous &ndash; Lucia\",\"isPartOf\":{\"@id\":\"https:\/\/luciaphone.ch\/fr\/#website\"},\"datePublished\":\"2019-08-07T09:35:35+00:00\",\"dateModified\":\"2023-12-18T12:49:22+00:00\",\"breadcrumb\":{\"@id\":\"https:\/\/luciaphone.ch\/fr\/a-propos-de-nous\/#breadcrumb\"},\"inLanguage\":\"fr-FR\",\"potentialAction\":[{\"@type\":\"ReadAction\",\"target\":[\"https:\/\/luciaphone.ch\/fr\/a-propos-de-nous\/\"]}]},{\"@type\":\"BreadcrumbList\",\"@id\":\"https:\/\/luciaphone.ch\/fr\/a-propos-de-nous\/#breadcrumb\",\"itemListElement\":[{\"@type\":\"ListItem\",\"position\":1,\"name\":\"Home\",\"item\":\"https:\/\/luciaphone.ch\/fr\/\"},{\"@type\":\"ListItem\",\"position\":2,\"name\":\"\u00c0 propos de nous\"}]},{\"@type\":\"WebSite\",\"@id\":\"https:\/\/luciaphone.ch\/fr\/#website\",\"url\":\"https:\/\/luciaphone.ch\/fr\/\",\"name\":\"Lucia\",\"description\":\"For Individuals Who Are Blind, Low Vision, Hard of Hearing or Seniors\",\"publisher\":{\"@id\":\"https:\/\/luciaphone.ch\/fr\/#organization\"},\"potentialAction\":[{\"@type\":\"SearchAction\",\"target\":{\"@type\":\"EntryPoint\",\"urlTemplate\":\"https:\/\/luciaphone.ch\/fr\/?s={search_term_string}\"},\"query-input\":\"required name=search_term_string\"}],\"inLanguage\":\"fr-FR\"},{\"@type\":\"Organization\",\"@id\":\"https:\/\/luciaphone.ch\/fr\/#organization\",\"name\":\"Lucia Phone\",\"alternateName\":\"Luciaphone\",\"url\":\"https:\/\/luciaphone.ch\/fr\/\",\"logo\":{\"@type\":\"ImageObject\",\"inLanguage\":\"fr-FR\",\"@id\":\"https:\/\/luciaphone.ch\/fr\/#\/schema\/logo\/image\/\",\"url\":\"https:\/\/luciaphone.ch\/wp-content\/uploads\/2019\/07\/lucia-logo-invoice.jpg\",\"contentUrl\":\"https:\/\/luciaphone.ch\/wp-content\/uploads\/2019\/07\/lucia-logo-invoice.jpg\",\"width\":300,\"height\":87,\"caption\":\"Lucia Phone\"},\"image\":{\"@id\":\"https:\/\/luciaphone.ch\/fr\/#\/schema\/logo\/image\/\"}}]}<\/script>\n<!-- \/ Yoast SEO plugin. -->","yoast_head_json":{"title":"\u00c0 propos de nous &ndash; Lucia","robots":{"index":"index","follow":"follow","max-snippet":"max-snippet:-1","max-image-preview":"max-image-preview:large","max-video-preview":"max-video-preview:-1"},"canonical":"https:\/\/luciaphone.ch\/fr\/a-propos-de-nous\/","og_locale":"fr_FR","og_type":"article","og_title":"\u00c0 propos de nous &ndash; Lucia","og_description":"Antarus\u00a0AG est une soci\u00e9t\u00e9 sp\u00e9cialis\u00e9e dans le d\u00e9veloppement et la fabrication de t\u00e9l\u00e9phones mobiles accessibles. Nous associons des technologies de pointe \u00e0 une compr\u00e9hension profonde tant de l&rsquo;accessibilit\u00e9 que des besoins des personnes en situation de handicap pour d\u00e9velopper des solutions uniques. Les solutions propos\u00e9es par Antarus\u00a0AG r\u00e9pondent parfaitement aux besoins sp\u00e9cifiques des utilisateurs et&nbsp; &hellip; Read more","og_url":"https:\/\/luciaphone.ch\/fr\/a-propos-de-nous\/","og_site_name":"Lucia","article_modified_time":"2023-12-18T12:49:22+00:00","twitter_card":"summary_large_image","twitter_misc":{"Dur\u00e9e de lecture estim\u00e9e":"1 minute"},"schema":{"@context":"https:\/\/schema.org","@graph":[{"@type":"WebPage","@id":"https:\/\/luciaphone.ch\/fr\/a-propos-de-nous\/","url":"https:\/\/luciaphone.ch\/fr\/a-propos-de-nous\/","name":"\u00c0 propos de nous &ndash; Lucia","isPartOf":{"@id":"https:\/\/luciaphone.ch\/fr\/#website"},"datePublished":"2019-08-07T09:35:35+00:00","dateModified":"2023-12-18T12:49:22+00:00","breadcrumb":{"@id":"https:\/\/luciaphone.ch\/fr\/a-propos-de-nous\/#breadcrumb"},"inLanguage":"fr-FR","potentialAction":[{"@type":"ReadAction","target":["https:\/\/luciaphone.ch\/fr\/a-propos-de-nous\/"]}]},{"@type":"BreadcrumbList","@id":"https:\/\/luciaphone.ch\/fr\/a-propos-de-nous\/#breadcrumb","itemListElement":[{"@type":"ListItem","position":1,"name":"Home","item":"https:\/\/luciaphone.ch\/fr\/"},{"@type":"ListItem","position":2,"name":"\u00c0 propos de nous"}]},{"@type":"WebSite","@id":"https:\/\/luciaphone.ch\/fr\/#website","url":"https:\/\/luciaphone.ch\/fr\/","name":"Lucia","description":"For Individuals Who Are Blind, Low Vision, Hard of Hearing or Seniors","publisher":{"@id":"https:\/\/luciaphone.ch\/fr\/#organization"},"potentialAction":[{"@type":"SearchAction","target":{"@type":"EntryPoint","urlTemplate":"https:\/\/luciaphone.ch\/fr\/?s={search_term_string}"},"query-input":"required name=search_term_string"}],"inLanguage":"fr-FR"},{"@type":"Organization","@id":"https:\/\/luciaphone.ch\/fr\/#organization","name":"Lucia Phone","alternateName":"Luciaphone","url":"https:\/\/luciaphone.ch\/fr\/","logo":{"@type":"ImageObject","inLanguage":"fr-FR","@id":"https:\/\/luciaphone.ch\/fr\/#\/schema\/logo\/image\/","url":"https:\/\/luciaphone.ch\/wp-content\/uploads\/2019\/07\/lucia-logo-invoice.jpg","contentUrl":"https:\/\/luciaphone.ch\/wp-content\/uploads\/2019\/07\/lucia-logo-invoice.jpg","width":300,"height":87,"caption":"Lucia Phone"},"image":{"@id":"https:\/\/luciaphone.ch\/fr\/#\/schema\/logo\/image\/"}}]}},"_links":{"self":[{"href":"https:\/\/luciaphone.ch\/fr\/wp-json\/wp\/v2\/pages\/1202","targetHints":{"allow":["GET"]}}],"collection":[{"href":"https:\/\/luciaphone.ch\/fr\/wp-json\/wp\/v2\/pages"}],"about":[{"href":"https:\/\/luciaphone.ch\/fr\/wp-json\/wp\/v2\/types\/page"}],"author":[{"embeddable":true,"href":"https:\/\/luciaphone.ch\/fr\/wp-json\/wp\/v2\/users\/1"}],"replies":[{"embeddable":true,"href":"https:\/\/luciaphone.ch\/fr\/wp-json\/wp\/v2\/comments?post=1202"}],"version-history":[{"count":3,"href":"https:\/\/luciaphone.ch\/fr\/wp-json\/wp\/v2\/pages\/1202\/revisions"}],"predecessor-version":[{"id":14632,"href":"https:\/\/luciaphone.ch\/fr\/wp-json\/wp\/v2\/pages\/1202\/revisions\/14632"}],"wp:attachment":[{"href":"https:\/\/luciaphone.ch\/fr\/wp-json\/wp\/v2\/media?parent=1202"}],"curies":[{"name":"wp","href":"https:\/\/api.w.org\/{rel}","templated":true}]}}