{"id":1217,"date":"2019-08-07T09:46:01","date_gmt":"2019-08-07T09:46:01","guid":{"rendered":"https:\/\/luciaphone.ch\/?page_id=1217"},"modified":"2023-04-03T21:05:08","modified_gmt":"2023-04-03T21:05:08","slug":"informations-sur-lelimination-de-la-batterie","status":"publish","type":"page","link":"https:\/\/luciaphone.ch\/fr\/informations-sur-lelimination-de-la-batterie\/","title":{"rendered":"Remarque sur l&rsquo;\u00e9limination des piles"},"content":{"rendered":"<p><span style=\"font-size: 14px;\">Nous nous engageons \u00e0 vous aviser sur les points suivants en relation avec la vente des piles ou la livraison des appareils qui contiennent des piles\u00a0:<br \/>\r\nLa l\u00e9gislation vous impose en tant qu&rsquo;utilisateur final la restitution des piles et des batteries usag\u00e9es. Vous pouvez restituer les piles usag\u00e9es que nous vendons ou avons vendues dans notre gamme de piles neuves gratuitement \u00e0 notre entrep\u00f4t d&rsquo;exp\u00e9dition (adresse d&rsquo;exp\u00e9dition). Les symboles repr\u00e9sent\u00e9s sur les piles ont la signification suivante :<br \/>\r\nLe symbole de la poubelle barr\u00e9e signifie que la pile ne doit pas \u00eatre jet\u00e9e avec les d\u00e9chets domestiques.<br \/>\r\nPb = la pile contient plus de 0,004 de masse de plomb<br \/>\r\nCd = la pile contient plus de 0,002 de masse de cadmium<br \/>\r\nHg = la pile contient plus de 0,0005 de masse de mercure.<\/span><\/p>\r\n<p><span style=\"font-size: 14px;\">Veuillez prendre en compte les remarques precedentes.<\/span><\/p>","protected":false},"excerpt":{"rendered":"Nous nous engageons \u00e0 vous aviser sur les points suivants en relation avec la vente des piles ou la livraison des appareils qui contiennent des piles\u00a0: La l\u00e9gislation vous impose en tant qu&rsquo;utilisateur final la restitution des piles et des batteries usag\u00e9es. Vous pouvez restituer les piles usag\u00e9es que nous vendons ou avons vendues dans&nbsp; <a href=\"https:\/\/luciaphone.ch\/fr\/informations-sur-lelimination-de-la-batterie\/\">&hellip; Read more <i class=\"glyphicon glyphicon-arrow-right\"><\/i><\/a><\/p>","protected":false},"author":1,"featured_media":0,"parent":0,"menu_order":0,"comment_status":"closed","ping_status":"closed","template":"","meta":{"_monsterinsights_skip_tracking":false,"_monsterinsights_sitenote_active":false,"_monsterinsights_sitenote_note":"","_monsterinsights_sitenote_category":0,"footnotes":""},"class_list":["post-1217","page","type-page","status-publish","hentry"],"acf":[],"yoast_head":"<!-- This site is optimized with the Yoast SEO plugin v20.4 - https:\/\/yoast.com\/wordpress\/plugins\/seo\/ -->\n<title>Remarque sur l&#039;\u00e9limination des piles &ndash; Lucia<\/title>\n<meta name=\"robots\" content=\"index, follow, max-snippet:-1, max-image-preview:large, max-video-preview:-1\" \/>\n<link rel=\"canonical\" href=\"https:\/\/luciaphone.ch\/fr\/informations-sur-lelimination-de-la-batterie\/\" \/>\n<meta property=\"og:locale\" content=\"fr_FR\" \/>\n<meta property=\"og:type\" content=\"article\" \/>\n<meta property=\"og:title\" content=\"Remarque sur l&#039;\u00e9limination des piles &ndash; Lucia\" \/>\n<meta property=\"og:description\" content=\"Nous nous engageons \u00e0 vous aviser sur les points suivants en relation avec la vente des piles ou la livraison des appareils qui contiennent des piles\u00a0: La l\u00e9gislation vous impose en tant qu&rsquo;utilisateur final la restitution des piles et des batteries usag\u00e9es. Vous pouvez restituer les piles usag\u00e9es que nous vendons ou avons vendues dans&nbsp; &hellip; Read more\" \/>\n<meta property=\"og:url\" content=\"https:\/\/luciaphone.ch\/fr\/informations-sur-lelimination-de-la-batterie\/\" \/>\n<meta property=\"og:site_name\" content=\"Lucia\" \/>\n<meta property=\"article:modified_time\" content=\"2023-04-03T21:05:08+00:00\" \/>\n<meta name=\"twitter:card\" content=\"summary_large_image\" \/>\n<meta name=\"twitter:label1\" content=\"Dur\u00e9e de lecture estim\u00e9e\" \/>\n\t<meta name=\"twitter:data1\" content=\"1 minute\" \/>\n<script type=\"application\/ld+json\" class=\"yoast-schema-graph\">{\"@context\":\"https:\/\/schema.org\",\"@graph\":[{\"@type\":\"WebPage\",\"@id\":\"https:\/\/luciaphone.ch\/fr\/informations-sur-lelimination-de-la-batterie\/\",\"url\":\"https:\/\/luciaphone.ch\/fr\/informations-sur-lelimination-de-la-batterie\/\",\"name\":\"Remarque sur l'\u00e9limination des piles &ndash; Lucia\",\"isPartOf\":{\"@id\":\"https:\/\/luciaphone.ch\/fr\/#website\"},\"datePublished\":\"2019-08-07T09:46:01+00:00\",\"dateModified\":\"2023-04-03T21:05:08+00:00\",\"breadcrumb\":{\"@id\":\"https:\/\/luciaphone.ch\/fr\/informations-sur-lelimination-de-la-batterie\/#breadcrumb\"},\"inLanguage\":\"fr-FR\",\"potentialAction\":[{\"@type\":\"ReadAction\",\"target\":[\"https:\/\/luciaphone.ch\/fr\/informations-sur-lelimination-de-la-batterie\/\"]}]},{\"@type\":\"BreadcrumbList\",\"@id\":\"https:\/\/luciaphone.ch\/fr\/informations-sur-lelimination-de-la-batterie\/#breadcrumb\",\"itemListElement\":[{\"@type\":\"ListItem\",\"position\":1,\"name\":\"Home\",\"item\":\"https:\/\/luciaphone.ch\/fr\/\"},{\"@type\":\"ListItem\",\"position\":2,\"name\":\"Remarque sur l&rsquo;\u00e9limination des piles\"}]},{\"@type\":\"WebSite\",\"@id\":\"https:\/\/luciaphone.ch\/fr\/#website\",\"url\":\"https:\/\/luciaphone.ch\/fr\/\",\"name\":\"Lucia\",\"description\":\"For Individuals Who Are Blind, Low Vision, Hard of Hearing or Seniors\",\"publisher\":{\"@id\":\"https:\/\/luciaphone.ch\/fr\/#organization\"},\"potentialAction\":[{\"@type\":\"SearchAction\",\"target\":{\"@type\":\"EntryPoint\",\"urlTemplate\":\"https:\/\/luciaphone.ch\/fr\/?s={search_term_string}\"},\"query-input\":\"required name=search_term_string\"}],\"inLanguage\":\"fr-FR\"},{\"@type\":\"Organization\",\"@id\":\"https:\/\/luciaphone.ch\/fr\/#organization\",\"name\":\"Lucia Phone\",\"alternateName\":\"Luciaphone\",\"url\":\"https:\/\/luciaphone.ch\/fr\/\",\"logo\":{\"@type\":\"ImageObject\",\"inLanguage\":\"fr-FR\",\"@id\":\"https:\/\/luciaphone.ch\/fr\/#\/schema\/logo\/image\/\",\"url\":\"https:\/\/luciaphone.ch\/wp-content\/uploads\/2019\/07\/lucia-logo-invoice.jpg\",\"contentUrl\":\"https:\/\/luciaphone.ch\/wp-content\/uploads\/2019\/07\/lucia-logo-invoice.jpg\",\"width\":300,\"height\":87,\"caption\":\"Lucia Phone\"},\"image\":{\"@id\":\"https:\/\/luciaphone.ch\/fr\/#\/schema\/logo\/image\/\"}}]}<\/script>\n<!-- \/ Yoast SEO plugin. -->","yoast_head_json":{"title":"Remarque sur l'\u00e9limination des piles &ndash; Lucia","robots":{"index":"index","follow":"follow","max-snippet":"max-snippet:-1","max-image-preview":"max-image-preview:large","max-video-preview":"max-video-preview:-1"},"canonical":"https:\/\/luciaphone.ch\/fr\/informations-sur-lelimination-de-la-batterie\/","og_locale":"fr_FR","og_type":"article","og_title":"Remarque sur l'\u00e9limination des piles &ndash; Lucia","og_description":"Nous nous engageons \u00e0 vous aviser sur les points suivants en relation avec la vente des piles ou la livraison des appareils qui contiennent des piles\u00a0: La l\u00e9gislation vous impose en tant qu&rsquo;utilisateur final la restitution des piles et des batteries usag\u00e9es. Vous pouvez restituer les piles usag\u00e9es que nous vendons ou avons vendues dans&nbsp; &hellip; Read more","og_url":"https:\/\/luciaphone.ch\/fr\/informations-sur-lelimination-de-la-batterie\/","og_site_name":"Lucia","article_modified_time":"2023-04-03T21:05:08+00:00","twitter_card":"summary_large_image","twitter_misc":{"Dur\u00e9e de lecture estim\u00e9e":"1 minute"},"schema":{"@context":"https:\/\/schema.org","@graph":[{"@type":"WebPage","@id":"https:\/\/luciaphone.ch\/fr\/informations-sur-lelimination-de-la-batterie\/","url":"https:\/\/luciaphone.ch\/fr\/informations-sur-lelimination-de-la-batterie\/","name":"Remarque sur l'\u00e9limination des piles &ndash; Lucia","isPartOf":{"@id":"https:\/\/luciaphone.ch\/fr\/#website"},"datePublished":"2019-08-07T09:46:01+00:00","dateModified":"2023-04-03T21:05:08+00:00","breadcrumb":{"@id":"https:\/\/luciaphone.ch\/fr\/informations-sur-lelimination-de-la-batterie\/#breadcrumb"},"inLanguage":"fr-FR","potentialAction":[{"@type":"ReadAction","target":["https:\/\/luciaphone.ch\/fr\/informations-sur-lelimination-de-la-batterie\/"]}]},{"@type":"BreadcrumbList","@id":"https:\/\/luciaphone.ch\/fr\/informations-sur-lelimination-de-la-batterie\/#breadcrumb","itemListElement":[{"@type":"ListItem","position":1,"name":"Home","item":"https:\/\/luciaphone.ch\/fr\/"},{"@type":"ListItem","position":2,"name":"Remarque sur l&rsquo;\u00e9limination des piles"}]},{"@type":"WebSite","@id":"https:\/\/luciaphone.ch\/fr\/#website","url":"https:\/\/luciaphone.ch\/fr\/","name":"Lucia","description":"For Individuals Who Are Blind, Low Vision, Hard of Hearing or Seniors","publisher":{"@id":"https:\/\/luciaphone.ch\/fr\/#organization"},"potentialAction":[{"@type":"SearchAction","target":{"@type":"EntryPoint","urlTemplate":"https:\/\/luciaphone.ch\/fr\/?s={search_term_string}"},"query-input":"required name=search_term_string"}],"inLanguage":"fr-FR"},{"@type":"Organization","@id":"https:\/\/luciaphone.ch\/fr\/#organization","name":"Lucia Phone","alternateName":"Luciaphone","url":"https:\/\/luciaphone.ch\/fr\/","logo":{"@type":"ImageObject","inLanguage":"fr-FR","@id":"https:\/\/luciaphone.ch\/fr\/#\/schema\/logo\/image\/","url":"https:\/\/luciaphone.ch\/wp-content\/uploads\/2019\/07\/lucia-logo-invoice.jpg","contentUrl":"https:\/\/luciaphone.ch\/wp-content\/uploads\/2019\/07\/lucia-logo-invoice.jpg","width":300,"height":87,"caption":"Lucia Phone"},"image":{"@id":"https:\/\/luciaphone.ch\/fr\/#\/schema\/logo\/image\/"}}]}},"_links":{"self":[{"href":"https:\/\/luciaphone.ch\/fr\/wp-json\/wp\/v2\/pages\/1217","targetHints":{"allow":["GET"]}}],"collection":[{"href":"https:\/\/luciaphone.ch\/fr\/wp-json\/wp\/v2\/pages"}],"about":[{"href":"https:\/\/luciaphone.ch\/fr\/wp-json\/wp\/v2\/types\/page"}],"author":[{"embeddable":true,"href":"https:\/\/luciaphone.ch\/fr\/wp-json\/wp\/v2\/users\/1"}],"replies":[{"embeddable":true,"href":"https:\/\/luciaphone.ch\/fr\/wp-json\/wp\/v2\/comments?post=1217"}],"version-history":[{"count":5,"href":"https:\/\/luciaphone.ch\/fr\/wp-json\/wp\/v2\/pages\/1217\/revisions"}],"predecessor-version":[{"id":14492,"href":"https:\/\/luciaphone.ch\/fr\/wp-json\/wp\/v2\/pages\/1217\/revisions\/14492"}],"wp:attachment":[{"href":"https:\/\/luciaphone.ch\/fr\/wp-json\/wp\/v2\/media?parent=1217"}],"curies":[{"name":"wp","href":"https:\/\/api.w.org\/{rel}","templated":true}]}}