{"id":9773,"date":"2019-08-12T11:18:38","date_gmt":"2019-08-12T11:18:38","guid":{"rendered":"https:\/\/luciaphone.ch\/droit-de-revocation-pour-le-consommateur\/"},"modified":"2023-12-18T13:33:42","modified_gmt":"2023-12-18T13:33:42","slug":"droit-de-revocation-pour-le-consommateur","status":"publish","type":"page","link":"https:\/\/luciaphone.ch\/fr\/droit-de-revocation-pour-le-consommateur\/","title":{"rendered":"Droit de r\u00e9vocation pour le consommateur"},"content":{"rendered":"<p><span style=\"font-size: 14px;\">(un consommateur est une personne physique, qui effectue une transaction dans un but qui n&rsquo;est ni commercial, ni dans le cadre de son activit\u00e9 professionnelle ind\u00e9pendante).<\/span><\/p>\r\n<p><span style=\"font-size: 16px;\"><strong>Droit de r\u00e9tractation<\/strong><\/span><\/p>\r\n<p><span style=\"font-size: 14px;\"><strong>Droit de r\u00e9tractation<\/strong><br \/>\r\nVous disposez d&rsquo;un droit de r\u00e9tractation de 14 jours pour r\u00e9voquer le contrat sans avoir \u00e0 le justifier.<br \/>\r\nLe d\u00e9lai de r\u00e9tractation est de 2 semaines \u00e0 partir du jour,<\/span><\/p>\r\n<p><span style=\"font-size: 14px;\"><span style=\"font-size: 14px;\">&#8211; <\/span>apr\u00e8s la date \u00e0 laquelle vous, ou un tiers d\u00e9sign\u00e9 par vous, autre que le transporteur, prenez ou prend physiquement possession des articles ou, dans le cas d&rsquo;une commande unique portant sur un ou plusieurs articles et si ce ou ces derniers est ou sont livr\u00e9s uniform\u00e9ment;<\/span><\/p>\r\n<p><span style=\"font-size: 14px;\"><span style=\"font-size: 14px;\">&#8211; <\/span>apr\u00e8s la date \u00e0 laquelle vous, ou un tiers d\u00e9sign\u00e9 par vous, autre que le transporteur, prenez ou prend physiquement possession du dernier article ou, dans le cas d&rsquo;une commande unique portant sur plusieurs articles et si ces derniers sont livr\u00e9s s\u00e9par\u00e9ment;<\/span><\/p>\r\n<div><span style=\"font-size: 14px;\">Pour exercer votre droit de r\u00e9tractation, vous devez <strong>(Antarus AG, Bahnstrasse 1 \/ HTC 2, CH-8274 Taegerwilen, Suisse, Num\u00e9ro de t\u00e9l\u00e9phone: +41 71 250 00 01, E-Mail: service@luciaphone.com)<\/strong> nous informer de votre d\u00e9cision de vous r\u00e9tracter du pr\u00e9sent contrat au moyen d&rsquo;une d\u00e9claration d\u00e9nu\u00e9e de toute ambigu\u00eft\u00e9 (par exemple, une lettre envoy\u00e9e par la poste ou un courrier \u00e9lectronique). A cet effet, vous pouvez utiliser le mod\u00e8le de formulaire de r\u00e9tractation ci-joint, qui n&rsquo;est toutefois pas obligatoire.<\/span><br \/>\r\n\u00a0<\/div>\r\n<p><span style=\"font-size: 14px;\">Pour la pr\u00e9servation du d\u00e9lai de r\u00e9vocation suffit si la notification relative \u00e0 l&rsquo;exercice du droit de r\u00e9tractation est transmise par le consommateur avant l&rsquo;expiration dudit d\u00e9lai.<\/span><\/p>\r\n<p><span style=\"font-size: 14px;\"><strong>Cons\u00e9quences de la r\u00e9vocation<\/strong><\/span><\/p>\r\n<p>Si vous r\u00e9voquez le pr\u00e9sent contrat, nous vous rembourserons tous les paiements que nous avons encaiss\u00e9s, y compris les frais de livraison (\u00e0 l&rsquo;exception des frais suppl\u00e9mentaires d\u00e9coulant d&rsquo;un autre mode de livraison que la livraison standard plus \u00e9conomique que nous proposons) sans d\u00e9lai au plus tard dans un d\u00e9lai de 14 jours \u00e0 compter du jour o\u00f9 nous avons re\u00e7u la notification relative \u00e0 la r\u00e9vocation du pr\u00e9sent contrat. Pour le remboursement, nous utilisons le m\u00eame moyen de paiement que vous avez utilis\u00e9 pour votre transaction sauf stipulation expresse contraire convenue avec vous ; en aucun cas, nous ne facturerons pas de suppl\u00e9ments pour le remboursement des sommes.<\/p>\r\n<p><span style=\"font-size: 14px;\">Nous pouvons refuser le remboursement jusqu&rsquo;\u00e0 ce que nous ayons r\u00e9cup\u00e9r\u00e9 les articles ou jusqu&rsquo;\u00e0 ce que vous ayez apport\u00e9 la preuve que vous avez renvoy\u00e9 les articles en fonction du d\u00e9lai le plus proche.<\/span><\/p>\r\n<p><span style=\"font-size: 14px;\">Vous devez nous <\/span><span style=\"font-size: 14px;\">renvoyer ou c\u00e9der les articles sans d\u00e9lai et en tous les cas au plus tard dans un d\u00e9lai de 2 semaines \u00e0 partir du jour o\u00f9 vous nous avez inform\u00e9s de la r\u00e9vocation du pr\u00e9sent contrat<\/span><span style=\"font-size: 14px;\">. Le d\u00e9lai est respect\u00e9 si vous renvoyez les articles avant l&rsquo;expiration du d\u00e9lai de 2 semaines.<\/span><\/p>\r\n<p><span style=\"font-size: 14px;\">Vous prenez en charge les co\u00fbts directs de retour des marchandises.<\/span><\/p>\r\n<p><span style=\"font-size: 14px;\">Votre responsabilit\u00e9 n&rsquo;est engag\u00e9e qu&rsquo;\u00e0 l&rsquo;\u00e9gard de la d\u00e9pr\u00e9ciation de biens r\u00e9sultant de manipulations autres que celles n\u00e9cessaires pour s&rsquo;assurer de la qualit\u00e9, de la nature et du bon fonctionnement de ces biens.<\/span><\/p>\r\n<p><span style=\"font-size: 14px;\"><strong>Motifs d&rsquo;exclusion ou d&rsquo;extinction<\/strong><\/span><\/p>\r\n<p>Le droit de r\u00e9vocation n&rsquo;existe pas pour les contrats<\/p>\r\n<ul>\r\n\t<li><span style=\"font-size: 14px;\">de livraison des marchandises qui ne sont pas produites au pr\u00e9alable et pour lesquelles un choix ou une s\u00e9lection par le consommateur est d\u00e9terminant pour leur production ou qui sont clairement adapt\u00e9es aux besoins sp\u00e9cifiques du consommateur;<\/span><\/li>\r\n\t<li><span style=\"font-size: 14px;\">de livraison des marchandises qui peuvent rapidement s&rsquo;ab\u00eemer ou dont la date de p\u00e9remption serait rapidement d\u00e9pass\u00e9e;<\/span><\/li>\r\n\t<li><span style=\"font-size: 14px;\">de livraison de boisons alcoolis\u00e9es dont le prix a \u00e9t\u00e9 convenu lors de la conclusion du contrat, mais qui peuvent \u00eatre livr\u00e9es au plus t\u00f4t 30 jours apr\u00e8s la conclusion du contrat et dont la valeur actuelle d\u00e9pend des variations du march\u00e9 sur lesquelles l&rsquo;entrepreneur n&rsquo;a aucune emprise;<\/span><\/li>\r\n\t<li><span style=\"font-size: 14px;\">de livraison des journaux, p\u00e9riodiques ou magazines except\u00e9 les contrats d&rsquo;abonnement.<\/span><\/li>\r\n<\/ul>\r\n<p><span style=\"font-size: 14px;\">Le droit de r\u00e9vocation s&rsquo;\u00e9teint de mani\u00e8re anticip\u00e9e pour les contrats<\/span><\/p>\r\n<ul>\r\n\t<li><span style=\"font-size: 14px;\"><span style=\"font-size: 14px;\">de livraison de marchandises scell\u00e9es qui ne peuvent pas \u00eatre retourn\u00e9es pour des raisons de protection de la sant\u00e9 ou des raisons hygi\u00e9niques si leur fermeture a \u00e9t\u00e9 retir\u00e9e apr\u00e8s la livraison;<\/span><\/span><\/li>\r\n\t<li><span style=\"font-size: 14px;\"><span style=\"font-size: 14px;\">de livraison des marchandises si celles-ci ont \u00e9t\u00e9 m\u00e9lang\u00e9es de mani\u00e8re indivisible \u00e0 d&rsquo;autres biens apr\u00e8s leur livraison en raison de leur nature;<\/span><\/span><\/li>\r\n\t<li><span style=\"font-size: 14px;\"><span style=\"font-size: 14px;\">de livraison des enregistrements vocaux ou vid\u00e9o ou de logiciel d&rsquo;ordinateur dans un emballage scell\u00e9 si la fermeture a \u00e9t\u00e9 retir\u00e9e apr\u00e8s la livraison.<\/span><\/span><\/li>\r\n<\/ul>\r\n<hr \/>\r\n<p><span style=\"font-size: 14px;\"><strong>Mod\u00e8le de formulaire de r\u00e9vocation<\/strong><\/span><\/p>\r\n<p>(si vous souhaitez r\u00e9voquer le contrat, veuillez remplir ce formulaire et nous le renvoyer.)<\/p>\r\n<p>\u00a0-\u00c0 Antarus AG, Bahnstrasse 1 \/ HTC 2, CH-8274 Taegerwilen, Suisse, Indirizzo e-mail: service@luciaphone.com :<\/p>\r\n<p>&#8211; Par la pr\u00e9sente, je\/nous r\u00e9voque(ons) le contrat que j&rsquo;ai \/ nous avons conclu pour l&rsquo;achat des marchandises c-apr\u00e8s (*)\/<br \/>\r\n\u00a0 La fourniture de la prestation suivante(*)<\/p>\r\n<p>&#8211; Command\u00e9 le (*)\/ Re\u00e7u le (*)<\/p>\r\n<p>&#8211; Nom du\/des consommateur(s)<br \/>\r\n&#8211; Adresse du\/des consommateur(s)<br \/>\r\n&#8211; Signature du\/des consommateur(s) (seulement pour un message sur papier)<br \/>\r\n&#8211; Date<\/p>\r\n<p>(*) Barrer les mentions inutiles<\/p>","protected":false},"excerpt":{"rendered":"(un consommateur est une personne physique, qui effectue une transaction dans un but qui n&rsquo;est ni commercial, ni dans le cadre de son activit\u00e9 professionnelle ind\u00e9pendante). Droit de r\u00e9tractation Droit de r\u00e9tractation Vous disposez d&rsquo;un droit de r\u00e9tractation de 14 jours pour r\u00e9voquer le contrat sans avoir \u00e0 le justifier. Le d\u00e9lai de r\u00e9tractation est&nbsp; <a href=\"https:\/\/luciaphone.ch\/fr\/droit-de-revocation-pour-le-consommateur\/\">&hellip; Read more <i class=\"glyphicon glyphicon-arrow-right\"><\/i><\/a><\/p>","protected":false},"author":1,"featured_media":0,"parent":0,"menu_order":0,"comment_status":"closed","ping_status":"closed","template":"","meta":{"_monsterinsights_skip_tracking":false,"_monsterinsights_sitenote_active":false,"_monsterinsights_sitenote_note":"","_monsterinsights_sitenote_category":0,"footnotes":""},"class_list":["post-9773","page","type-page","status-publish","hentry"],"acf":[],"yoast_head":"<!-- This site is optimized with the Yoast SEO plugin v20.4 - https:\/\/yoast.com\/wordpress\/plugins\/seo\/ -->\n<title>Droit de r\u00e9vocation pour le consommateur &ndash; Lucia<\/title>\n<meta name=\"robots\" content=\"index, follow, max-snippet:-1, max-image-preview:large, max-video-preview:-1\" \/>\n<link rel=\"canonical\" href=\"https:\/\/luciaphone.ch\/fr\/droit-de-revocation-pour-le-consommateur\/\" \/>\n<meta property=\"og:locale\" content=\"fr_FR\" \/>\n<meta property=\"og:type\" content=\"article\" \/>\n<meta property=\"og:title\" content=\"Droit de r\u00e9vocation pour le consommateur &ndash; Lucia\" \/>\n<meta property=\"og:description\" content=\"(un consommateur est une personne physique, qui effectue une transaction dans un but qui n&rsquo;est ni commercial, ni dans le cadre de son activit\u00e9 professionnelle ind\u00e9pendante). Droit de r\u00e9tractation Droit de r\u00e9tractation Vous disposez d&rsquo;un droit de r\u00e9tractation de 14 jours pour r\u00e9voquer le contrat sans avoir \u00e0 le justifier. Le d\u00e9lai de r\u00e9tractation est&nbsp; &hellip; Read more\" \/>\n<meta property=\"og:url\" content=\"https:\/\/luciaphone.ch\/fr\/droit-de-revocation-pour-le-consommateur\/\" \/>\n<meta property=\"og:site_name\" content=\"Lucia\" \/>\n<meta property=\"article:modified_time\" content=\"2023-12-18T13:33:42+00:00\" \/>\n<meta name=\"twitter:card\" content=\"summary_large_image\" \/>\n<meta name=\"twitter:label1\" content=\"Dur\u00e9e de lecture estim\u00e9e\" \/>\n\t<meta name=\"twitter:data1\" content=\"4 minutes\" \/>\n<script type=\"application\/ld+json\" class=\"yoast-schema-graph\">{\"@context\":\"https:\/\/schema.org\",\"@graph\":[{\"@type\":\"WebPage\",\"@id\":\"https:\/\/luciaphone.ch\/fr\/droit-de-revocation-pour-le-consommateur\/\",\"url\":\"https:\/\/luciaphone.ch\/fr\/droit-de-revocation-pour-le-consommateur\/\",\"name\":\"Droit de r\u00e9vocation pour le consommateur &ndash; Lucia\",\"isPartOf\":{\"@id\":\"https:\/\/luciaphone.ch\/fr\/#website\"},\"datePublished\":\"2019-08-12T11:18:38+00:00\",\"dateModified\":\"2023-12-18T13:33:42+00:00\",\"breadcrumb\":{\"@id\":\"https:\/\/luciaphone.ch\/fr\/droit-de-revocation-pour-le-consommateur\/#breadcrumb\"},\"inLanguage\":\"fr-FR\",\"potentialAction\":[{\"@type\":\"ReadAction\",\"target\":[\"https:\/\/luciaphone.ch\/fr\/droit-de-revocation-pour-le-consommateur\/\"]}]},{\"@type\":\"BreadcrumbList\",\"@id\":\"https:\/\/luciaphone.ch\/fr\/droit-de-revocation-pour-le-consommateur\/#breadcrumb\",\"itemListElement\":[{\"@type\":\"ListItem\",\"position\":1,\"name\":\"Home\",\"item\":\"https:\/\/luciaphone.ch\/fr\/\"},{\"@type\":\"ListItem\",\"position\":2,\"name\":\"Droit de r\u00e9vocation pour le consommateur\"}]},{\"@type\":\"WebSite\",\"@id\":\"https:\/\/luciaphone.ch\/fr\/#website\",\"url\":\"https:\/\/luciaphone.ch\/fr\/\",\"name\":\"Lucia\",\"description\":\"For Individuals Who Are Blind, Low Vision, Hard of Hearing or Seniors\",\"publisher\":{\"@id\":\"https:\/\/luciaphone.ch\/fr\/#organization\"},\"potentialAction\":[{\"@type\":\"SearchAction\",\"target\":{\"@type\":\"EntryPoint\",\"urlTemplate\":\"https:\/\/luciaphone.ch\/fr\/?s={search_term_string}\"},\"query-input\":\"required name=search_term_string\"}],\"inLanguage\":\"fr-FR\"},{\"@type\":\"Organization\",\"@id\":\"https:\/\/luciaphone.ch\/fr\/#organization\",\"name\":\"Lucia Phone\",\"alternateName\":\"Luciaphone\",\"url\":\"https:\/\/luciaphone.ch\/fr\/\",\"logo\":{\"@type\":\"ImageObject\",\"inLanguage\":\"fr-FR\",\"@id\":\"https:\/\/luciaphone.ch\/fr\/#\/schema\/logo\/image\/\",\"url\":\"https:\/\/luciaphone.ch\/wp-content\/uploads\/2019\/07\/lucia-logo-invoice.jpg\",\"contentUrl\":\"https:\/\/luciaphone.ch\/wp-content\/uploads\/2019\/07\/lucia-logo-invoice.jpg\",\"width\":300,\"height\":87,\"caption\":\"Lucia Phone\"},\"image\":{\"@id\":\"https:\/\/luciaphone.ch\/fr\/#\/schema\/logo\/image\/\"}}]}<\/script>\n<!-- \/ Yoast SEO plugin. -->","yoast_head_json":{"title":"Droit de r\u00e9vocation pour le consommateur &ndash; Lucia","robots":{"index":"index","follow":"follow","max-snippet":"max-snippet:-1","max-image-preview":"max-image-preview:large","max-video-preview":"max-video-preview:-1"},"canonical":"https:\/\/luciaphone.ch\/fr\/droit-de-revocation-pour-le-consommateur\/","og_locale":"fr_FR","og_type":"article","og_title":"Droit de r\u00e9vocation pour le consommateur &ndash; Lucia","og_description":"(un consommateur est une personne physique, qui effectue une transaction dans un but qui n&rsquo;est ni commercial, ni dans le cadre de son activit\u00e9 professionnelle ind\u00e9pendante). Droit de r\u00e9tractation Droit de r\u00e9tractation Vous disposez d&rsquo;un droit de r\u00e9tractation de 14 jours pour r\u00e9voquer le contrat sans avoir \u00e0 le justifier. Le d\u00e9lai de r\u00e9tractation est&nbsp; &hellip; Read more","og_url":"https:\/\/luciaphone.ch\/fr\/droit-de-revocation-pour-le-consommateur\/","og_site_name":"Lucia","article_modified_time":"2023-12-18T13:33:42+00:00","twitter_card":"summary_large_image","twitter_misc":{"Dur\u00e9e de lecture estim\u00e9e":"4 minutes"},"schema":{"@context":"https:\/\/schema.org","@graph":[{"@type":"WebPage","@id":"https:\/\/luciaphone.ch\/fr\/droit-de-revocation-pour-le-consommateur\/","url":"https:\/\/luciaphone.ch\/fr\/droit-de-revocation-pour-le-consommateur\/","name":"Droit de r\u00e9vocation pour le consommateur &ndash; Lucia","isPartOf":{"@id":"https:\/\/luciaphone.ch\/fr\/#website"},"datePublished":"2019-08-12T11:18:38+00:00","dateModified":"2023-12-18T13:33:42+00:00","breadcrumb":{"@id":"https:\/\/luciaphone.ch\/fr\/droit-de-revocation-pour-le-consommateur\/#breadcrumb"},"inLanguage":"fr-FR","potentialAction":[{"@type":"ReadAction","target":["https:\/\/luciaphone.ch\/fr\/droit-de-revocation-pour-le-consommateur\/"]}]},{"@type":"BreadcrumbList","@id":"https:\/\/luciaphone.ch\/fr\/droit-de-revocation-pour-le-consommateur\/#breadcrumb","itemListElement":[{"@type":"ListItem","position":1,"name":"Home","item":"https:\/\/luciaphone.ch\/fr\/"},{"@type":"ListItem","position":2,"name":"Droit de r\u00e9vocation pour le consommateur"}]},{"@type":"WebSite","@id":"https:\/\/luciaphone.ch\/fr\/#website","url":"https:\/\/luciaphone.ch\/fr\/","name":"Lucia","description":"For Individuals Who Are Blind, Low Vision, Hard of Hearing or Seniors","publisher":{"@id":"https:\/\/luciaphone.ch\/fr\/#organization"},"potentialAction":[{"@type":"SearchAction","target":{"@type":"EntryPoint","urlTemplate":"https:\/\/luciaphone.ch\/fr\/?s={search_term_string}"},"query-input":"required name=search_term_string"}],"inLanguage":"fr-FR"},{"@type":"Organization","@id":"https:\/\/luciaphone.ch\/fr\/#organization","name":"Lucia Phone","alternateName":"Luciaphone","url":"https:\/\/luciaphone.ch\/fr\/","logo":{"@type":"ImageObject","inLanguage":"fr-FR","@id":"https:\/\/luciaphone.ch\/fr\/#\/schema\/logo\/image\/","url":"https:\/\/luciaphone.ch\/wp-content\/uploads\/2019\/07\/lucia-logo-invoice.jpg","contentUrl":"https:\/\/luciaphone.ch\/wp-content\/uploads\/2019\/07\/lucia-logo-invoice.jpg","width":300,"height":87,"caption":"Lucia Phone"},"image":{"@id":"https:\/\/luciaphone.ch\/fr\/#\/schema\/logo\/image\/"}}]}},"_links":{"self":[{"href":"https:\/\/luciaphone.ch\/fr\/wp-json\/wp\/v2\/pages\/9773","targetHints":{"allow":["GET"]}}],"collection":[{"href":"https:\/\/luciaphone.ch\/fr\/wp-json\/wp\/v2\/pages"}],"about":[{"href":"https:\/\/luciaphone.ch\/fr\/wp-json\/wp\/v2\/types\/page"}],"author":[{"embeddable":true,"href":"https:\/\/luciaphone.ch\/fr\/wp-json\/wp\/v2\/users\/1"}],"replies":[{"embeddable":true,"href":"https:\/\/luciaphone.ch\/fr\/wp-json\/wp\/v2\/comments?post=9773"}],"version-history":[{"count":3,"href":"https:\/\/luciaphone.ch\/fr\/wp-json\/wp\/v2\/pages\/9773\/revisions"}],"predecessor-version":[{"id":14641,"href":"https:\/\/luciaphone.ch\/fr\/wp-json\/wp\/v2\/pages\/9773\/revisions\/14641"}],"wp:attachment":[{"href":"https:\/\/luciaphone.ch\/fr\/wp-json\/wp\/v2\/media?parent=9773"}],"curies":[{"name":"wp","href":"https:\/\/api.w.org\/{rel}","templated":true}]}}