{"id":9777,"date":"2019-08-12T11:19:29","date_gmt":"2019-08-12T11:19:29","guid":{"rendered":"https:\/\/luciaphone.ch\/imprint\/"},"modified":"2023-12-18T13:25:15","modified_gmt":"2023-12-18T13:25:15","slug":"imprint","status":"publish","type":"page","link":"https:\/\/luciaphone.ch\/fr\/imprint\/","title":{"rendered":"Mentions l\u00e9gales"},"content":{"rendered":"<p><span style=\"font-size: 12px;\">Indicateur l\u00e9gal d&rsquo;\u00e9diteur:<\/span><\/p>\r\n<div><strong><span style=\"font-size: 14px;\">Antarus AG<\/span><\/strong><\/div>\r\n<div><strong><span style=\"font-size: 14px;\">Bahnstrasse 1 \/ HTC 2<\/span><\/strong><\/div>\r\n<div><strong><span style=\"font-size: 14px;\">8274 Taegerwilen<\/span><\/strong><\/div>\r\n<div><strong><span style=\"font-size: 14px;\">Suisse<\/span><\/strong><\/div>\r\n<div><strong><span style=\"font-size: 14px;\">repr\u00e9sent\u00e9 par le pr\u00e9sident du conseil d&rsquo;administration Oliver Drehmann<\/span><\/strong><\/div>\r\n<div><strong><span style=\"font-size: 14px;\">T\u00e9l\u00e9phone: +41 71 250 00 01<\/span><\/strong><\/div>\r\n<div><strong><span style=\"font-size: 14px;\">T\u00e9l\u00e9fax: +41 71 250 00 04<\/span><\/strong><\/div>\r\n<div><strong><span style=\"font-size: 14px;\">E-Mail: info@luciaphone.com<\/span><\/strong><\/div>\r\n<div>\u00a0<\/div>\r\n<div><strong><span style=\"font-size: 14px;\">N\u00b0 d&rsquo;identification TVA: CHE188.796.290 MWST<\/span><\/strong><\/div>\r\n<div><strong><span style=\"font-size: 14px;\">Inscrit au le registre de commerce Frauenfeld, Thurgovie<\/span><\/strong><\/div>\r\n<div><strong><span style=\"font-size: 14px;\">N\u00b0 de registre du commerce CHE-188.796.290<\/span><\/strong><\/div>\r\n<p>&nbsp;<\/p>\r\n<p>&nbsp;<\/p>\r\n<p><span style=\"font-size: 14px;\"><strong>Mode alternatif de r\u00e8glement des conflits:<\/strong><br \/>\r\nLa Commission europ\u00e9enne fournit une plateforme pour la r\u00e9solution extrajudiciaire des litiges qui est accessible sur le site <a href=\"https:\/\/ec.europa.eu\/consumers\/odr\" target=\"_blank\" rel=\"noopener\">https:\/\/ec.europa.eu\/odr<\/a>.<\/span><\/p>\r\n<p><span style=\"font-size: 14px;\">Nous ne sommes ni pr\u00eats ni oblig\u00e9s de participer \u00e0 des proc\u00e9dures de r\u00e8glement des litiges devant des organismes de conciliation des consommateurs.<\/span><\/p>\r\n<p><span style=\"font-size: 14px;\"><strong>Nous sommes membres de l\u2019initiative \u00ab\u00a0FairCommerce\u00a0\u00bb depuis\u00a025.09.2018.<\/strong><br \/>\r\nPour plus d\u2019informations, consultez:\u00a0<\/span><a style=\"font-size: 14px;\" href=\"https:\/\/www.haendlerbund.de\/de\/haendlerbund\/interessenvertretung\/faircommerce\" target=\"_blank\" rel=\"noopener\">www.haendlerbund.de\/faircommerce<\/a>.<\/p>\r\n<p>&nbsp;<\/p>","protected":false},"excerpt":{"rendered":"Indicateur l\u00e9gal d&rsquo;\u00e9diteur: Antarus AG Bahnstrasse 1 \/ HTC 2 8274 Taegerwilen Suisse repr\u00e9sent\u00e9 par le pr\u00e9sident du conseil d&rsquo;administration Oliver Drehmann T\u00e9l\u00e9phone: +41 71 250 00 01 T\u00e9l\u00e9fax: +41 71 250 00 04 E-Mail: info@luciaphone.com \u00a0 N\u00b0 d&rsquo;identification TVA: CHE188.796.290 MWST Inscrit au le registre de commerce Frauenfeld, Thurgovie N\u00b0 de registre du commerce&nbsp; <a href=\"https:\/\/luciaphone.ch\/fr\/imprint\/\">&hellip; Read more <i class=\"glyphicon glyphicon-arrow-right\"><\/i><\/a><\/p>","protected":false},"author":1,"featured_media":0,"parent":0,"menu_order":0,"comment_status":"closed","ping_status":"closed","template":"","meta":{"_monsterinsights_skip_tracking":false,"_monsterinsights_sitenote_active":false,"_monsterinsights_sitenote_note":"","_monsterinsights_sitenote_category":0,"footnotes":""},"class_list":["post-9777","page","type-page","status-publish","hentry"],"acf":[],"yoast_head":"<!-- This site is optimized with the Yoast SEO plugin v20.4 - https:\/\/yoast.com\/wordpress\/plugins\/seo\/ -->\n<title>Mentions l\u00e9gales &ndash; Lucia<\/title>\n<meta name=\"robots\" content=\"index, follow, max-snippet:-1, max-image-preview:large, max-video-preview:-1\" \/>\n<link rel=\"canonical\" href=\"https:\/\/luciaphone.ch\/fr\/imprint\/\" \/>\n<meta property=\"og:locale\" content=\"fr_FR\" \/>\n<meta property=\"og:type\" content=\"article\" \/>\n<meta property=\"og:title\" content=\"Mentions l\u00e9gales &ndash; Lucia\" \/>\n<meta property=\"og:description\" content=\"Indicateur l\u00e9gal d&rsquo;\u00e9diteur: Antarus AG Bahnstrasse 1 \/ HTC 2 8274 Taegerwilen Suisse repr\u00e9sent\u00e9 par le pr\u00e9sident du conseil d&rsquo;administration Oliver Drehmann T\u00e9l\u00e9phone: +41 71 250 00 01 T\u00e9l\u00e9fax: +41 71 250 00 04 E-Mail: info@luciaphone.com \u00a0 N\u00b0 d&rsquo;identification TVA: CHE188.796.290 MWST Inscrit au le registre de commerce Frauenfeld, Thurgovie N\u00b0 de registre du commerce&nbsp; &hellip; Read more\" \/>\n<meta property=\"og:url\" content=\"https:\/\/luciaphone.ch\/fr\/imprint\/\" \/>\n<meta property=\"og:site_name\" content=\"Lucia\" \/>\n<meta property=\"article:modified_time\" content=\"2023-12-18T13:25:15+00:00\" \/>\n<meta name=\"twitter:card\" content=\"summary_large_image\" \/>\n<meta name=\"twitter:label1\" content=\"Dur\u00e9e de lecture estim\u00e9e\" \/>\n\t<meta name=\"twitter:data1\" content=\"1 minute\" \/>\n<script type=\"application\/ld+json\" class=\"yoast-schema-graph\">{\"@context\":\"https:\/\/schema.org\",\"@graph\":[{\"@type\":\"WebPage\",\"@id\":\"https:\/\/luciaphone.ch\/fr\/imprint\/\",\"url\":\"https:\/\/luciaphone.ch\/fr\/imprint\/\",\"name\":\"Mentions l\u00e9gales &ndash; Lucia\",\"isPartOf\":{\"@id\":\"https:\/\/luciaphone.ch\/fr\/#website\"},\"datePublished\":\"2019-08-12T11:19:29+00:00\",\"dateModified\":\"2023-12-18T13:25:15+00:00\",\"breadcrumb\":{\"@id\":\"https:\/\/luciaphone.ch\/fr\/imprint\/#breadcrumb\"},\"inLanguage\":\"fr-FR\",\"potentialAction\":[{\"@type\":\"ReadAction\",\"target\":[\"https:\/\/luciaphone.ch\/fr\/imprint\/\"]}]},{\"@type\":\"BreadcrumbList\",\"@id\":\"https:\/\/luciaphone.ch\/fr\/imprint\/#breadcrumb\",\"itemListElement\":[{\"@type\":\"ListItem\",\"position\":1,\"name\":\"Home\",\"item\":\"https:\/\/luciaphone.ch\/fr\/\"},{\"@type\":\"ListItem\",\"position\":2,\"name\":\"Mentions l\u00e9gales\"}]},{\"@type\":\"WebSite\",\"@id\":\"https:\/\/luciaphone.ch\/fr\/#website\",\"url\":\"https:\/\/luciaphone.ch\/fr\/\",\"name\":\"Lucia\",\"description\":\"For Individuals Who Are Blind, Low Vision, Hard of Hearing or Seniors\",\"publisher\":{\"@id\":\"https:\/\/luciaphone.ch\/fr\/#organization\"},\"potentialAction\":[{\"@type\":\"SearchAction\",\"target\":{\"@type\":\"EntryPoint\",\"urlTemplate\":\"https:\/\/luciaphone.ch\/fr\/?s={search_term_string}\"},\"query-input\":\"required name=search_term_string\"}],\"inLanguage\":\"fr-FR\"},{\"@type\":\"Organization\",\"@id\":\"https:\/\/luciaphone.ch\/fr\/#organization\",\"name\":\"Lucia Phone\",\"alternateName\":\"Luciaphone\",\"url\":\"https:\/\/luciaphone.ch\/fr\/\",\"logo\":{\"@type\":\"ImageObject\",\"inLanguage\":\"fr-FR\",\"@id\":\"https:\/\/luciaphone.ch\/fr\/#\/schema\/logo\/image\/\",\"url\":\"https:\/\/luciaphone.ch\/wp-content\/uploads\/2019\/07\/lucia-logo-invoice.jpg\",\"contentUrl\":\"https:\/\/luciaphone.ch\/wp-content\/uploads\/2019\/07\/lucia-logo-invoice.jpg\",\"width\":300,\"height\":87,\"caption\":\"Lucia Phone\"},\"image\":{\"@id\":\"https:\/\/luciaphone.ch\/fr\/#\/schema\/logo\/image\/\"}}]}<\/script>\n<!-- \/ Yoast SEO plugin. -->","yoast_head_json":{"title":"Mentions l\u00e9gales &ndash; Lucia","robots":{"index":"index","follow":"follow","max-snippet":"max-snippet:-1","max-image-preview":"max-image-preview:large","max-video-preview":"max-video-preview:-1"},"canonical":"https:\/\/luciaphone.ch\/fr\/imprint\/","og_locale":"fr_FR","og_type":"article","og_title":"Mentions l\u00e9gales &ndash; Lucia","og_description":"Indicateur l\u00e9gal d&rsquo;\u00e9diteur: Antarus AG Bahnstrasse 1 \/ HTC 2 8274 Taegerwilen Suisse repr\u00e9sent\u00e9 par le pr\u00e9sident du conseil d&rsquo;administration Oliver Drehmann T\u00e9l\u00e9phone: +41 71 250 00 01 T\u00e9l\u00e9fax: +41 71 250 00 04 E-Mail: info@luciaphone.com \u00a0 N\u00b0 d&rsquo;identification TVA: CHE188.796.290 MWST Inscrit au le registre de commerce Frauenfeld, Thurgovie N\u00b0 de registre du commerce&nbsp; &hellip; Read more","og_url":"https:\/\/luciaphone.ch\/fr\/imprint\/","og_site_name":"Lucia","article_modified_time":"2023-12-18T13:25:15+00:00","twitter_card":"summary_large_image","twitter_misc":{"Dur\u00e9e de lecture estim\u00e9e":"1 minute"},"schema":{"@context":"https:\/\/schema.org","@graph":[{"@type":"WebPage","@id":"https:\/\/luciaphone.ch\/fr\/imprint\/","url":"https:\/\/luciaphone.ch\/fr\/imprint\/","name":"Mentions l\u00e9gales &ndash; Lucia","isPartOf":{"@id":"https:\/\/luciaphone.ch\/fr\/#website"},"datePublished":"2019-08-12T11:19:29+00:00","dateModified":"2023-12-18T13:25:15+00:00","breadcrumb":{"@id":"https:\/\/luciaphone.ch\/fr\/imprint\/#breadcrumb"},"inLanguage":"fr-FR","potentialAction":[{"@type":"ReadAction","target":["https:\/\/luciaphone.ch\/fr\/imprint\/"]}]},{"@type":"BreadcrumbList","@id":"https:\/\/luciaphone.ch\/fr\/imprint\/#breadcrumb","itemListElement":[{"@type":"ListItem","position":1,"name":"Home","item":"https:\/\/luciaphone.ch\/fr\/"},{"@type":"ListItem","position":2,"name":"Mentions l\u00e9gales"}]},{"@type":"WebSite","@id":"https:\/\/luciaphone.ch\/fr\/#website","url":"https:\/\/luciaphone.ch\/fr\/","name":"Lucia","description":"For Individuals Who Are Blind, Low Vision, Hard of Hearing or Seniors","publisher":{"@id":"https:\/\/luciaphone.ch\/fr\/#organization"},"potentialAction":[{"@type":"SearchAction","target":{"@type":"EntryPoint","urlTemplate":"https:\/\/luciaphone.ch\/fr\/?s={search_term_string}"},"query-input":"required name=search_term_string"}],"inLanguage":"fr-FR"},{"@type":"Organization","@id":"https:\/\/luciaphone.ch\/fr\/#organization","name":"Lucia Phone","alternateName":"Luciaphone","url":"https:\/\/luciaphone.ch\/fr\/","logo":{"@type":"ImageObject","inLanguage":"fr-FR","@id":"https:\/\/luciaphone.ch\/fr\/#\/schema\/logo\/image\/","url":"https:\/\/luciaphone.ch\/wp-content\/uploads\/2019\/07\/lucia-logo-invoice.jpg","contentUrl":"https:\/\/luciaphone.ch\/wp-content\/uploads\/2019\/07\/lucia-logo-invoice.jpg","width":300,"height":87,"caption":"Lucia Phone"},"image":{"@id":"https:\/\/luciaphone.ch\/fr\/#\/schema\/logo\/image\/"}}]}},"_links":{"self":[{"href":"https:\/\/luciaphone.ch\/fr\/wp-json\/wp\/v2\/pages\/9777","targetHints":{"allow":["GET"]}}],"collection":[{"href":"https:\/\/luciaphone.ch\/fr\/wp-json\/wp\/v2\/pages"}],"about":[{"href":"https:\/\/luciaphone.ch\/fr\/wp-json\/wp\/v2\/types\/page"}],"author":[{"embeddable":true,"href":"https:\/\/luciaphone.ch\/fr\/wp-json\/wp\/v2\/users\/1"}],"replies":[{"embeddable":true,"href":"https:\/\/luciaphone.ch\/fr\/wp-json\/wp\/v2\/comments?post=9777"}],"version-history":[{"count":5,"href":"https:\/\/luciaphone.ch\/fr\/wp-json\/wp\/v2\/pages\/9777\/revisions"}],"predecessor-version":[{"id":14636,"href":"https:\/\/luciaphone.ch\/fr\/wp-json\/wp\/v2\/pages\/9777\/revisions\/14636"}],"wp:attachment":[{"href":"https:\/\/luciaphone.ch\/fr\/wp-json\/wp\/v2\/media?parent=9777"}],"curies":[{"name":"wp","href":"https:\/\/api.w.org\/{rel}","templated":true}]}}