{"id":9781,"date":"2019-08-12T11:20:19","date_gmt":"2019-08-12T11:20:19","guid":{"rendered":"https:\/\/luciaphone.ch\/paiement-et-envoi\/"},"modified":"2023-04-03T20:55:58","modified_gmt":"2023-04-03T20:55:58","slug":"paiement-et-envoi","status":"publish","type":"page","link":"https:\/\/luciaphone.ch\/fr\/paiement-et-envoi\/","title":{"rendered":"Paiement et envoi"},"content":{"rendered":"<p>Les conditions suivantes s&rsquo;appliquent:<\/p>\r\n<p><span style=\"font-size: 14px;\">La livraison est effectu\u00e9e dans le monde entier.<\/span><\/p>\r\n<p>&nbsp;<\/p>\r\n<p><span style=\"font-size: 14px;\"><strong><span style=\"font-size: 16px;\">Frais d&rsquo;envoi<\/span><\/strong> (TVA incluse)<\/span><\/p>\r\n<p><strong><span style=\"font-size: 14px;\">Livraisons sur le territoire national (Suisse):\u00a0<\/span><\/strong><\/p>\r\n<p><span style=\"font-size: 14px;\">Nous facturons les frais d&rsquo;envoi par forfait de 12,50 CHF par commande.<\/span><\/p>\r\n<p><span style=\"font-size: 14px;\"><strong>Livraisons \u00e0 l&rsquo;\u00e9tranger:<\/strong><\/span><\/p>\r\n<p><span style=\"font-size: 14px;\">Nous facturons les frais d&rsquo;envoi \u00e0 l&rsquo;\u00e9tranger comme suit:<\/span><\/p>\r\n<p>UE : 25-60 EUR <br \/>\r\nUSA\/CAN : 40 USD <br \/>\r\nAutre : 45-70 EUR<\/p>\r\n<p>Tous les prix sont indicatifs et peuvent \u00eatre adapt\u00e9s aux conditions du march\u00e9 \u00e0 tout moment.<\/p>\r\n<p><br \/>\r\n<span style=\"font-size: 18px;\"><strong>D\u00e9lais de livraison<\/strong><\/span><\/p>\r\n<p><span style=\"font-size: 14px;\">Sauf si un autre d\u00e9lai est indiqu\u00e9 dans l&rsquo;offre respective, la marchandise est livr\u00e9e sur le territoire national (Suisse) sous 3 &#8211; 5\u00a0<\/span><span style=\"font-size: 14px;\">jours<\/span><span style=\"font-size: 14px;\">, dans le cas de livraisons \u00e0 l&rsquo;\u00e9tranger sous 5 &#8211; 7\u00a0<\/span><span style=\"font-size: 14px;\">jours<\/span><span style=\"font-size: 14px;\">\u00a0apr\u00e8s la conclusion du contrat lorsqu&rsquo;un paiement anticip\u00e9 a \u00e9t\u00e9 convenu, apr\u00e8s \u00e9mission de votre ordre de paiement).<br \/>\r\nVeuillez noter qu&rsquo;aucun article ne sera livr\u00e9 les dimanches et les jours f\u00e9ri\u00e9s.<br \/>\r\nSi vous avez command\u00e9 des articles avec diff\u00e9rents d\u00e9lais de livraison, nous livrons par envoi group\u00e9 sauf accord contraire convenu avec vous. Dans ce cas, le d\u00e9lai de livraison est fix\u00e9 en fonction de l&rsquo;article que vous avez command\u00e9 qui a le plus long d\u00e9lai de livraison.<\/span><\/p>\r\n<p><br \/>\r\n<strong><span style=\"font-size: 18px;\">Possibilit\u00e9s de r\u00e8glements\u00a0accept\u00e9s<\/span><\/strong><\/p>\r\n<p><span style=\"font-size: 14px;\"><strong>&#8211;\u00a0<\/strong> Paiement par carte de cr\u00e9dit<\/span><\/p>\r\n<p><strong><span style=\"font-size: 14px;\">\u00e0 propos de Stripe:<\/span><\/strong><br \/>\r\n<span style=\"font-size: 14px;\"><strong>&#8211;<\/strong>\u00a0 Paiement par virement imm\u00e9diat<\/span><br \/>\r\n<strong style=\"font-size: 14px;\">&#8211;\u00a0<\/strong><span style=\"font-size: 14px;\">\u00a0Paiement par carte de cr\u00e9dit<\/span><br \/>\r\n<strong style=\"font-size: 14px;\">&#8211;<\/strong><span style=\"font-size: 14px;\">\u00a0 Paiement par giropay<\/span><br \/>\r\n<span style=\"font-size: 14px;\">&#8211; Paiement par pr\u00e9l\u00e8vement SEPA<\/span><\/p>\r\n<p><strong><span style=\"font-size: 14px;\">Autres d\u00e9tails pour le paiement<\/span><\/strong><\/p>\r\n<p><span style=\"font-size: 14px;\">Pour un paiement par carte de cr\u00e9dit, le montant de votre compte de carte de cr\u00e9dit est d\u00e9bit\u00e9 par carte de cr\u00e9dit lors de l&rsquo;envoi \u00e0 la conclusion du contrat.<\/span><\/p>\r\n<p><span style=\"font-size: 14px;\">Pour toutes les questions compl\u00e9mentaires, vous trouverez nos coordonn\u00e9es dans les mentions l\u00e9gales.<\/span><\/p>","protected":false},"excerpt":{"rendered":"Les conditions suivantes s&rsquo;appliquent: La livraison est effectu\u00e9e dans le monde entier. &nbsp; Frais d&rsquo;envoi (TVA incluse) Livraisons sur le territoire national (Suisse):\u00a0 Nous facturons les frais d&rsquo;envoi par forfait de 12,50 CHF par commande. Livraisons \u00e0 l&rsquo;\u00e9tranger: Nous facturons les frais d&rsquo;envoi \u00e0 l&rsquo;\u00e9tranger comme suit: UE : 25-60 EUR USA\/CAN : 40 USD&nbsp; <a href=\"https:\/\/luciaphone.ch\/fr\/paiement-et-envoi\/\">&hellip; Read more <i class=\"glyphicon glyphicon-arrow-right\"><\/i><\/a><\/p>","protected":false},"author":1,"featured_media":0,"parent":0,"menu_order":0,"comment_status":"closed","ping_status":"closed","template":"","meta":{"_monsterinsights_skip_tracking":false,"_monsterinsights_sitenote_active":false,"_monsterinsights_sitenote_note":"","_monsterinsights_sitenote_category":0,"footnotes":""},"class_list":["post-9781","page","type-page","status-publish","hentry"],"acf":[],"yoast_head":"<!-- This site is optimized with the Yoast SEO plugin v20.4 - https:\/\/yoast.com\/wordpress\/plugins\/seo\/ -->\n<title>Paiement et envoi &ndash; Lucia<\/title>\n<meta name=\"robots\" content=\"index, follow, max-snippet:-1, max-image-preview:large, max-video-preview:-1\" \/>\n<link rel=\"canonical\" href=\"https:\/\/luciaphone.ch\/fr\/paiement-et-envoi\/\" \/>\n<meta property=\"og:locale\" content=\"fr_FR\" \/>\n<meta property=\"og:type\" content=\"article\" \/>\n<meta property=\"og:title\" content=\"Paiement et envoi &ndash; Lucia\" \/>\n<meta property=\"og:description\" content=\"Les conditions suivantes s&rsquo;appliquent: La livraison est effectu\u00e9e dans le monde entier. &nbsp; Frais d&rsquo;envoi (TVA incluse) Livraisons sur le territoire national (Suisse):\u00a0 Nous facturons les frais d&rsquo;envoi par forfait de 12,50 CHF par commande. Livraisons \u00e0 l&rsquo;\u00e9tranger: Nous facturons les frais d&rsquo;envoi \u00e0 l&rsquo;\u00e9tranger comme suit: UE : 25-60 EUR USA\/CAN : 40 USD&nbsp; &hellip; Read more\" \/>\n<meta property=\"og:url\" content=\"https:\/\/luciaphone.ch\/fr\/paiement-et-envoi\/\" \/>\n<meta property=\"og:site_name\" content=\"Lucia\" \/>\n<meta property=\"article:modified_time\" content=\"2023-04-03T20:55:58+00:00\" \/>\n<meta name=\"twitter:card\" content=\"summary_large_image\" \/>\n<meta name=\"twitter:label1\" content=\"Dur\u00e9e de lecture estim\u00e9e\" \/>\n\t<meta name=\"twitter:data1\" content=\"1 minute\" \/>\n<script type=\"application\/ld+json\" class=\"yoast-schema-graph\">{\"@context\":\"https:\/\/schema.org\",\"@graph\":[{\"@type\":\"WebPage\",\"@id\":\"https:\/\/luciaphone.ch\/fr\/paiement-et-envoi\/\",\"url\":\"https:\/\/luciaphone.ch\/fr\/paiement-et-envoi\/\",\"name\":\"Paiement et envoi &ndash; Lucia\",\"isPartOf\":{\"@id\":\"https:\/\/luciaphone.ch\/fr\/#website\"},\"datePublished\":\"2019-08-12T11:20:19+00:00\",\"dateModified\":\"2023-04-03T20:55:58+00:00\",\"breadcrumb\":{\"@id\":\"https:\/\/luciaphone.ch\/fr\/paiement-et-envoi\/#breadcrumb\"},\"inLanguage\":\"fr-FR\",\"potentialAction\":[{\"@type\":\"ReadAction\",\"target\":[\"https:\/\/luciaphone.ch\/fr\/paiement-et-envoi\/\"]}]},{\"@type\":\"BreadcrumbList\",\"@id\":\"https:\/\/luciaphone.ch\/fr\/paiement-et-envoi\/#breadcrumb\",\"itemListElement\":[{\"@type\":\"ListItem\",\"position\":1,\"name\":\"Home\",\"item\":\"https:\/\/luciaphone.ch\/fr\/\"},{\"@type\":\"ListItem\",\"position\":2,\"name\":\"Paiement et envoi\"}]},{\"@type\":\"WebSite\",\"@id\":\"https:\/\/luciaphone.ch\/fr\/#website\",\"url\":\"https:\/\/luciaphone.ch\/fr\/\",\"name\":\"Lucia\",\"description\":\"For Individuals Who Are Blind, Low Vision, Hard of Hearing or Seniors\",\"publisher\":{\"@id\":\"https:\/\/luciaphone.ch\/fr\/#organization\"},\"potentialAction\":[{\"@type\":\"SearchAction\",\"target\":{\"@type\":\"EntryPoint\",\"urlTemplate\":\"https:\/\/luciaphone.ch\/fr\/?s={search_term_string}\"},\"query-input\":\"required name=search_term_string\"}],\"inLanguage\":\"fr-FR\"},{\"@type\":\"Organization\",\"@id\":\"https:\/\/luciaphone.ch\/fr\/#organization\",\"name\":\"Lucia Phone\",\"alternateName\":\"Luciaphone\",\"url\":\"https:\/\/luciaphone.ch\/fr\/\",\"logo\":{\"@type\":\"ImageObject\",\"inLanguage\":\"fr-FR\",\"@id\":\"https:\/\/luciaphone.ch\/fr\/#\/schema\/logo\/image\/\",\"url\":\"https:\/\/luciaphone.ch\/wp-content\/uploads\/2019\/07\/lucia-logo-invoice.jpg\",\"contentUrl\":\"https:\/\/luciaphone.ch\/wp-content\/uploads\/2019\/07\/lucia-logo-invoice.jpg\",\"width\":300,\"height\":87,\"caption\":\"Lucia Phone\"},\"image\":{\"@id\":\"https:\/\/luciaphone.ch\/fr\/#\/schema\/logo\/image\/\"}}]}<\/script>\n<!-- \/ Yoast SEO plugin. -->","yoast_head_json":{"title":"Paiement et envoi &ndash; Lucia","robots":{"index":"index","follow":"follow","max-snippet":"max-snippet:-1","max-image-preview":"max-image-preview:large","max-video-preview":"max-video-preview:-1"},"canonical":"https:\/\/luciaphone.ch\/fr\/paiement-et-envoi\/","og_locale":"fr_FR","og_type":"article","og_title":"Paiement et envoi &ndash; Lucia","og_description":"Les conditions suivantes s&rsquo;appliquent: La livraison est effectu\u00e9e dans le monde entier. &nbsp; Frais d&rsquo;envoi (TVA incluse) Livraisons sur le territoire national (Suisse):\u00a0 Nous facturons les frais d&rsquo;envoi par forfait de 12,50 CHF par commande. Livraisons \u00e0 l&rsquo;\u00e9tranger: Nous facturons les frais d&rsquo;envoi \u00e0 l&rsquo;\u00e9tranger comme suit: UE : 25-60 EUR USA\/CAN : 40 USD&nbsp; &hellip; Read more","og_url":"https:\/\/luciaphone.ch\/fr\/paiement-et-envoi\/","og_site_name":"Lucia","article_modified_time":"2023-04-03T20:55:58+00:00","twitter_card":"summary_large_image","twitter_misc":{"Dur\u00e9e de lecture estim\u00e9e":"1 minute"},"schema":{"@context":"https:\/\/schema.org","@graph":[{"@type":"WebPage","@id":"https:\/\/luciaphone.ch\/fr\/paiement-et-envoi\/","url":"https:\/\/luciaphone.ch\/fr\/paiement-et-envoi\/","name":"Paiement et envoi &ndash; Lucia","isPartOf":{"@id":"https:\/\/luciaphone.ch\/fr\/#website"},"datePublished":"2019-08-12T11:20:19+00:00","dateModified":"2023-04-03T20:55:58+00:00","breadcrumb":{"@id":"https:\/\/luciaphone.ch\/fr\/paiement-et-envoi\/#breadcrumb"},"inLanguage":"fr-FR","potentialAction":[{"@type":"ReadAction","target":["https:\/\/luciaphone.ch\/fr\/paiement-et-envoi\/"]}]},{"@type":"BreadcrumbList","@id":"https:\/\/luciaphone.ch\/fr\/paiement-et-envoi\/#breadcrumb","itemListElement":[{"@type":"ListItem","position":1,"name":"Home","item":"https:\/\/luciaphone.ch\/fr\/"},{"@type":"ListItem","position":2,"name":"Paiement et envoi"}]},{"@type":"WebSite","@id":"https:\/\/luciaphone.ch\/fr\/#website","url":"https:\/\/luciaphone.ch\/fr\/","name":"Lucia","description":"For Individuals Who Are Blind, Low Vision, Hard of Hearing or Seniors","publisher":{"@id":"https:\/\/luciaphone.ch\/fr\/#organization"},"potentialAction":[{"@type":"SearchAction","target":{"@type":"EntryPoint","urlTemplate":"https:\/\/luciaphone.ch\/fr\/?s={search_term_string}"},"query-input":"required name=search_term_string"}],"inLanguage":"fr-FR"},{"@type":"Organization","@id":"https:\/\/luciaphone.ch\/fr\/#organization","name":"Lucia Phone","alternateName":"Luciaphone","url":"https:\/\/luciaphone.ch\/fr\/","logo":{"@type":"ImageObject","inLanguage":"fr-FR","@id":"https:\/\/luciaphone.ch\/fr\/#\/schema\/logo\/image\/","url":"https:\/\/luciaphone.ch\/wp-content\/uploads\/2019\/07\/lucia-logo-invoice.jpg","contentUrl":"https:\/\/luciaphone.ch\/wp-content\/uploads\/2019\/07\/lucia-logo-invoice.jpg","width":300,"height":87,"caption":"Lucia Phone"},"image":{"@id":"https:\/\/luciaphone.ch\/fr\/#\/schema\/logo\/image\/"}}]}},"_links":{"self":[{"href":"https:\/\/luciaphone.ch\/fr\/wp-json\/wp\/v2\/pages\/9781","targetHints":{"allow":["GET"]}}],"collection":[{"href":"https:\/\/luciaphone.ch\/fr\/wp-json\/wp\/v2\/pages"}],"about":[{"href":"https:\/\/luciaphone.ch\/fr\/wp-json\/wp\/v2\/types\/page"}],"author":[{"embeddable":true,"href":"https:\/\/luciaphone.ch\/fr\/wp-json\/wp\/v2\/users\/1"}],"replies":[{"embeddable":true,"href":"https:\/\/luciaphone.ch\/fr\/wp-json\/wp\/v2\/comments?post=9781"}],"version-history":[{"count":1,"href":"https:\/\/luciaphone.ch\/fr\/wp-json\/wp\/v2\/pages\/9781\/revisions"}],"predecessor-version":[{"id":14524,"href":"https:\/\/luciaphone.ch\/fr\/wp-json\/wp\/v2\/pages\/9781\/revisions\/14524"}],"wp:attachment":[{"href":"https:\/\/luciaphone.ch\/fr\/wp-json\/wp\/v2\/media?parent=9781"}],"curies":[{"name":"wp","href":"https:\/\/api.w.org\/{rel}","templated":true}]}}