{"id":14109,"date":"2021-10-06T18:35:48","date_gmt":"2021-10-06T18:35:56","guid":{"rendered":"https:\/\/luciaphone.ch\/?post_type=product&#038;p=14109"},"modified":"2023-05-23T22:25:34","modified_gmt":"2023-05-23T22:25:34","slug":"lucia-v2","status":"publish","type":"product","link":"https:\/\/luciaphone.ch\/fr\/shop\/lucia-v2\/","title":{"rendered":"Lucia V2"},"content":{"rendered":"","protected":false},"excerpt":{"rendered":"<p>T\u00e9l\u00e9phone mobile parlant aux fonctions avanc\u00e9es pour les personnes malvoyantes, aveugles, malentendantes, ou pour les personnes \u00e2g\u00e9es.<\/p>\r\n<p>Lucia est un t\u00e9l\u00e9phone mobile facile d\u2019utilisation qui permet aux personnes handicap\u00e9es de rester ind\u00e9pendantes.<\/p>\r\n<p>D\u00e9verrouill\u00e9 et utilisation confirm\u00e9e avec les r\u00e9seaux 4G (LTE), 3G (UMTS), 2G (GSM) compatibles.<\/p>\r\n<p>L&rsquo;ensemble contient un chargeur mural avec une prise sp\u00e9cifique \u00e0 la r\u00e9gion et un c\u00e2ble de chargement USB.<\/p>","protected":false},"featured_media":852,"template":"","meta":{"_monsterinsights_skip_tracking":false,"_monsterinsights_sitenote_active":false,"_monsterinsights_sitenote_note":"","_monsterinsights_sitenote_category":0},"product_cat":[106,61],"product_tag":[],"class_list":["post-14109","product","type-product","status-publish","has-post-thumbnail","hentry","product_cat-smartphone-fr","product_cat-uncategorized-fr","product_shipping_class-lucia-only"],"acf":[],"yoast_head":"<!-- This site is optimized with the Yoast SEO plugin v20.4 - https:\/\/yoast.com\/wordpress\/plugins\/seo\/ -->\n<title>Lucia V2 &ndash; Lucia<\/title>\n<meta name=\"description\" content=\"Lucia V2, t\u00e9l\u00e9phone mobile pour aveugles, malvoyants et seniors, prenant en charge la 4G (LTE), la 3G (UMTS), la 2G (GSM), la prise en charge du r\u00e9seau mondial\" \/>\n<meta name=\"robots\" content=\"index, follow, max-snippet:-1, max-image-preview:large, max-video-preview:-1\" \/>\n<link rel=\"canonical\" href=\"https:\/\/luciaphone.ch\/fr\/shop\/lucia-v2\/\" \/>\n<meta property=\"og:locale\" content=\"fr_FR\" \/>\n<meta property=\"og:type\" content=\"article\" \/>\n<meta property=\"og:title\" content=\"Lucia V2 &ndash; Lucia\" \/>\n<meta property=\"og:description\" content=\"Lucia V2, t\u00e9l\u00e9phone mobile pour aveugles, malvoyants et seniors, prenant en charge la 4G (LTE), la 3G (UMTS), la 2G (GSM), la prise en charge du r\u00e9seau mondial\" \/>\n<meta property=\"og:url\" content=\"https:\/\/luciaphone.ch\/fr\/shop\/lucia-v2\/\" \/>\n<meta property=\"og:site_name\" content=\"Lucia\" \/>\n<meta property=\"article:modified_time\" content=\"2023-05-23T22:25:34+00:00\" \/>\n<meta property=\"og:image\" content=\"https:\/\/luciaphone.ch\/wp-content\/uploads\/2018\/08\/Lucia-orange-front4-1000px2.jpg\" \/>\n\t<meta property=\"og:image:width\" content=\"1000\" \/>\n\t<meta property=\"og:image:height\" content=\"1000\" \/>\n\t<meta property=\"og:image:type\" content=\"image\/jpeg\" \/>\n<meta name=\"twitter:card\" content=\"summary_large_image\" \/>\n<script type=\"application\/ld+json\" class=\"yoast-schema-graph\">{\"@context\":\"https:\/\/schema.org\",\"@graph\":[{\"@type\":\"WebPage\",\"@id\":\"https:\/\/luciaphone.ch\/fr\/shop\/lucia-v2\/\",\"url\":\"https:\/\/luciaphone.ch\/fr\/shop\/lucia-v2\/\",\"name\":\"Lucia V2 &ndash; Lucia\",\"isPartOf\":{\"@id\":\"https:\/\/luciaphone.ch\/fr\/#website\"},\"datePublished\":\"2021-10-06T18:35:56+00:00\",\"dateModified\":\"2023-05-23T22:25:34+00:00\",\"description\":\"Lucia V2, t\u00e9l\u00e9phone mobile pour aveugles, malvoyants et seniors, prenant en charge la 4G (LTE), la 3G (UMTS), la 2G (GSM), la prise en charge du r\u00e9seau mondial\",\"breadcrumb\":{\"@id\":\"https:\/\/luciaphone.ch\/fr\/shop\/lucia-v2\/#breadcrumb\"},\"inLanguage\":\"fr-FR\",\"potentialAction\":[{\"@type\":\"ReadAction\",\"target\":[\"https:\/\/luciaphone.ch\/fr\/shop\/lucia-v2\/\"]}]},{\"@type\":\"BreadcrumbList\",\"@id\":\"https:\/\/luciaphone.ch\/fr\/shop\/lucia-v2\/#breadcrumb\",\"itemListElement\":[{\"@type\":\"ListItem\",\"position\":1,\"name\":\"Home\",\"item\":\"https:\/\/luciaphone.ch\/fr\/\"},{\"@type\":\"ListItem\",\"position\":2,\"name\":\"Shop\",\"item\":\"https:\/\/luciaphone.ch\/fr\/shop\/\"},{\"@type\":\"ListItem\",\"position\":3,\"name\":\"Lucia V2\"}]},{\"@type\":\"WebSite\",\"@id\":\"https:\/\/luciaphone.ch\/fr\/#website\",\"url\":\"https:\/\/luciaphone.ch\/fr\/\",\"name\":\"Lucia\",\"description\":\"For Individuals Who Are Blind, Low Vision, Hard of Hearing or Seniors\",\"publisher\":{\"@id\":\"https:\/\/luciaphone.ch\/fr\/#organization\"},\"potentialAction\":[{\"@type\":\"SearchAction\",\"target\":{\"@type\":\"EntryPoint\",\"urlTemplate\":\"https:\/\/luciaphone.ch\/fr\/?s={search_term_string}\"},\"query-input\":\"required name=search_term_string\"}],\"inLanguage\":\"fr-FR\"},{\"@type\":\"Organization\",\"@id\":\"https:\/\/luciaphone.ch\/fr\/#organization\",\"name\":\"Lucia Phone\",\"alternateName\":\"Luciaphone\",\"url\":\"https:\/\/luciaphone.ch\/fr\/\",\"logo\":{\"@type\":\"ImageObject\",\"inLanguage\":\"fr-FR\",\"@id\":\"https:\/\/luciaphone.ch\/fr\/#\/schema\/logo\/image\/\",\"url\":\"https:\/\/luciaphone.ch\/wp-content\/uploads\/2019\/07\/lucia-logo-invoice.jpg\",\"contentUrl\":\"https:\/\/luciaphone.ch\/wp-content\/uploads\/2019\/07\/lucia-logo-invoice.jpg\",\"width\":300,\"height\":87,\"caption\":\"Lucia Phone\"},\"image\":{\"@id\":\"https:\/\/luciaphone.ch\/fr\/#\/schema\/logo\/image\/\"}}]}<\/script>\n<!-- \/ Yoast SEO plugin. -->","yoast_head_json":{"title":"Lucia V2 &ndash; Lucia","description":"Lucia V2, t\u00e9l\u00e9phone mobile pour aveugles, malvoyants et seniors, prenant en charge la 4G (LTE), la 3G (UMTS), la 2G (GSM), la prise en charge du r\u00e9seau mondial","robots":{"index":"index","follow":"follow","max-snippet":"max-snippet:-1","max-image-preview":"max-image-preview:large","max-video-preview":"max-video-preview:-1"},"canonical":"https:\/\/luciaphone.ch\/fr\/shop\/lucia-v2\/","og_locale":"fr_FR","og_type":"article","og_title":"Lucia V2 &ndash; Lucia","og_description":"Lucia V2, t\u00e9l\u00e9phone mobile pour aveugles, malvoyants et seniors, prenant en charge la 4G (LTE), la 3G (UMTS), la 2G (GSM), la prise en charge du r\u00e9seau mondial","og_url":"https:\/\/luciaphone.ch\/fr\/shop\/lucia-v2\/","og_site_name":"Lucia","article_modified_time":"2023-05-23T22:25:34+00:00","og_image":[{"width":1000,"height":1000,"url":"https:\/\/luciaphone.ch\/wp-content\/uploads\/2018\/08\/Lucia-orange-front4-1000px2.jpg","type":"image\/jpeg"}],"twitter_card":"summary_large_image","schema":{"@context":"https:\/\/schema.org","@graph":[{"@type":"WebPage","@id":"https:\/\/luciaphone.ch\/fr\/shop\/lucia-v2\/","url":"https:\/\/luciaphone.ch\/fr\/shop\/lucia-v2\/","name":"Lucia V2 &ndash; Lucia","isPartOf":{"@id":"https:\/\/luciaphone.ch\/fr\/#website"},"datePublished":"2021-10-06T18:35:56+00:00","dateModified":"2023-05-23T22:25:34+00:00","description":"Lucia V2, t\u00e9l\u00e9phone mobile pour aveugles, malvoyants et seniors, prenant en charge la 4G (LTE), la 3G (UMTS), la 2G (GSM), la prise en charge du r\u00e9seau mondial","breadcrumb":{"@id":"https:\/\/luciaphone.ch\/fr\/shop\/lucia-v2\/#breadcrumb"},"inLanguage":"fr-FR","potentialAction":[{"@type":"ReadAction","target":["https:\/\/luciaphone.ch\/fr\/shop\/lucia-v2\/"]}]},{"@type":"BreadcrumbList","@id":"https:\/\/luciaphone.ch\/fr\/shop\/lucia-v2\/#breadcrumb","itemListElement":[{"@type":"ListItem","position":1,"name":"Home","item":"https:\/\/luciaphone.ch\/fr\/"},{"@type":"ListItem","position":2,"name":"Shop","item":"https:\/\/luciaphone.ch\/fr\/shop\/"},{"@type":"ListItem","position":3,"name":"Lucia V2"}]},{"@type":"WebSite","@id":"https:\/\/luciaphone.ch\/fr\/#website","url":"https:\/\/luciaphone.ch\/fr\/","name":"Lucia","description":"For Individuals Who Are Blind, Low Vision, Hard of Hearing or Seniors","publisher":{"@id":"https:\/\/luciaphone.ch\/fr\/#organization"},"potentialAction":[{"@type":"SearchAction","target":{"@type":"EntryPoint","urlTemplate":"https:\/\/luciaphone.ch\/fr\/?s={search_term_string}"},"query-input":"required name=search_term_string"}],"inLanguage":"fr-FR"},{"@type":"Organization","@id":"https:\/\/luciaphone.ch\/fr\/#organization","name":"Lucia Phone","alternateName":"Luciaphone","url":"https:\/\/luciaphone.ch\/fr\/","logo":{"@type":"ImageObject","inLanguage":"fr-FR","@id":"https:\/\/luciaphone.ch\/fr\/#\/schema\/logo\/image\/","url":"https:\/\/luciaphone.ch\/wp-content\/uploads\/2019\/07\/lucia-logo-invoice.jpg","contentUrl":"https:\/\/luciaphone.ch\/wp-content\/uploads\/2019\/07\/lucia-logo-invoice.jpg","width":300,"height":87,"caption":"Lucia Phone"},"image":{"@id":"https:\/\/luciaphone.ch\/fr\/#\/schema\/logo\/image\/"}}]}},"_links":{"self":[{"href":"https:\/\/luciaphone.ch\/fr\/wp-json\/wp\/v2\/product\/14109","targetHints":{"allow":["GET"]}}],"collection":[{"href":"https:\/\/luciaphone.ch\/fr\/wp-json\/wp\/v2\/product"}],"about":[{"href":"https:\/\/luciaphone.ch\/fr\/wp-json\/wp\/v2\/types\/product"}],"wp:featuredmedia":[{"embeddable":true,"href":"https:\/\/luciaphone.ch\/fr\/wp-json\/wp\/v2\/media\/852"}],"wp:attachment":[{"href":"https:\/\/luciaphone.ch\/fr\/wp-json\/wp\/v2\/media?parent=14109"}],"wp:term":[{"taxonomy":"product_cat","embeddable":true,"href":"https:\/\/luciaphone.ch\/fr\/wp-json\/wp\/v2\/product_cat?post=14109"},{"taxonomy":"product_tag","embeddable":true,"href":"https:\/\/luciaphone.ch\/fr\/wp-json\/wp\/v2\/product_tag?post=14109"}],"curies":[{"name":"wp","href":"https:\/\/api.w.org\/{rel}","templated":true}]}}