{"id":9556,"date":"2018-08-06T14:41:23","date_gmt":"2018-08-06T14:41:23","guid":{"rendered":"https:\/\/luciaphone.ch\/shop\/9556\/"},"modified":"2022-02-13T12:58:14","modified_gmt":"2022-02-13T12:58:14","slug":"chargeur-mural-pour-telephone-lucia-kit-de-voyage-avec-5-fiches-regionales","status":"publish","type":"product","link":"https:\/\/luciaphone.ch\/fr\/shop\/chargeur-mural-pour-telephone-lucia-kit-de-voyage-avec-5-fiches-regionales\/","title":{"rendered":"Chargeur mural pour t\u00e9l\u00e9phone Lucia<br \/>(kit de voyage avec 5\u00a0fiches r\u00e9gionales)"},"content":{"rendered":"<p>Chargez votre t\u00e9l\u00e9phone Lucia n\u2019importe o\u00f9 dans le monde\u00a0! Pour recharger sans risque, gr\u00e2ce au chargeur mural Lucia. Une autonomie de plusieurs jours en quelques heures seulement pour la batterie Lucia. Kit de voyage (compatible avec 5\u00a0types de prises secteur). C\u00e2ble USB-C vendu s\u00e9par\u00e9ment.<\/p>","protected":false},"excerpt":{"rendered":"<p>Le chargeur mural Lucia procure une autonomie de plusieurs jours en quelques heures seulement. Kit de voyage (compatible avec 5\u00a0types de prises secteur).<\/p>","protected":false},"featured_media":667,"template":"","meta":{"_monsterinsights_skip_tracking":false,"_monsterinsights_sitenote_active":false,"_monsterinsights_sitenote_note":"","_monsterinsights_sitenote_category":0},"product_cat":[61],"product_tag":[],"class_list":["post-9556","product","type-product","status-publish","has-post-thumbnail","hentry","product_cat-uncategorized-fr","product_shipping_class-accessories"],"acf":[],"yoast_head":"<!-- This site is optimized with the Yoast SEO plugin v20.4 - https:\/\/yoast.com\/wordpress\/plugins\/seo\/ -->\n<title>Chargeur mural pour t\u00e9l\u00e9phone Lucia(kit de voyage avec 5\u00a0fiches r\u00e9gionales) &ndash; Lucia<\/title>\n<meta name=\"robots\" content=\"index, follow, max-snippet:-1, max-image-preview:large, max-video-preview:-1\" \/>\n<link rel=\"canonical\" href=\"https:\/\/luciaphone.ch\/fr\/shop\/chargeur-mural-pour-telephone-lucia-kit-de-voyage-avec-5-fiches-regionales\/\" \/>\n<meta property=\"og:locale\" content=\"fr_FR\" \/>\n<meta property=\"og:type\" content=\"article\" \/>\n<meta property=\"og:title\" content=\"Chargeur mural pour t\u00e9l\u00e9phone Lucia(kit de voyage avec 5\u00a0fiches r\u00e9gionales) &ndash; Lucia\" \/>\n<meta property=\"og:description\" content=\"Le chargeur mural Lucia procure une autonomie de plusieurs jours en quelques heures seulement. Kit de voyage (compatible avec 5\u00a0types de prises secteur).\" \/>\n<meta property=\"og:url\" content=\"https:\/\/luciaphone.ch\/fr\/shop\/chargeur-mural-pour-telephone-lucia-kit-de-voyage-avec-5-fiches-regionales\/\" \/>\n<meta property=\"og:site_name\" content=\"Lucia\" \/>\n<meta property=\"article:modified_time\" content=\"2022-02-13T12:58:14+00:00\" \/>\n<meta property=\"og:image\" content=\"https:\/\/luciaphone.ch\/wp-content\/uploads\/2018\/08\/DSC8854-1.png\" \/>\n\t<meta property=\"og:image:width\" content=\"750\" \/>\n\t<meta property=\"og:image:height\" content=\"767\" \/>\n\t<meta property=\"og:image:type\" content=\"image\/png\" \/>\n<meta name=\"twitter:card\" content=\"summary_large_image\" \/>\n<script type=\"application\/ld+json\" class=\"yoast-schema-graph\">{\"@context\":\"https:\/\/schema.org\",\"@graph\":[{\"@type\":\"WebPage\",\"@id\":\"https:\/\/luciaphone.ch\/fr\/shop\/chargeur-mural-pour-telephone-lucia-kit-de-voyage-avec-5-fiches-regionales\/\",\"url\":\"https:\/\/luciaphone.ch\/fr\/shop\/chargeur-mural-pour-telephone-lucia-kit-de-voyage-avec-5-fiches-regionales\/\",\"name\":\"Chargeur mural pour t\u00e9l\u00e9phone Lucia (kit de voyage avec 5\u00a0fiches r\u00e9gionales) &ndash; Lucia\",\"isPartOf\":{\"@id\":\"https:\/\/luciaphone.ch\/fr\/#website\"},\"datePublished\":\"2018-08-06T14:41:23+00:00\",\"dateModified\":\"2022-02-13T12:58:14+00:00\",\"breadcrumb\":{\"@id\":\"https:\/\/luciaphone.ch\/fr\/shop\/chargeur-mural-pour-telephone-lucia-kit-de-voyage-avec-5-fiches-regionales\/#breadcrumb\"},\"inLanguage\":\"fr-FR\",\"potentialAction\":[{\"@type\":\"ReadAction\",\"target\":[\"https:\/\/luciaphone.ch\/fr\/shop\/chargeur-mural-pour-telephone-lucia-kit-de-voyage-avec-5-fiches-regionales\/\"]}]},{\"@type\":\"BreadcrumbList\",\"@id\":\"https:\/\/luciaphone.ch\/fr\/shop\/chargeur-mural-pour-telephone-lucia-kit-de-voyage-avec-5-fiches-regionales\/#breadcrumb\",\"itemListElement\":[{\"@type\":\"ListItem\",\"position\":1,\"name\":\"Home\",\"item\":\"https:\/\/luciaphone.ch\/fr\/\"},{\"@type\":\"ListItem\",\"position\":2,\"name\":\"Shop\",\"item\":\"https:\/\/luciaphone.ch\/fr\/shop\/\"},{\"@type\":\"ListItem\",\"position\":3,\"name\":\"Chargeur mural pour t\u00e9l\u00e9phone Lucia(kit de voyage avec 5\u00a0fiches r\u00e9gionales)\"}]},{\"@type\":\"WebSite\",\"@id\":\"https:\/\/luciaphone.ch\/fr\/#website\",\"url\":\"https:\/\/luciaphone.ch\/fr\/\",\"name\":\"Lucia\",\"description\":\"For Individuals Who Are Blind, Low Vision, Hard of Hearing or Seniors\",\"publisher\":{\"@id\":\"https:\/\/luciaphone.ch\/fr\/#organization\"},\"potentialAction\":[{\"@type\":\"SearchAction\",\"target\":{\"@type\":\"EntryPoint\",\"urlTemplate\":\"https:\/\/luciaphone.ch\/fr\/?s={search_term_string}\"},\"query-input\":\"required name=search_term_string\"}],\"inLanguage\":\"fr-FR\"},{\"@type\":\"Organization\",\"@id\":\"https:\/\/luciaphone.ch\/fr\/#organization\",\"name\":\"Lucia Phone\",\"alternateName\":\"Luciaphone\",\"url\":\"https:\/\/luciaphone.ch\/fr\/\",\"logo\":{\"@type\":\"ImageObject\",\"inLanguage\":\"fr-FR\",\"@id\":\"https:\/\/luciaphone.ch\/fr\/#\/schema\/logo\/image\/\",\"url\":\"https:\/\/luciaphone.ch\/wp-content\/uploads\/2019\/07\/lucia-logo-invoice.jpg\",\"contentUrl\":\"https:\/\/luciaphone.ch\/wp-content\/uploads\/2019\/07\/lucia-logo-invoice.jpg\",\"width\":300,\"height\":87,\"caption\":\"Lucia Phone\"},\"image\":{\"@id\":\"https:\/\/luciaphone.ch\/fr\/#\/schema\/logo\/image\/\"}}]}<\/script>\n<!-- \/ Yoast SEO plugin. -->","yoast_head_json":{"title":"Chargeur mural pour t\u00e9l\u00e9phone Lucia(kit de voyage avec 5\u00a0fiches r\u00e9gionales) &ndash; Lucia","robots":{"index":"index","follow":"follow","max-snippet":"max-snippet:-1","max-image-preview":"max-image-preview:large","max-video-preview":"max-video-preview:-1"},"canonical":"https:\/\/luciaphone.ch\/fr\/shop\/chargeur-mural-pour-telephone-lucia-kit-de-voyage-avec-5-fiches-regionales\/","og_locale":"fr_FR","og_type":"article","og_title":"Chargeur mural pour t\u00e9l\u00e9phone Lucia(kit de voyage avec 5\u00a0fiches r\u00e9gionales) &ndash; Lucia","og_description":"Le chargeur mural Lucia procure une autonomie de plusieurs jours en quelques heures seulement. Kit de voyage (compatible avec 5\u00a0types de prises secteur).","og_url":"https:\/\/luciaphone.ch\/fr\/shop\/chargeur-mural-pour-telephone-lucia-kit-de-voyage-avec-5-fiches-regionales\/","og_site_name":"Lucia","article_modified_time":"2022-02-13T12:58:14+00:00","og_image":[{"width":750,"height":767,"url":"https:\/\/luciaphone.ch\/wp-content\/uploads\/2018\/08\/DSC8854-1.png","type":"image\/png"}],"twitter_card":"summary_large_image","schema":{"@context":"https:\/\/schema.org","@graph":[{"@type":"WebPage","@id":"https:\/\/luciaphone.ch\/fr\/shop\/chargeur-mural-pour-telephone-lucia-kit-de-voyage-avec-5-fiches-regionales\/","url":"https:\/\/luciaphone.ch\/fr\/shop\/chargeur-mural-pour-telephone-lucia-kit-de-voyage-avec-5-fiches-regionales\/","name":"Chargeur mural pour t\u00e9l\u00e9phone Lucia (kit de voyage avec 5\u00a0fiches r\u00e9gionales) &ndash; Lucia","isPartOf":{"@id":"https:\/\/luciaphone.ch\/fr\/#website"},"datePublished":"2018-08-06T14:41:23+00:00","dateModified":"2022-02-13T12:58:14+00:00","breadcrumb":{"@id":"https:\/\/luciaphone.ch\/fr\/shop\/chargeur-mural-pour-telephone-lucia-kit-de-voyage-avec-5-fiches-regionales\/#breadcrumb"},"inLanguage":"fr-FR","potentialAction":[{"@type":"ReadAction","target":["https:\/\/luciaphone.ch\/fr\/shop\/chargeur-mural-pour-telephone-lucia-kit-de-voyage-avec-5-fiches-regionales\/"]}]},{"@type":"BreadcrumbList","@id":"https:\/\/luciaphone.ch\/fr\/shop\/chargeur-mural-pour-telephone-lucia-kit-de-voyage-avec-5-fiches-regionales\/#breadcrumb","itemListElement":[{"@type":"ListItem","position":1,"name":"Home","item":"https:\/\/luciaphone.ch\/fr\/"},{"@type":"ListItem","position":2,"name":"Shop","item":"https:\/\/luciaphone.ch\/fr\/shop\/"},{"@type":"ListItem","position":3,"name":"Chargeur mural pour t\u00e9l\u00e9phone Lucia(kit de voyage avec 5\u00a0fiches r\u00e9gionales)"}]},{"@type":"WebSite","@id":"https:\/\/luciaphone.ch\/fr\/#website","url":"https:\/\/luciaphone.ch\/fr\/","name":"Lucia","description":"For Individuals Who Are Blind, Low Vision, Hard of Hearing or Seniors","publisher":{"@id":"https:\/\/luciaphone.ch\/fr\/#organization"},"potentialAction":[{"@type":"SearchAction","target":{"@type":"EntryPoint","urlTemplate":"https:\/\/luciaphone.ch\/fr\/?s={search_term_string}"},"query-input":"required name=search_term_string"}],"inLanguage":"fr-FR"},{"@type":"Organization","@id":"https:\/\/luciaphone.ch\/fr\/#organization","name":"Lucia Phone","alternateName":"Luciaphone","url":"https:\/\/luciaphone.ch\/fr\/","logo":{"@type":"ImageObject","inLanguage":"fr-FR","@id":"https:\/\/luciaphone.ch\/fr\/#\/schema\/logo\/image\/","url":"https:\/\/luciaphone.ch\/wp-content\/uploads\/2019\/07\/lucia-logo-invoice.jpg","contentUrl":"https:\/\/luciaphone.ch\/wp-content\/uploads\/2019\/07\/lucia-logo-invoice.jpg","width":300,"height":87,"caption":"Lucia Phone"},"image":{"@id":"https:\/\/luciaphone.ch\/fr\/#\/schema\/logo\/image\/"}}]}},"_links":{"self":[{"href":"https:\/\/luciaphone.ch\/fr\/wp-json\/wp\/v2\/product\/9556","targetHints":{"allow":["GET"]}}],"collection":[{"href":"https:\/\/luciaphone.ch\/fr\/wp-json\/wp\/v2\/product"}],"about":[{"href":"https:\/\/luciaphone.ch\/fr\/wp-json\/wp\/v2\/types\/product"}],"wp:featuredmedia":[{"embeddable":true,"href":"https:\/\/luciaphone.ch\/fr\/wp-json\/wp\/v2\/media\/667"}],"wp:attachment":[{"href":"https:\/\/luciaphone.ch\/fr\/wp-json\/wp\/v2\/media?parent=9556"}],"wp:term":[{"taxonomy":"product_cat","embeddable":true,"href":"https:\/\/luciaphone.ch\/fr\/wp-json\/wp\/v2\/product_cat?post=9556"},{"taxonomy":"product_tag","embeddable":true,"href":"https:\/\/luciaphone.ch\/fr\/wp-json\/wp\/v2\/product_tag?post=9556"}],"curies":[{"name":"wp","href":"https:\/\/api.w.org\/{rel}","templated":true}]}}