{"id":9636,"date":"2018-08-06T14:44:49","date_gmt":"2018-08-06T14:44:49","guid":{"rendered":"https:\/\/luciaphone.ch\/shop\/ecouteurs\/"},"modified":"2019-08-08T13:37:33","modified_gmt":"2019-08-08T13:37:33","slug":"ecouteurs","status":"publish","type":"product","link":"https:\/\/luciaphone.ch\/fr\/shop\/ecouteurs\/","title":{"rendered":"\u00c9couteurs"},"content":{"rendered":"","protected":false},"excerpt":{"rendered":"<p>Le micro-casque ROVKING V5\u00a0offre une qualit\u00e9 audio qui se distingue par la dynamique, la performance et la pr\u00e9cision du son restitu\u00e9. Le micro-casque V5 est \u00e9quip\u00e9 d\u2019un microphone mobile et d\u2019un contr\u00f4leur. Il offre des aigus limpides et des basses parfaitement \u00e9quilibr\u00e9es. La prise audio plaqu\u00e9 or de 3,5\u00a0mm garantit elle aussi un son d\u2019une qualit\u00e9 in\u00e9gal\u00e9e. Le micro-casque ROVKING est livr\u00e9 avec 2\u00a0paires d\u2019embouts suppl\u00e9mentaires.<\/p>","protected":false},"featured_media":862,"template":"","meta":{"_monsterinsights_skip_tracking":false,"_monsterinsights_sitenote_active":false,"_monsterinsights_sitenote_note":"","_monsterinsights_sitenote_category":0},"product_cat":[61],"product_tag":[],"class_list":["post-9636","product","type-product","status-publish","has-post-thumbnail","hentry","product_cat-uncategorized-fr","product_shipping_class-accessories"],"acf":[],"yoast_head":"<!-- This site is optimized with the Yoast SEO plugin v20.4 - https:\/\/yoast.com\/wordpress\/plugins\/seo\/ -->\n<title>\u00c9couteurs &ndash; Lucia<\/title>\n<meta name=\"robots\" content=\"index, follow, max-snippet:-1, max-image-preview:large, max-video-preview:-1\" \/>\n<link rel=\"canonical\" href=\"https:\/\/luciaphone.ch\/fr\/shop\/ecouteurs\/\" \/>\n<meta property=\"og:locale\" content=\"fr_FR\" \/>\n<meta property=\"og:type\" content=\"article\" \/>\n<meta property=\"og:title\" content=\"\u00c9couteurs &ndash; Lucia\" \/>\n<meta property=\"og:description\" content=\"Le micro-casque ROVKING V5\u00a0offre une qualit\u00e9 audio qui se distingue par la dynamique, la performance et la pr\u00e9cision du son restitu\u00e9. Le micro-casque V5 est \u00e9quip\u00e9 d\u2019un microphone mobile et d\u2019un contr\u00f4leur. Il offre des aigus limpides et des basses parfaitement \u00e9quilibr\u00e9es. La prise audio plaqu\u00e9 or de 3,5\u00a0mm garantit elle aussi un son d\u2019une qualit\u00e9 in\u00e9gal\u00e9e. Le micro-casque ROVKING est livr\u00e9 avec 2\u00a0paires d\u2019embouts suppl\u00e9mentaires.\" \/>\n<meta property=\"og:url\" content=\"https:\/\/luciaphone.ch\/fr\/shop\/ecouteurs\/\" \/>\n<meta property=\"og:site_name\" content=\"Lucia\" \/>\n<meta property=\"article:modified_time\" content=\"2019-08-08T13:37:33+00:00\" \/>\n<meta property=\"og:image\" content=\"https:\/\/luciaphone.ch\/wp-content\/uploads\/2018\/08\/Lucia_Earphones.jpg\" \/>\n\t<meta property=\"og:image:width\" content=\"1100\" \/>\n\t<meta property=\"og:image:height\" content=\"1100\" \/>\n\t<meta property=\"og:image:type\" content=\"image\/jpeg\" \/>\n<meta name=\"twitter:card\" content=\"summary_large_image\" \/>\n<script type=\"application\/ld+json\" class=\"yoast-schema-graph\">{\"@context\":\"https:\/\/schema.org\",\"@graph\":[{\"@type\":\"WebPage\",\"@id\":\"https:\/\/luciaphone.ch\/fr\/shop\/ecouteurs\/\",\"url\":\"https:\/\/luciaphone.ch\/fr\/shop\/ecouteurs\/\",\"name\":\"\u00c9couteurs &ndash; Lucia\",\"isPartOf\":{\"@id\":\"https:\/\/luciaphone.ch\/fr\/#website\"},\"datePublished\":\"2018-08-06T14:44:49+00:00\",\"dateModified\":\"2019-08-08T13:37:33+00:00\",\"breadcrumb\":{\"@id\":\"https:\/\/luciaphone.ch\/fr\/shop\/ecouteurs\/#breadcrumb\"},\"inLanguage\":\"fr-FR\",\"potentialAction\":[{\"@type\":\"ReadAction\",\"target\":[\"https:\/\/luciaphone.ch\/fr\/shop\/ecouteurs\/\"]}]},{\"@type\":\"BreadcrumbList\",\"@id\":\"https:\/\/luciaphone.ch\/fr\/shop\/ecouteurs\/#breadcrumb\",\"itemListElement\":[{\"@type\":\"ListItem\",\"position\":1,\"name\":\"Home\",\"item\":\"https:\/\/luciaphone.ch\/fr\/\"},{\"@type\":\"ListItem\",\"position\":2,\"name\":\"Shop\",\"item\":\"https:\/\/luciaphone.ch\/fr\/shop\/\"},{\"@type\":\"ListItem\",\"position\":3,\"name\":\"\u00c9couteurs\"}]},{\"@type\":\"WebSite\",\"@id\":\"https:\/\/luciaphone.ch\/fr\/#website\",\"url\":\"https:\/\/luciaphone.ch\/fr\/\",\"name\":\"Lucia\",\"description\":\"For Individuals Who Are Blind, Low Vision, Hard of Hearing or Seniors\",\"publisher\":{\"@id\":\"https:\/\/luciaphone.ch\/fr\/#organization\"},\"potentialAction\":[{\"@type\":\"SearchAction\",\"target\":{\"@type\":\"EntryPoint\",\"urlTemplate\":\"https:\/\/luciaphone.ch\/fr\/?s={search_term_string}\"},\"query-input\":\"required name=search_term_string\"}],\"inLanguage\":\"fr-FR\"},{\"@type\":\"Organization\",\"@id\":\"https:\/\/luciaphone.ch\/fr\/#organization\",\"name\":\"Lucia Phone\",\"alternateName\":\"Luciaphone\",\"url\":\"https:\/\/luciaphone.ch\/fr\/\",\"logo\":{\"@type\":\"ImageObject\",\"inLanguage\":\"fr-FR\",\"@id\":\"https:\/\/luciaphone.ch\/fr\/#\/schema\/logo\/image\/\",\"url\":\"https:\/\/luciaphone.ch\/wp-content\/uploads\/2019\/07\/lucia-logo-invoice.jpg\",\"contentUrl\":\"https:\/\/luciaphone.ch\/wp-content\/uploads\/2019\/07\/lucia-logo-invoice.jpg\",\"width\":300,\"height\":87,\"caption\":\"Lucia Phone\"},\"image\":{\"@id\":\"https:\/\/luciaphone.ch\/fr\/#\/schema\/logo\/image\/\"}}]}<\/script>\n<!-- \/ Yoast SEO plugin. -->","yoast_head_json":{"title":"\u00c9couteurs &ndash; Lucia","robots":{"index":"index","follow":"follow","max-snippet":"max-snippet:-1","max-image-preview":"max-image-preview:large","max-video-preview":"max-video-preview:-1"},"canonical":"https:\/\/luciaphone.ch\/fr\/shop\/ecouteurs\/","og_locale":"fr_FR","og_type":"article","og_title":"\u00c9couteurs &ndash; Lucia","og_description":"Le micro-casque ROVKING V5\u00a0offre une qualit\u00e9 audio qui se distingue par la dynamique, la performance et la pr\u00e9cision du son restitu\u00e9. Le micro-casque V5 est \u00e9quip\u00e9 d\u2019un microphone mobile et d\u2019un contr\u00f4leur. Il offre des aigus limpides et des basses parfaitement \u00e9quilibr\u00e9es. La prise audio plaqu\u00e9 or de 3,5\u00a0mm garantit elle aussi un son d\u2019une qualit\u00e9 in\u00e9gal\u00e9e. Le micro-casque ROVKING est livr\u00e9 avec 2\u00a0paires d\u2019embouts suppl\u00e9mentaires.","og_url":"https:\/\/luciaphone.ch\/fr\/shop\/ecouteurs\/","og_site_name":"Lucia","article_modified_time":"2019-08-08T13:37:33+00:00","og_image":[{"width":1100,"height":1100,"url":"https:\/\/luciaphone.ch\/wp-content\/uploads\/2018\/08\/Lucia_Earphones.jpg","type":"image\/jpeg"}],"twitter_card":"summary_large_image","schema":{"@context":"https:\/\/schema.org","@graph":[{"@type":"WebPage","@id":"https:\/\/luciaphone.ch\/fr\/shop\/ecouteurs\/","url":"https:\/\/luciaphone.ch\/fr\/shop\/ecouteurs\/","name":"\u00c9couteurs &ndash; Lucia","isPartOf":{"@id":"https:\/\/luciaphone.ch\/fr\/#website"},"datePublished":"2018-08-06T14:44:49+00:00","dateModified":"2019-08-08T13:37:33+00:00","breadcrumb":{"@id":"https:\/\/luciaphone.ch\/fr\/shop\/ecouteurs\/#breadcrumb"},"inLanguage":"fr-FR","potentialAction":[{"@type":"ReadAction","target":["https:\/\/luciaphone.ch\/fr\/shop\/ecouteurs\/"]}]},{"@type":"BreadcrumbList","@id":"https:\/\/luciaphone.ch\/fr\/shop\/ecouteurs\/#breadcrumb","itemListElement":[{"@type":"ListItem","position":1,"name":"Home","item":"https:\/\/luciaphone.ch\/fr\/"},{"@type":"ListItem","position":2,"name":"Shop","item":"https:\/\/luciaphone.ch\/fr\/shop\/"},{"@type":"ListItem","position":3,"name":"\u00c9couteurs"}]},{"@type":"WebSite","@id":"https:\/\/luciaphone.ch\/fr\/#website","url":"https:\/\/luciaphone.ch\/fr\/","name":"Lucia","description":"For Individuals Who Are Blind, Low Vision, Hard of Hearing or Seniors","publisher":{"@id":"https:\/\/luciaphone.ch\/fr\/#organization"},"potentialAction":[{"@type":"SearchAction","target":{"@type":"EntryPoint","urlTemplate":"https:\/\/luciaphone.ch\/fr\/?s={search_term_string}"},"query-input":"required name=search_term_string"}],"inLanguage":"fr-FR"},{"@type":"Organization","@id":"https:\/\/luciaphone.ch\/fr\/#organization","name":"Lucia Phone","alternateName":"Luciaphone","url":"https:\/\/luciaphone.ch\/fr\/","logo":{"@type":"ImageObject","inLanguage":"fr-FR","@id":"https:\/\/luciaphone.ch\/fr\/#\/schema\/logo\/image\/","url":"https:\/\/luciaphone.ch\/wp-content\/uploads\/2019\/07\/lucia-logo-invoice.jpg","contentUrl":"https:\/\/luciaphone.ch\/wp-content\/uploads\/2019\/07\/lucia-logo-invoice.jpg","width":300,"height":87,"caption":"Lucia Phone"},"image":{"@id":"https:\/\/luciaphone.ch\/fr\/#\/schema\/logo\/image\/"}}]}},"_links":{"self":[{"href":"https:\/\/luciaphone.ch\/fr\/wp-json\/wp\/v2\/product\/9636","targetHints":{"allow":["GET"]}}],"collection":[{"href":"https:\/\/luciaphone.ch\/fr\/wp-json\/wp\/v2\/product"}],"about":[{"href":"https:\/\/luciaphone.ch\/fr\/wp-json\/wp\/v2\/types\/product"}],"wp:featuredmedia":[{"embeddable":true,"href":"https:\/\/luciaphone.ch\/fr\/wp-json\/wp\/v2\/media\/862"}],"wp:attachment":[{"href":"https:\/\/luciaphone.ch\/fr\/wp-json\/wp\/v2\/media?parent=9636"}],"wp:term":[{"taxonomy":"product_cat","embeddable":true,"href":"https:\/\/luciaphone.ch\/fr\/wp-json\/wp\/v2\/product_cat?post=9636"},{"taxonomy":"product_tag","embeddable":true,"href":"https:\/\/luciaphone.ch\/fr\/wp-json\/wp\/v2\/product_tag?post=9636"}],"curies":[{"name":"wp","href":"https:\/\/api.w.org\/{rel}","templated":true}]}}