{"id":9775,"date":"2019-08-12T11:18:44","date_gmt":"2019-08-12T11:18:44","guid":{"rendered":"https:\/\/luciaphone.ch\/diritto-di-recesso-per-consumatori\/"},"modified":"2023-12-18T13:37:35","modified_gmt":"2023-12-18T13:37:35","slug":"diritto-di-recesso-per-consumatori","status":"publish","type":"page","link":"https:\/\/luciaphone.ch\/it\/diritto-di-recesso-per-consumatori\/","title":{"rendered":"Diritto di recesso per consumatori"},"content":{"rendered":"<p><span style=\"font-size: 14px;\">(Il consumatore \u00e8 qualsiasi persona fisica che conclude un negozio giuridico per scopi che non possono essere attribuiti alla sua attivit\u00e0 professionale n\u00e8 commerciale n\u00e8 autonoma.)<\/span><\/p>\r\n<p><span style=\"font-size: 16px;\"><strong>Informativa sul diritto di recesso<\/strong><\/span><\/p>\r\n<p><span style=\"font-size: 14px;\"><strong>Diritto di recesso<\/strong><br \/>\r\nIl presente contratto pu\u00f2 essere rescisso entro 14 giorni senza obbligo di specificarne i motivi.<br \/>\r\nIl termine di revoca \u00e8 di 14 giorni a partire dalla data<\/span><\/p>\r\n<p><span style=\"font-size: 14px;\">&#8211; in cui voi o un terzo da voi nominato, che non \u00e8 il trasportatore, avete o ha preso in consegna la merce, qualora abbiate ordinato una o pi\u00f9 merci nell&#8217;ambito di un ordine unico e queste merci vengano consegnate in un unica fornitura;<\/span><\/p>\r\n<p><span style=\"font-size: 14px;\"><span style=\"font-size: 14px;\">&#8211; <\/span>in cui voi o un terzo da voi nominato, che non \u00e8 il trasportatore, avete o ha preso in consegna l&#8217;ultima merce, qualora abbiate ordinato pi\u00f9 merci nell&#8217;ambito di un ordine unico e queste vengano consegnate separatamente;<\/span><\/p>\r\n<p><span style=\"font-size: 14px;\">Per esercitare il suo diritto di recesso, l\u2019utente \u00e8 tenuto a informarci <strong>(Antarus AG, Bahnstrasse 1 \/ HTC 2, CH-8274 Taegerwilen, Svizzera, Numero di telefono: +41 71 250 00 01, Indirizzo E-Mail: service@luciaphone.com<\/strong>) della sua intenzione di recedere dal presente contratto tramite una dichiarazione chiara (ad esempio una lettera inviata per posta o un&#8217;e-mail). A tal fine, \u00e8 anche possibile utilizzare il modulo di revoca allegato (ma non \u00e8 obbligatorio).<\/span><\/p>\r\n<p><span style=\"font-size: 14px;\">Al fine dell&#8217;osservanza del termine di revoca \u00e8 sufficiente che la comunicazione relativa all&#8217;esercizio del diritto di recesso venga spedita prima della scadenza del termine di revoca.<\/span><\/p>\r\n<p><span style=\"font-size: 14px;\"><strong>Conseguenze del recesso<\/strong><br \/>\r\n\u00a0<br \/>\r\nQualora rescindiate il presente contratto, abbiamo l&#8217;obbligo di restituirvi tutti i pagamenti che abbiamo ricevuto da voi, comprese le spese di spedizione (eccetto i costi aggiuntivi che risultano dal fatto che abbiate scelto un termine di consegna diverso dalla consegna standard pi\u00f9 vantaggiosa da noi offerta), immediatamente e al pi\u00f9 tardi entro 14 giorni dalla data in cui ci \u00e8 pervenuta la comunicazione relativa alla vostra revoca del presente contratto. Per questa restituzione utilizziamo la stessa modalit\u00e0 di pagamento che avete usato al momento della transazione originaria, salvo diversamente concordato esplicitamente; in nessun caso vi verranno addebitati costi per tale restituzione.<\/span><\/p>\r\n<p><span style=\"font-size: 14px;\">Noi possiamo rifiutare di restituire il pagamento fino a quando abbiamo ricevuto la merce oppure fino a quando ci portate la prova che avete spedito indietro la merce, a seconda di qual \u00e8 il momento antecedente.<\/span><\/p>\r\n<p><span style=\"font-size: 14px;\">Voi dovete spedirci o consegnarci la merce immediatamente e in ogni caso al pi\u00f9 tardi entro 14 giorni a partire dalla data in cui ci informate circa la revoca del presente contratto <\/span><span style=\"font-size: 14px;\">. Il termine viene concesso se spedite la merce prima della scadenza del termine di 14 giorni.<\/span><\/p>\r\n<p><span style=\"font-size: 14px;\">Voi assumete i costi indiretti della restituzione delle merci.<\/span><\/p>\r\n<p><span style=\"font-size: 14px;\">Voi siete responsabili per eventuali perdite di valore delle merci, solo se tale perdita \u00e8 riconducibile un trattamento delle stesse non necessario al fine del controllo della consistenza, delle caratteristiche e della modalit\u00e0 di funzionamento.<\/span><\/p>\r\n<p><span style=\"font-size: 14px;\"><strong>Motivi di esclusione o cancellazione<\/strong><\/span><\/p>\r\n<p>Il diritto di revoca non \u00e8 previsto per contratti<\/p>\r\n<ul>\r\n\t<li><span style=\"font-size: 14px;\">relativi alla fornitura di merci che non sono prefabbricate e per la produzione delle quali \u00e8 determinante una scelta o determinazione individuale da parte del consumatore oppure che sono evidentemente adattate alle esigenze personali del consumatore;<\/span><\/li>\r\n\t<li><span style=\"font-size: 14px;\">relativi alla fornitura di merci che si deteriorano rapidamente o la cui data di scadenza verrebbe rapidamente superata;<\/span><\/li>\r\n\t<li><span style=\"font-size: 14px;\">relativi a bevande alcoliche il cui presso \u00e8 stato concordato al momento della stipula del contratto, ma che potrebbero essere consegnate al pi\u00f9 presto\u00a0 30 giorni dalla data della stipula del contratto e il valore attuale delle quali dipende dalle oscillazioni sul mercato sulle quali l&#8217;imprenditore non ha influsso;<\/span><\/li>\r\n\t<li><span style=\"font-size: 14px;\">relativi alla fornitura di giornali, riviste o illustrati, ad eccezione di contratti di abbonamento.<\/span><\/li>\r\n<\/ul>\r\n<p><span style=\"font-size: 14px;\">Il diritto di revoca decade prima del tempo per contratti<\/span><\/p>\r\n<ul>\r\n\t<li><span style=\"font-size: 14px;\"><span style=\"font-size: 14px;\">relativi alla fornitura di merci che, per motivi della tutela della salute o di igiene, non sono adatti alla restituzione, se il sigillo \u00e8 stato rimosso dopo la consegna;<\/span><\/span><\/li>\r\n\t<li><span style=\"font-size: 14px;\"><span style=\"font-size: 14px;\">relativi alla fornitura di merci, se questi dopo la consegna sono stati mischiati con altri beni in modo inseparabile a causa della loro consistenza;<\/span><\/span><\/li>\r\n\t<li><span style=\"font-size: 14px;\"><span style=\"font-size: 14px;\">relativi alla fornitura di registrazioni audio o video o software di computer in una confezione sigillata, se il sigillo \u00e8 stato rimosso dopo la consegna.<\/span><\/span><\/li>\r\n<\/ul>\r\n<hr \/>\r\n<p><span style=\"font-size: 14px;\"><strong>Fac simile modello di revoca<\/strong><\/span><\/p>\r\n<p>(Qualora desideriate rescindere il contratto, vi preghiamo di restituire il presente modulo debitamente compilato.)<\/p>\r\n<div><span style=\"font-size: 14px;\">&#8211; Alla Antarus AG, Bahnstrasse 1 \/ HTC 2, CH-8274 Taegerwilen, Svizzera, Indirizzo e-mail: service@luciaphone.com :<\/span><\/div>\r\n<div>\u00a0<\/div>\r\n<p><span style=\"font-size: 14px;\">&#8211; Con la presente io sottoscritto\/noi sottoscritti rescindo\/rescindiamo il contratto da me\/da noi stipulato in relazione all&#8217;acquisto delle seguenti merci (*)\/<br \/>\r\n\u00a0 all&#8217;esecuzione dei seguenti servizi (*)<\/span><\/p>\r\n<p>&#8211; Ordinati il (*)\/ ricevuti il (*)<\/p>\r\n<p>&#8211; Nome del consumatore<br \/>\r\n&#8211; Indirizzo del consumatore<br \/>\r\n&#8211; Firma del consumatore (solo in caso di comunicazione cartacea)<br \/>\r\n&#8211; Data<\/p>\r\n<p>(*) Sbarrare le indicazioni non corrispondenti.<\/p>","protected":false},"excerpt":{"rendered":"(Il consumatore \u00e8 qualsiasi persona fisica che conclude un negozio giuridico per scopi che non possono essere attribuiti alla sua attivit\u00e0 professionale n\u00e8 commerciale n\u00e8 autonoma.) Informativa sul diritto di recesso Diritto di recesso Il presente contratto pu\u00f2 essere rescisso entro 14 giorni senza obbligo di specificarne i motivi. Il termine di revoca \u00e8 di&nbsp; <a href=\"https:\/\/luciaphone.ch\/it\/diritto-di-recesso-per-consumatori\/\">&hellip; Read more <i class=\"glyphicon glyphicon-arrow-right\"><\/i><\/a><\/p>","protected":false},"author":1,"featured_media":0,"parent":0,"menu_order":0,"comment_status":"closed","ping_status":"closed","template":"","meta":{"_monsterinsights_skip_tracking":false,"_monsterinsights_sitenote_active":false,"_monsterinsights_sitenote_note":"","_monsterinsights_sitenote_category":0,"footnotes":""},"class_list":["post-9775","page","type-page","status-publish","hentry"],"acf":[],"yoast_head":"<!-- This site is optimized with the Yoast SEO plugin v20.4 - https:\/\/yoast.com\/wordpress\/plugins\/seo\/ -->\n<title>Diritto di recesso per consumatori &ndash; Lucia<\/title>\n<meta name=\"robots\" content=\"index, follow, max-snippet:-1, max-image-preview:large, max-video-preview:-1\" \/>\n<link rel=\"canonical\" href=\"https:\/\/luciaphone.ch\/it\/diritto-di-recesso-per-consumatori\/\" \/>\n<meta property=\"og:locale\" content=\"it_IT\" \/>\n<meta property=\"og:type\" content=\"article\" \/>\n<meta property=\"og:title\" content=\"Diritto di recesso per consumatori &ndash; Lucia\" \/>\n<meta property=\"og:description\" content=\"(Il consumatore \u00e8 qualsiasi persona fisica che conclude un negozio giuridico per scopi che non possono essere attribuiti alla sua attivit\u00e0 professionale n\u00e8 commerciale n\u00e8 autonoma.) Informativa sul diritto di recesso Diritto di recesso Il presente contratto pu\u00f2 essere rescisso entro 14 giorni senza obbligo di specificarne i motivi. Il termine di revoca \u00e8 di&nbsp; &hellip; Read more\" \/>\n<meta property=\"og:url\" content=\"https:\/\/luciaphone.ch\/it\/diritto-di-recesso-per-consumatori\/\" \/>\n<meta property=\"og:site_name\" content=\"Lucia\" \/>\n<meta property=\"article:modified_time\" content=\"2023-12-18T13:37:35+00:00\" \/>\n<meta name=\"twitter:card\" content=\"summary_large_image\" \/>\n<meta name=\"twitter:label1\" content=\"Tempo di lettura stimato\" \/>\n\t<meta name=\"twitter:data1\" content=\"4 minuti\" \/>\n<script type=\"application\/ld+json\" class=\"yoast-schema-graph\">{\"@context\":\"https:\/\/schema.org\",\"@graph\":[{\"@type\":\"WebPage\",\"@id\":\"https:\/\/luciaphone.ch\/it\/diritto-di-recesso-per-consumatori\/\",\"url\":\"https:\/\/luciaphone.ch\/it\/diritto-di-recesso-per-consumatori\/\",\"name\":\"Diritto di recesso per consumatori &ndash; Lucia\",\"isPartOf\":{\"@id\":\"https:\/\/luciaphone.ch\/it\/#website\"},\"datePublished\":\"2019-08-12T11:18:44+00:00\",\"dateModified\":\"2023-12-18T13:37:35+00:00\",\"breadcrumb\":{\"@id\":\"https:\/\/luciaphone.ch\/it\/diritto-di-recesso-per-consumatori\/#breadcrumb\"},\"inLanguage\":\"it-IT\",\"potentialAction\":[{\"@type\":\"ReadAction\",\"target\":[\"https:\/\/luciaphone.ch\/it\/diritto-di-recesso-per-consumatori\/\"]}]},{\"@type\":\"BreadcrumbList\",\"@id\":\"https:\/\/luciaphone.ch\/it\/diritto-di-recesso-per-consumatori\/#breadcrumb\",\"itemListElement\":[{\"@type\":\"ListItem\",\"position\":1,\"name\":\"Home\",\"item\":\"https:\/\/luciaphone.ch\/it\/\"},{\"@type\":\"ListItem\",\"position\":2,\"name\":\"Diritto di recesso per consumatori\"}]},{\"@type\":\"WebSite\",\"@id\":\"https:\/\/luciaphone.ch\/it\/#website\",\"url\":\"https:\/\/luciaphone.ch\/it\/\",\"name\":\"Lucia\",\"description\":\"For Individuals Who Are Blind, Low Vision, Hard of Hearing or Seniors\",\"publisher\":{\"@id\":\"https:\/\/luciaphone.ch\/it\/#organization\"},\"potentialAction\":[{\"@type\":\"SearchAction\",\"target\":{\"@type\":\"EntryPoint\",\"urlTemplate\":\"https:\/\/luciaphone.ch\/it\/?s={search_term_string}\"},\"query-input\":\"required name=search_term_string\"}],\"inLanguage\":\"it-IT\"},{\"@type\":\"Organization\",\"@id\":\"https:\/\/luciaphone.ch\/it\/#organization\",\"name\":\"Lucia Phone\",\"alternateName\":\"Luciaphone\",\"url\":\"https:\/\/luciaphone.ch\/it\/\",\"logo\":{\"@type\":\"ImageObject\",\"inLanguage\":\"it-IT\",\"@id\":\"https:\/\/luciaphone.ch\/it\/#\/schema\/logo\/image\/\",\"url\":\"https:\/\/luciaphone.ch\/wp-content\/uploads\/2019\/07\/lucia-logo-invoice.jpg\",\"contentUrl\":\"https:\/\/luciaphone.ch\/wp-content\/uploads\/2019\/07\/lucia-logo-invoice.jpg\",\"width\":300,\"height\":87,\"caption\":\"Lucia Phone\"},\"image\":{\"@id\":\"https:\/\/luciaphone.ch\/it\/#\/schema\/logo\/image\/\"}}]}<\/script>\n<!-- \/ Yoast SEO plugin. -->","yoast_head_json":{"title":"Diritto di recesso per consumatori &ndash; Lucia","robots":{"index":"index","follow":"follow","max-snippet":"max-snippet:-1","max-image-preview":"max-image-preview:large","max-video-preview":"max-video-preview:-1"},"canonical":"https:\/\/luciaphone.ch\/it\/diritto-di-recesso-per-consumatori\/","og_locale":"it_IT","og_type":"article","og_title":"Diritto di recesso per consumatori &ndash; Lucia","og_description":"(Il consumatore \u00e8 qualsiasi persona fisica che conclude un negozio giuridico per scopi che non possono essere attribuiti alla sua attivit\u00e0 professionale n\u00e8 commerciale n\u00e8 autonoma.) Informativa sul diritto di recesso Diritto di recesso Il presente contratto pu\u00f2 essere rescisso entro 14 giorni senza obbligo di specificarne i motivi. Il termine di revoca \u00e8 di&nbsp; &hellip; Read more","og_url":"https:\/\/luciaphone.ch\/it\/diritto-di-recesso-per-consumatori\/","og_site_name":"Lucia","article_modified_time":"2023-12-18T13:37:35+00:00","twitter_card":"summary_large_image","twitter_misc":{"Tempo di lettura stimato":"4 minuti"},"schema":{"@context":"https:\/\/schema.org","@graph":[{"@type":"WebPage","@id":"https:\/\/luciaphone.ch\/it\/diritto-di-recesso-per-consumatori\/","url":"https:\/\/luciaphone.ch\/it\/diritto-di-recesso-per-consumatori\/","name":"Diritto di recesso per consumatori &ndash; Lucia","isPartOf":{"@id":"https:\/\/luciaphone.ch\/it\/#website"},"datePublished":"2019-08-12T11:18:44+00:00","dateModified":"2023-12-18T13:37:35+00:00","breadcrumb":{"@id":"https:\/\/luciaphone.ch\/it\/diritto-di-recesso-per-consumatori\/#breadcrumb"},"inLanguage":"it-IT","potentialAction":[{"@type":"ReadAction","target":["https:\/\/luciaphone.ch\/it\/diritto-di-recesso-per-consumatori\/"]}]},{"@type":"BreadcrumbList","@id":"https:\/\/luciaphone.ch\/it\/diritto-di-recesso-per-consumatori\/#breadcrumb","itemListElement":[{"@type":"ListItem","position":1,"name":"Home","item":"https:\/\/luciaphone.ch\/it\/"},{"@type":"ListItem","position":2,"name":"Diritto di recesso per consumatori"}]},{"@type":"WebSite","@id":"https:\/\/luciaphone.ch\/it\/#website","url":"https:\/\/luciaphone.ch\/it\/","name":"Lucia","description":"For Individuals Who Are Blind, Low Vision, Hard of Hearing or Seniors","publisher":{"@id":"https:\/\/luciaphone.ch\/it\/#organization"},"potentialAction":[{"@type":"SearchAction","target":{"@type":"EntryPoint","urlTemplate":"https:\/\/luciaphone.ch\/it\/?s={search_term_string}"},"query-input":"required name=search_term_string"}],"inLanguage":"it-IT"},{"@type":"Organization","@id":"https:\/\/luciaphone.ch\/it\/#organization","name":"Lucia Phone","alternateName":"Luciaphone","url":"https:\/\/luciaphone.ch\/it\/","logo":{"@type":"ImageObject","inLanguage":"it-IT","@id":"https:\/\/luciaphone.ch\/it\/#\/schema\/logo\/image\/","url":"https:\/\/luciaphone.ch\/wp-content\/uploads\/2019\/07\/lucia-logo-invoice.jpg","contentUrl":"https:\/\/luciaphone.ch\/wp-content\/uploads\/2019\/07\/lucia-logo-invoice.jpg","width":300,"height":87,"caption":"Lucia Phone"},"image":{"@id":"https:\/\/luciaphone.ch\/it\/#\/schema\/logo\/image\/"}}]}},"_links":{"self":[{"href":"https:\/\/luciaphone.ch\/it\/wp-json\/wp\/v2\/pages\/9775","targetHints":{"allow":["GET"]}}],"collection":[{"href":"https:\/\/luciaphone.ch\/it\/wp-json\/wp\/v2\/pages"}],"about":[{"href":"https:\/\/luciaphone.ch\/it\/wp-json\/wp\/v2\/types\/page"}],"author":[{"embeddable":true,"href":"https:\/\/luciaphone.ch\/it\/wp-json\/wp\/v2\/users\/1"}],"replies":[{"embeddable":true,"href":"https:\/\/luciaphone.ch\/it\/wp-json\/wp\/v2\/comments?post=9775"}],"version-history":[{"count":3,"href":"https:\/\/luciaphone.ch\/it\/wp-json\/wp\/v2\/pages\/9775\/revisions"}],"predecessor-version":[{"id":14643,"href":"https:\/\/luciaphone.ch\/it\/wp-json\/wp\/v2\/pages\/9775\/revisions\/14643"}],"wp:attachment":[{"href":"https:\/\/luciaphone.ch\/it\/wp-json\/wp\/v2\/media?parent=9775"}],"curies":[{"name":"wp","href":"https:\/\/api.w.org\/{rel}","templated":true}]}}